{"id":243765,"date":"2026-01-02T23:00:01","date_gmt":"2026-01-02T20:00:01","guid":{"rendered":"https:\/\/baldumarket.lt\/product\/szafka-bella-cashmere-80-cm-z-umywalka-fly\/"},"modified":"2026-02-11T18:33:40","modified_gmt":"2026-02-11T15:33:40","slug":"szafka-bella-cashmere-80-cm-z-umywalka-fly","status":"publish","type":"product","link":"https:\/\/baldumarket.lt\/lt\/product\/szafka-bella-cashmere-80-cm-z-umywalka-fly\/","title":{"rendered":"Bella ka\u0161myro spintel\u0117 80 cm su praustuvu FLY"},"content":{"rendered":"","protected":false},"excerpt":{"rendered":"<p>FLY keraminis bald\u0173 praustuvas, 80 cm, Bella ka\u0161myro praustuvo spintel\u0117, 80 cm, 2 stal\u010diai<br \/>\nPlotis (cm): 80<br \/>\n\u016agis (cm): 57<\/p>","protected":false},"featured_media":243766,"comment_status":"open","ping_status":"open","template":"","meta":[],"product_brand":[],"product_cat":[9117,2015,9186],"product_tag":[],"class_list":{"0":"post-243765","1":"product","2":"type-product","3":"status-publish","4":"has-post-thumbnail","6":"product_cat-bathroom","7":"product_cat-comad","8":"product_cat-szafka-z-umywalka-comad","10":"first","11":"instock","12":"purchasable","13":"product-type-simple"},"_links":{"self":[{"href":"https:\/\/baldumarket.lt\/lt\/wp-json\/wp\/v2\/product\/243765","targetHints":{"allow":["GET"]}}],"collection":[{"href":"https:\/\/baldumarket.lt\/lt\/wp-json\/wp\/v2\/product"}],"about":[{"href":"https:\/\/baldumarket.lt\/lt\/wp-json\/wp\/v2\/types\/product"}],"replies":[{"embeddable":true,"href":"https:\/\/baldumarket.lt\/lt\/wp-json\/wp\/v2\/comments?post=243765"}],"wp:featuredmedia":[{"embeddable":true,"href":"https:\/\/baldumarket.lt\/lt\/wp-json\/wp\/v2\/media\/243766"}],"wp:attachment":[{"href":"https:\/\/baldumarket.lt\/lt\/wp-json\/wp\/v2\/media?parent=243765"}],"wp:term":[{"taxonomy":"product_brand","embeddable":true,"href":"https:\/\/baldumarket.lt\/lt\/wp-json\/wp\/v2\/product_brand?post=243765"},{"taxonomy":"product_cat","embeddable":true,"href":"https:\/\/baldumarket.lt\/lt\/wp-json\/wp\/v2\/product_cat?post=243765"},{"taxonomy":"product_tag","embeddable":true,"href":"https:\/\/baldumarket.lt\/lt\/wp-json\/wp\/v2\/product_tag?post=243765"}],"curies":[{"name":"wp","href":"https:\/\/api.w.org\/{rel}","templated":true}]}}