{"id":243753,"date":"2026-01-02T22:59:56","date_gmt":"2026-01-02T19:59:56","guid":{"rendered":"https:\/\/baldumarket.lt\/product\/szafka-bella-cashmere-120-cm-z-blatem-i-umywalka-smile\/"},"modified":"2026-02-11T18:33:40","modified_gmt":"2026-02-11T15:33:40","slug":"szafka-bella-cashmere-120-cm-z-blatem-i-umywalka-smile","status":"publish","type":"product","link":"https:\/\/baldumarket.lt\/lt\/product\/szafka-bella-cashmere-120-cm-z-blatem-i-umywalka-smile\/","title":{"rendered":"Bella ka\u0161myro spintel\u0117 120 cm su stalvir\u0161iu ir SMILE praustuvu"},"content":{"rendered":"","protected":false},"excerpt":{"rendered":"<p>Modernus keraminis praustuvas \u201eSmile 2\u201c (50 | 40 | 14) ADEL CASHMERE 89-120 Stalvir\u0161is 120 cm SC ka\u0161myro spintel\u0117 po stalvir\u0161iu 20 cm Atvira \u201eBella Cashmere\u201c spintel\u0117 po stalvir\u0161iu 40 cm 1 durel\u0117mis su skalbini\u0173 krep\u0161iu \u201eBella Cashmere\u201c praustuvo spintel\u0117 60 cm 2 stal\u010diai<br \/>\nPlotis (cm): 120<br \/>\n\u016agis (cm): 57<\/p>","protected":false},"featured_media":243754,"comment_status":"open","ping_status":"open","template":"","meta":[],"product_brand":[],"product_cat":[9117,2015,9186],"product_tag":[],"class_list":{"0":"post-243753","1":"product","2":"type-product","3":"status-publish","4":"has-post-thumbnail","6":"product_cat-bathroom","7":"product_cat-comad","8":"product_cat-szafka-z-umywalka-comad","10":"first","11":"instock","12":"purchasable","13":"product-type-simple"},"_links":{"self":[{"href":"https:\/\/baldumarket.lt\/lt\/wp-json\/wp\/v2\/product\/243753","targetHints":{"allow":["GET"]}}],"collection":[{"href":"https:\/\/baldumarket.lt\/lt\/wp-json\/wp\/v2\/product"}],"about":[{"href":"https:\/\/baldumarket.lt\/lt\/wp-json\/wp\/v2\/types\/product"}],"replies":[{"embeddable":true,"href":"https:\/\/baldumarket.lt\/lt\/wp-json\/wp\/v2\/comments?post=243753"}],"wp:featuredmedia":[{"embeddable":true,"href":"https:\/\/baldumarket.lt\/lt\/wp-json\/wp\/v2\/media\/243754"}],"wp:attachment":[{"href":"https:\/\/baldumarket.lt\/lt\/wp-json\/wp\/v2\/media?parent=243753"}],"wp:term":[{"taxonomy":"product_brand","embeddable":true,"href":"https:\/\/baldumarket.lt\/lt\/wp-json\/wp\/v2\/product_brand?post=243753"},{"taxonomy":"product_cat","embeddable":true,"href":"https:\/\/baldumarket.lt\/lt\/wp-json\/wp\/v2\/product_cat?post=243753"},{"taxonomy":"product_tag","embeddable":true,"href":"https:\/\/baldumarket.lt\/lt\/wp-json\/wp\/v2\/product_tag?post=243753"}],"curies":[{"name":"wp","href":"https:\/\/api.w.org\/{rel}","templated":true}]}}