{"id":243734,"date":"2026-01-02T22:59:50","date_gmt":"2026-01-02T19:59:50","guid":{"rendered":"https:\/\/baldumarket.lt\/product\/szafka-bella-cashmere-100-cm-z-blatem-artisan-i-umywalka-wiki\/"},"modified":"2026-02-11T18:33:40","modified_gmt":"2026-02-11T15:33:40","slug":"szafka-bella-cashmere-100-cm-z-blatem-artisan-i-umywalka-wiki","status":"publish","type":"product","link":"https:\/\/baldumarket.lt\/lt\/product\/szafka-bella-cashmere-100-cm-z-blatem-artisan-i-umywalka-wiki\/","title":{"rendered":"Bella Cashmere 100 cm spintel\u0117 su Artisan stalvir\u0161iu ir WIKI kriaukle"},"content":{"rendered":"","protected":false},"excerpt":{"rendered":"<p>WIKI-SW baltas blizgus keraminis praustuvas, 36 cm (36 | 36 | 12) CT ka\u0161myro stalvir\u0161is, 90 cm Bella ka\u0161myro spintel\u0117 po stalvir\u0161iu, 40 cm 1 durel\u0117mis ir skalbini\u0173 krep\u0161iu Bella ka\u0161myro spintel\u0117 po praustuvu, 60 cm 2 stal\u010diai<br \/>\nPlotis (cm): 100<br \/>\n\u016agis (cm): 57<\/p>","protected":false},"featured_media":243735,"comment_status":"open","ping_status":"open","template":"","meta":[],"product_brand":[],"product_cat":[9117,2015,9186],"product_tag":[],"class_list":{"0":"post-243734","1":"product","2":"type-product","3":"status-publish","4":"has-post-thumbnail","6":"product_cat-bathroom","7":"product_cat-comad","8":"product_cat-szafka-z-umywalka-comad","10":"first","11":"instock","12":"purchasable","13":"product-type-simple"},"_links":{"self":[{"href":"https:\/\/baldumarket.lt\/lt\/wp-json\/wp\/v2\/product\/243734","targetHints":{"allow":["GET"]}}],"collection":[{"href":"https:\/\/baldumarket.lt\/lt\/wp-json\/wp\/v2\/product"}],"about":[{"href":"https:\/\/baldumarket.lt\/lt\/wp-json\/wp\/v2\/types\/product"}],"replies":[{"embeddable":true,"href":"https:\/\/baldumarket.lt\/lt\/wp-json\/wp\/v2\/comments?post=243734"}],"wp:featuredmedia":[{"embeddable":true,"href":"https:\/\/baldumarket.lt\/lt\/wp-json\/wp\/v2\/media\/243735"}],"wp:attachment":[{"href":"https:\/\/baldumarket.lt\/lt\/wp-json\/wp\/v2\/media?parent=243734"}],"wp:term":[{"taxonomy":"product_brand","embeddable":true,"href":"https:\/\/baldumarket.lt\/lt\/wp-json\/wp\/v2\/product_brand?post=243734"},{"taxonomy":"product_cat","embeddable":true,"href":"https:\/\/baldumarket.lt\/lt\/wp-json\/wp\/v2\/product_cat?post=243734"},{"taxonomy":"product_tag","embeddable":true,"href":"https:\/\/baldumarket.lt\/lt\/wp-json\/wp\/v2\/product_tag?post=243734"}],"curies":[{"name":"wp","href":"https:\/\/api.w.org\/{rel}","templated":true}]}}