{"id":243716,"date":"2026-01-02T22:59:42","date_gmt":"2026-01-02T19:59:42","guid":{"rendered":"https:\/\/baldumarket.lt\/product\/szafka-80-cm-iconic-rose-z-umywalka-lili-mw21-i-regalem\/"},"modified":"2026-02-11T18:33:40","modified_gmt":"2026-02-11T15:33:40","slug":"szafka-80-cm-iconic-rose-z-umywalka-lili-mw21-i-regalem","status":"publish","type":"product","link":"https:\/\/baldumarket.lt\/lt\/product\/szafka-80-cm-iconic-rose-z-umywalka-lili-mw21-i-regalem\/","title":{"rendered":"ICONIC ROSE 80 cm spintel\u0117 su LILI MW21 praustuvu ir lentyna"},"content":{"rendered":"","protected":false},"excerpt":{"rendered":"<p>LILI MW21 matinio teraco spalvos stalvir\u0161is, keraminis praustuvas, 60 cm (60 | 41,5 | 13,5) Vonios kambario stalvir\u0161is, 80 cm ICONIC WHITE (80,4 | 46 | 2,5) Praustuvo spintel\u0117, 60 cm ICONIC ROSE (60 | 45,6 | 46) Apatin\u0117 lentyna ICONIC WHITE (20 | 44,5 | 46)<br \/>\nPlotis (cm): 80<br \/>\n\u016agis (cm): 46<\/p>","protected":false},"featured_media":243717,"comment_status":"open","ping_status":"open","template":"","meta":[],"product_brand":[],"product_cat":[9117,2015,9186],"product_tag":[],"class_list":{"0":"post-243716","1":"product","2":"type-product","3":"status-publish","4":"has-post-thumbnail","6":"product_cat-bathroom","7":"product_cat-comad","8":"product_cat-szafka-z-umywalka-comad","10":"first","11":"instock","12":"purchasable","13":"product-type-simple"},"_links":{"self":[{"href":"https:\/\/baldumarket.lt\/lt\/wp-json\/wp\/v2\/product\/243716","targetHints":{"allow":["GET"]}}],"collection":[{"href":"https:\/\/baldumarket.lt\/lt\/wp-json\/wp\/v2\/product"}],"about":[{"href":"https:\/\/baldumarket.lt\/lt\/wp-json\/wp\/v2\/types\/product"}],"replies":[{"embeddable":true,"href":"https:\/\/baldumarket.lt\/lt\/wp-json\/wp\/v2\/comments?post=243716"}],"wp:featuredmedia":[{"embeddable":true,"href":"https:\/\/baldumarket.lt\/lt\/wp-json\/wp\/v2\/media\/243717"}],"wp:attachment":[{"href":"https:\/\/baldumarket.lt\/lt\/wp-json\/wp\/v2\/media?parent=243716"}],"wp:term":[{"taxonomy":"product_brand","embeddable":true,"href":"https:\/\/baldumarket.lt\/lt\/wp-json\/wp\/v2\/product_brand?post=243716"},{"taxonomy":"product_cat","embeddable":true,"href":"https:\/\/baldumarket.lt\/lt\/wp-json\/wp\/v2\/product_cat?post=243716"},{"taxonomy":"product_tag","embeddable":true,"href":"https:\/\/baldumarket.lt\/lt\/wp-json\/wp\/v2\/product_tag?post=243716"}],"curies":[{"name":"wp","href":"https:\/\/api.w.org\/{rel}","templated":true}]}}