{"id":243699,"date":"2026-01-02T22:59:37","date_gmt":"2026-01-02T19:59:37","guid":{"rendered":"https:\/\/baldumarket.lt\/product\/szafka-80-cm-fiji-white-a-z-umywalka-lena-mw17\/"},"modified":"2026-02-11T18:33:40","modified_gmt":"2026-02-11T15:33:40","slug":"szafka-80-cm-fiji-white-a-z-umywalka-lena-mw17","status":"publish","type":"product","link":"https:\/\/baldumarket.lt\/lt\/product\/szafka-80-cm-fiji-white-a-z-umywalka-lena-mw17\/","title":{"rendered":"Spintel\u0117 80 cm FIJI WHITE su praustuvu LENA MW17"},"content":{"rendered":"","protected":false},"excerpt":{"rendered":"<p>LENA MW17 keraminis praustuvas, 80 cm \u0105\u017euolo spalvos \u201eCoast Evoke\u201c stalvir\u0161is (80,4 | 46 | 2,5), 80 cm FIJI WHITE praustuvo spintel\u0117 (80 | 45,8 | 62), 2 x \u0105\u017euolo spalvos \u201eCoast Evoke\u201c kojel\u0117s (2 vnt.), plotis (cm): 80<br \/>\n\u016agis (cm): 62<\/p>","protected":false},"featured_media":243700,"comment_status":"open","ping_status":"open","template":"","meta":[],"product_brand":[],"product_cat":[9117,2015,9186],"product_tag":[],"class_list":{"0":"post-243699","1":"product","2":"type-product","3":"status-publish","4":"has-post-thumbnail","6":"product_cat-bathroom","7":"product_cat-comad","8":"product_cat-szafka-z-umywalka-comad","10":"first","11":"instock","12":"purchasable","13":"product-type-simple"},"_links":{"self":[{"href":"https:\/\/baldumarket.lt\/lt\/wp-json\/wp\/v2\/product\/243699","targetHints":{"allow":["GET"]}}],"collection":[{"href":"https:\/\/baldumarket.lt\/lt\/wp-json\/wp\/v2\/product"}],"about":[{"href":"https:\/\/baldumarket.lt\/lt\/wp-json\/wp\/v2\/types\/product"}],"replies":[{"embeddable":true,"href":"https:\/\/baldumarket.lt\/lt\/wp-json\/wp\/v2\/comments?post=243699"}],"wp:featuredmedia":[{"embeddable":true,"href":"https:\/\/baldumarket.lt\/lt\/wp-json\/wp\/v2\/media\/243700"}],"wp:attachment":[{"href":"https:\/\/baldumarket.lt\/lt\/wp-json\/wp\/v2\/media?parent=243699"}],"wp:term":[{"taxonomy":"product_brand","embeddable":true,"href":"https:\/\/baldumarket.lt\/lt\/wp-json\/wp\/v2\/product_brand?post=243699"},{"taxonomy":"product_cat","embeddable":true,"href":"https:\/\/baldumarket.lt\/lt\/wp-json\/wp\/v2\/product_cat?post=243699"},{"taxonomy":"product_tag","embeddable":true,"href":"https:\/\/baldumarket.lt\/lt\/wp-json\/wp\/v2\/product_tag?post=243699"}],"curies":[{"name":"wp","href":"https:\/\/api.w.org\/{rel}","templated":true}]}}