{"id":243680,"date":"2026-01-02T22:59:29","date_gmt":"2026-01-02T19:59:29","guid":{"rendered":"https:\/\/baldumarket.lt\/product\/szafka-80-cm-adel-black-z-blatem-i-umywalka-smile-2\/"},"modified":"2026-02-11T18:33:41","modified_gmt":"2026-02-11T15:33:41","slug":"szafka-80-cm-adel-black-z-blatem-i-umywalka-smile-2","status":"publish","type":"product","link":"https:\/\/baldumarket.lt\/lt\/product\/szafka-80-cm-adel-black-z-blatem-i-umywalka-smile-2\/","title":{"rendered":"80 cm ADEL BLACK spintel\u0117 su stalvir\u0161iu ir SMILE praustuvu"},"content":{"rendered":"<p>80 cm ADEL BLACK spintel\u0117 su stalvir\u0161iu ir SMILE praustuvu. Piln\u0105 \u201eComad\u201c ADEL BLACK vonios kambario komplekt\u0105 sudaro spintel\u0117 (80x46x57 cm) su dviem stal\u010diais ir \u0161velnaus u\u017edarymo mechanizmu, \u201eWotan\u201c vonios kambario stalvir\u0161is ir modernus, ant stalvir\u0161io montuojamas keraminis \u201eSmile\u201c praustuvas. Matin\u0117 juoda apdaila u\u017etikrina elegancij\u0105 ir stili\u0173. Matmenys: Plotis (cm): 80 Gylis (cm): 46 Auk\u0161tis (cm): 57 Techniniai duomenys: Komplekt\u0105 sudaro: Praustuvo spintel\u0117 80 cm ADEL BLACK 82-80-B-2S (80 | 46 | 57), Wotan vonios stalvir\u0161is 80 cm (80,6 | 46,5 | 2,2), Modernus keraminis praustuvas Smile 1 (42 | 42 | 14) Korpuso spalva: Matin\u0117 juoda Priekin\u0117s dalies spalva: Matin\u0117 juoda Korpuso med\u017eiaga: 16 mm laminuota plok\u0161t\u0117 Priekin\u0117s dalies med\u017eiaga: 16 mm MDF \u2013 PVC Rankenos: Plastikas, 3 spalvos: matin\u0117 juoda, blizgus chromas, aukso blizgu\u010diai Baldo tipas: Pakabinamas ant sienos B\u0117geliai: Tylus u\u017edarymas: Stal\u010di\u0173 skai\u010dius: 2 Vyriai: \u0160velnus u\u017edarymas. Atraskite modernum\u0105 ir elegancij\u0105 su \u201eComad\u201c vonios kambario bald\u0173 komplektu Adel Black, kuris pavers j\u016bs\u0173 vonios kambar\u012f stiliaus ir funkcionalumo kupina erdve. Komplekt\u0105 sudaro 80 cm plo\u010dio \u201eAdel Black\u201c praustuvo spintel\u0117 (matmenys: 80 x 46 x 57 cm), 80,6 cm ilgio \u201eWotan\u201c vonios stalvir\u0161is ir modernus, ant stalvir\u0161io montuojamas keraminis \u201eSmile 1\u201c praustuvas (42 x 42 x 14 cm).<\/p>\n<p>Spintel\u0117 pagaminta i\u0161 16 mm laminuotos plok\u0161t\u0117s, u\u017etikrinan\u010dios patvarum\u0105 ir lengv\u0105 valym\u0105. MDF fasadai padengti matiniu juodu PVC, suteikian\u010diu baldui modern\u0173 ir universal\u0173 vaizd\u0105.<\/p>\n<p>\u201eAdel Black\u201c turi du erdvius stal\u010dius su \u0161velnaus u\u017edarymo sistema, kuri \u017eenkliai padidina komfort\u0105. Rinkinyje yra trys ranken\u0117li\u0173 spalvos \u2013 matin\u0117 juoda, blizgus chromas ir blizgus auksas \u2013 tod\u0117l spintel\u0117s i\u0161vaizd\u0105 galite pritaikyti pagal savo individualius pageidavimus.<\/p>\n<p>Spintel\u0117 turi \u0161velniai u\u017esidaran\u010dius vyrius, u\u017etikrinan\u010dius skland\u0173 ir tyl\u0173 vis\u0173 judan\u010di\u0173 dali\u0173 veikim\u0105. Pakabinama konstrukcija ne tik palengvina prie\u017ei\u016br\u0105, bet ir suteikia visai konstrukcijai lengvumo, puikiai papildydama \u012fvairius vonios kambario dizainus.<\/p>\n<p>\u201eAdel Black\u201c komplektas pasi\u017eymi ne tik puikia kokybe ir funkcionalumu, bet ir dekoratyviniu elementu, kuris traukia ak\u012f ir pabr\u0117\u017eia modern\u0173 interjero charakter\u012f. Tai puikus pasirinkimas tiems, kurie vertina komfort\u0105, estetik\u0105 ir auk\u0161tos kokyb\u0117s meistri\u0161kum\u0105.<\/p>","protected":false},"excerpt":{"rendered":"<p>80 cm ADEL BLACK 82-80-B-2S praustuvo spintel\u0117 (80 | 46 | 57) 80 cm Wotan vonios stalvir\u0161is (80.6 | 46.5 | 2.2) 1 modernus keraminis praustuvas su stalvir\u0161iu Smile 1 (42 | 42 | 14)<br \/>\nPlotis (cm): 80<br \/>\nGylis (cm): 46<\/p>","protected":false},"featured_media":243681,"comment_status":"open","ping_status":"open","template":"","meta":[],"product_brand":[],"product_cat":[9117,2015,9186],"product_tag":[],"class_list":{"0":"post-243680","1":"product","2":"type-product","3":"status-publish","4":"has-post-thumbnail","6":"product_cat-bathroom","7":"product_cat-comad","8":"product_cat-szafka-z-umywalka-comad","10":"first","11":"instock","12":"purchasable","13":"product-type-simple"},"_links":{"self":[{"href":"https:\/\/baldumarket.lt\/lt\/wp-json\/wp\/v2\/product\/243680","targetHints":{"allow":["GET"]}}],"collection":[{"href":"https:\/\/baldumarket.lt\/lt\/wp-json\/wp\/v2\/product"}],"about":[{"href":"https:\/\/baldumarket.lt\/lt\/wp-json\/wp\/v2\/types\/product"}],"replies":[{"embeddable":true,"href":"https:\/\/baldumarket.lt\/lt\/wp-json\/wp\/v2\/comments?post=243680"}],"wp:featuredmedia":[{"embeddable":true,"href":"https:\/\/baldumarket.lt\/lt\/wp-json\/wp\/v2\/media\/243681"}],"wp:attachment":[{"href":"https:\/\/baldumarket.lt\/lt\/wp-json\/wp\/v2\/media?parent=243680"}],"wp:term":[{"taxonomy":"product_brand","embeddable":true,"href":"https:\/\/baldumarket.lt\/lt\/wp-json\/wp\/v2\/product_brand?post=243680"},{"taxonomy":"product_cat","embeddable":true,"href":"https:\/\/baldumarket.lt\/lt\/wp-json\/wp\/v2\/product_cat?post=243680"},{"taxonomy":"product_tag","embeddable":true,"href":"https:\/\/baldumarket.lt\/lt\/wp-json\/wp\/v2\/product_tag?post=243680"}],"curies":[{"name":"wp","href":"https:\/\/api.w.org\/{rel}","templated":true}]}}