{"id":243677,"date":"2026-01-02T22:59:27","date_gmt":"2026-01-02T19:59:27","guid":{"rendered":"https:\/\/baldumarket.lt\/product\/szafka-80-cm-adel-black-z-blatem-i-umywalka-smile\/"},"modified":"2026-02-11T18:33:42","modified_gmt":"2026-02-11T15:33:42","slug":"szafka-80-cm-adel-black-z-blatem-i-umywalka-smile","status":"publish","type":"product","link":"https:\/\/baldumarket.lt\/lt\/product\/szafka-80-cm-adel-black-z-blatem-i-umywalka-smile\/","title":{"rendered":"80 cm ADEL BLACK spintel\u0117 su stalvir\u0161iu ir SMILE praustuvu"},"content":{"rendered":"","protected":false},"excerpt":{"rendered":"<p>80 cm ADEL BLACK 82-80-B-2S praustuvo spintel\u0117 (80 | 46 | 57) 80 cm ADEL BLACK 89-80-B stalvir\u0161is (80.4 | 46 | 2) Modernus keraminis stalvir\u0161inis praustuvas Smile 1 (42 | 42 | 14)<br \/>\nPlotis (cm): 80<br \/>\nGylis (cm): 46<\/p>","protected":false},"featured_media":243678,"comment_status":"open","ping_status":"open","template":"","meta":[],"product_brand":[],"product_cat":[9117,2015,9186],"product_tag":[],"class_list":{"0":"post-243677","1":"product","2":"type-product","3":"status-publish","4":"has-post-thumbnail","6":"product_cat-bathroom","7":"product_cat-comad","8":"product_cat-szafka-z-umywalka-comad","10":"first","11":"instock","12":"purchasable","13":"product-type-simple"},"_links":{"self":[{"href":"https:\/\/baldumarket.lt\/lt\/wp-json\/wp\/v2\/product\/243677","targetHints":{"allow":["GET"]}}],"collection":[{"href":"https:\/\/baldumarket.lt\/lt\/wp-json\/wp\/v2\/product"}],"about":[{"href":"https:\/\/baldumarket.lt\/lt\/wp-json\/wp\/v2\/types\/product"}],"replies":[{"embeddable":true,"href":"https:\/\/baldumarket.lt\/lt\/wp-json\/wp\/v2\/comments?post=243677"}],"wp:featuredmedia":[{"embeddable":true,"href":"https:\/\/baldumarket.lt\/lt\/wp-json\/wp\/v2\/media\/243678"}],"wp:attachment":[{"href":"https:\/\/baldumarket.lt\/lt\/wp-json\/wp\/v2\/media?parent=243677"}],"wp:term":[{"taxonomy":"product_brand","embeddable":true,"href":"https:\/\/baldumarket.lt\/lt\/wp-json\/wp\/v2\/product_brand?post=243677"},{"taxonomy":"product_cat","embeddable":true,"href":"https:\/\/baldumarket.lt\/lt\/wp-json\/wp\/v2\/product_cat?post=243677"},{"taxonomy":"product_tag","embeddable":true,"href":"https:\/\/baldumarket.lt\/lt\/wp-json\/wp\/v2\/product_tag?post=243677"}],"curies":[{"name":"wp","href":"https:\/\/api.w.org\/{rel}","templated":true}]}}