{"id":243672,"date":"2026-01-02T22:59:23","date_gmt":"2026-01-02T19:59:23","guid":{"rendered":"https:\/\/baldumarket.lt\/product\/szafka-80-cm-adel-black-z-blatem\/"},"modified":"2026-02-11T18:33:42","modified_gmt":"2026-02-11T15:33:42","slug":"szafka-80-cm-adel-black-z-blatem","status":"publish","type":"product","link":"https:\/\/baldumarket.lt\/lt\/product\/szafka-80-cm-adel-black-z-blatem\/","title":{"rendered":"80 cm ADEL BLACK spintel\u0117 su stalvir\u0161iu"},"content":{"rendered":"<p>80 cm ADEL BLACK spintel\u0117 su stalvir\u0161iu Eleganti\u0161ka \u201cAdel Black\u201d vonios spintel\u0117 i\u0161 \u201eComad\u201c su matin\u0117s juodos spalvos apdaila, u\u017etikrinan\u010dia modern\u0173 stili\u0173 ir funkcionalum\u0105. Komplekte yra \u201eWotan\u201c vonios stalvir\u0161is, du stal\u010diai su \u0161velniu u\u017edarymu ir trij\u0173 spalv\u0173 ranken\u0117l\u0117s. Matmenys: Plotis (cm): 80 Gylis (cm): 46 Auk\u0161tis (cm): 57 Techniniai duomenys: Komplekt\u0105 sudaro: Praustuvo spintel\u0117 80 cm ADEL BLACK 82-80-B-2S (80 | 46 | 57), \u201eWotan\u201c vonios stalvir\u0161is 80 cm (80,6 | 46,5 | 2,2) Korpuso spalva: Matin\u0117 juoda Priekin\u0117s dalies spalva: Matin\u0117 juoda Korpuso med\u017eiaga: 16 mm laminuota plok\u0161t\u0117 Priekin\u0117s dalies med\u017eiaga: 16 mm MDF \u2013 PVC Rankenos: Plastikas, 3 \u012ftrauktos spalvos: matin\u0117 juoda, blizgus chromas, blizgus auksas Bald\u0173 tipas: Pakabinami ant sienos B\u0117geliai: \u0160velniai u\u017esidaro Kiekis: Stal\u010diai: 2, Vyriai: \u0160velniai u\u017esidaro. Atraskite modern\u0173 elegancij\u0105 ir funkcionalum\u0105 su \u201eComad\u201c ADEL BLACK vonios spinteli\u0173 komplektu. \u0160\u012f komplekt\u0105 sudaro centrinis elementas \u2013 80 cm plo\u010dio praustuvo spintel\u0117 (matmenys: plotis 80 cm, gylis 46 cm, auk\u0161tis 57 cm), padengta matine juoda spalva. Komplekt\u0105 taip pat sudaro derantis 80,6 cm \u201eWotan\u201c vonios stalvir\u0161is, sukuriantis darni\u0105 ir eleganti\u0161k\u0105 visum\u0105.<\/p>\n<p>Spintel\u0117s tvirtum\u0105 ir ilgaam\u017ei\u0161kum\u0105 u\u017etikrina auk\u0161\u010diausios kokyb\u0117s med\u017eiagos: 16 mm laminuotos plok\u0161t\u0117s korpusas ir PVC dengtos MDF priekin\u0117s dalys, u\u017etikrinan\u010dios lengv\u0105 valym\u0105 ir atsparum\u0105 dr\u0117gmei bei pa\u017eeidimams. Spintel\u0117 apr\u016bpinta plastikin\u0117mis rankenomis, kurios yra trij\u0173 spalv\u0173: matin\u0117s juodos, blizgaus chromo ir blizgaus aukso, tod\u0117l galite pritaikyti jos i\u0161vaizd\u0105 pagal savo asmeninius pageidavimus ir interjero stili\u0173.<\/p>\n<p>Prie sienos tvirtinamas spintel\u0117 padeda palaikyti tvark\u0105 ir \u0161var\u0105 ant grind\u0173, tuo pa\u010diu optimaliai i\u0161naudojant erdv\u0119. \u0160velniai u\u017esidaran\u010dios b\u0117gel\u0117s ir vyriai u\u017etikrina tyl\u0173 ir be r\u016bpes\u010di\u0173 naudojim\u0105. Dviejuose erdviuose stal\u010diuose tvarkingai susid\u0117ti visi vonios kambario aksesuarai.<\/p>\n<p>Rinkit\u0117s \u201eComad\u201c vonios spintel\u0119 ADEL BLACK, kad suteiktum\u0117te savo vonios kambariui ne tik prakti\u0161kumo, bet ir unikalaus charakterio, derindami modernius sprendimus su nesenstan\u010dia elegancija.<\/p>","protected":false},"excerpt":{"rendered":"<p>Praustuvo spintel\u0117 80 cm ADEL BLACK 82-80-B-2S (80 | 46 | 57) Wotan vonios stalvir\u0161is 80 cm (80,6 | 46,5 | 2,2)<br \/>\nPlotis (cm): 80<br \/>\nGylis (cm): 46<\/p>","protected":false},"featured_media":243673,"comment_status":"open","ping_status":"open","template":"","meta":[],"product_brand":[],"product_cat":[9117,2015,9186],"product_tag":[],"class_list":{"0":"post-243672","1":"product","2":"type-product","3":"status-publish","4":"has-post-thumbnail","6":"product_cat-bathroom","7":"product_cat-comad","8":"product_cat-szafka-z-umywalka-comad","10":"first","11":"instock","12":"purchasable","13":"product-type-simple"},"_links":{"self":[{"href":"https:\/\/baldumarket.lt\/lt\/wp-json\/wp\/v2\/product\/243672","targetHints":{"allow":["GET"]}}],"collection":[{"href":"https:\/\/baldumarket.lt\/lt\/wp-json\/wp\/v2\/product"}],"about":[{"href":"https:\/\/baldumarket.lt\/lt\/wp-json\/wp\/v2\/types\/product"}],"replies":[{"embeddable":true,"href":"https:\/\/baldumarket.lt\/lt\/wp-json\/wp\/v2\/comments?post=243672"}],"wp:featuredmedia":[{"embeddable":true,"href":"https:\/\/baldumarket.lt\/lt\/wp-json\/wp\/v2\/media\/243673"}],"wp:attachment":[{"href":"https:\/\/baldumarket.lt\/lt\/wp-json\/wp\/v2\/media?parent=243672"}],"wp:term":[{"taxonomy":"product_brand","embeddable":true,"href":"https:\/\/baldumarket.lt\/lt\/wp-json\/wp\/v2\/product_brand?post=243672"},{"taxonomy":"product_cat","embeddable":true,"href":"https:\/\/baldumarket.lt\/lt\/wp-json\/wp\/v2\/product_cat?post=243672"},{"taxonomy":"product_tag","embeddable":true,"href":"https:\/\/baldumarket.lt\/lt\/wp-json\/wp\/v2\/product_tag?post=243672"}],"curies":[{"name":"wp","href":"https:\/\/api.w.org\/{rel}","templated":true}]}}