{"id":243643,"date":"2026-01-02T22:59:13","date_gmt":"2026-01-02T19:59:13","guid":{"rendered":"https:\/\/baldumarket.lt\/product\/szafka-60-cm-iconic-cashmere-z-umywalka-wiki-mc-i-regalem\/"},"modified":"2026-02-11T18:33:42","modified_gmt":"2026-02-11T15:33:42","slug":"szafka-60-cm-iconic-cashmere-z-umywalka-wiki-mc-i-regalem","status":"publish","type":"product","link":"https:\/\/baldumarket.lt\/lt\/product\/szafka-60-cm-iconic-cashmere-z-umywalka-wiki-mc-i-regalem\/","title":{"rendered":"IKONI\u0160KA KA\u0160MYRO 60 cm spintel\u0117 su WIKI MC praustuvu ir lentyna"},"content":{"rendered":"","protected":false},"excerpt":{"rendered":"<p>WIKI-MC keraminis stalvir\u0161inis praustuvas su matiniu kapu\u010dino atspalviu, 36 cm (36 | 36 | 12) 80 cm \u0105\u017euolo spalvos \u201eEvoke\u201c stalvir\u0161is (80,4 | 46 | 2,5) 60 cm \u201eIconic Cashmere\u201c praustuvo spintel\u0117 (60 | 45,6 | 46) \u201eIconic Oak Coast Evoke\u201c \u017eema spintel\u0117 (20 | 44,5 | 46)<br \/>\nPlotis (cm): 80<br \/>\n\u016agis (cm): 46<\/p>","protected":false},"featured_media":243644,"comment_status":"open","ping_status":"open","template":"","meta":[],"product_brand":[],"product_cat":[9117,2015,9186],"product_tag":[],"class_list":{"0":"post-243643","1":"product","2":"type-product","3":"status-publish","4":"has-post-thumbnail","6":"product_cat-bathroom","7":"product_cat-comad","8":"product_cat-szafka-z-umywalka-comad","10":"first","11":"instock","12":"purchasable","13":"product-type-simple"},"_links":{"self":[{"href":"https:\/\/baldumarket.lt\/lt\/wp-json\/wp\/v2\/product\/243643","targetHints":{"allow":["GET"]}}],"collection":[{"href":"https:\/\/baldumarket.lt\/lt\/wp-json\/wp\/v2\/product"}],"about":[{"href":"https:\/\/baldumarket.lt\/lt\/wp-json\/wp\/v2\/types\/product"}],"replies":[{"embeddable":true,"href":"https:\/\/baldumarket.lt\/lt\/wp-json\/wp\/v2\/comments?post=243643"}],"wp:featuredmedia":[{"embeddable":true,"href":"https:\/\/baldumarket.lt\/lt\/wp-json\/wp\/v2\/media\/243644"}],"wp:attachment":[{"href":"https:\/\/baldumarket.lt\/lt\/wp-json\/wp\/v2\/media?parent=243643"}],"wp:term":[{"taxonomy":"product_brand","embeddable":true,"href":"https:\/\/baldumarket.lt\/lt\/wp-json\/wp\/v2\/product_brand?post=243643"},{"taxonomy":"product_cat","embeddable":true,"href":"https:\/\/baldumarket.lt\/lt\/wp-json\/wp\/v2\/product_cat?post=243643"},{"taxonomy":"product_tag","embeddable":true,"href":"https:\/\/baldumarket.lt\/lt\/wp-json\/wp\/v2\/product_tag?post=243643"}],"curies":[{"name":"wp","href":"https:\/\/api.w.org\/{rel}","templated":true}]}}