{"id":243628,"date":"2026-01-02T22:59:08","date_gmt":"2026-01-02T19:59:08","guid":{"rendered":"https:\/\/baldumarket.lt\/product\/szafka-60-cm-adel-oak-z-umywalka-sky\/"},"modified":"2026-02-11T18:33:42","modified_gmt":"2026-02-11T15:33:42","slug":"szafka-60-cm-adel-oak-z-umywalka-sky","status":"publish","type":"product","link":"https:\/\/baldumarket.lt\/lt\/product\/szafka-60-cm-adel-oak-z-umywalka-sky\/","title":{"rendered":"60 cm ADEL \u0104\u017dUOLIN\u0116 spintel\u0117 su SKY praustuvu"},"content":{"rendered":"","protected":false},"excerpt":{"rendered":"<p>SKY 60 \u2013 61 cm keraminis baldinis praustuvas (61 | 46 | 17) 60 cm praustuvo spintel\u0117 ADEL OAK 82-60-B-2S (60 | 46 | 57)<br \/>\nPlotis (cm): 60<br \/>\nGylis (cm): 46<\/p>","protected":false},"featured_media":243629,"comment_status":"open","ping_status":"open","template":"","meta":[],"product_brand":[],"product_cat":[9117,2015,9186],"product_tag":[],"class_list":{"0":"post-243628","1":"product","2":"type-product","3":"status-publish","4":"has-post-thumbnail","6":"product_cat-bathroom","7":"product_cat-comad","8":"product_cat-szafka-z-umywalka-comad","10":"first","11":"instock","12":"purchasable","13":"product-type-simple"},"_links":{"self":[{"href":"https:\/\/baldumarket.lt\/lt\/wp-json\/wp\/v2\/product\/243628","targetHints":{"allow":["GET"]}}],"collection":[{"href":"https:\/\/baldumarket.lt\/lt\/wp-json\/wp\/v2\/product"}],"about":[{"href":"https:\/\/baldumarket.lt\/lt\/wp-json\/wp\/v2\/types\/product"}],"replies":[{"embeddable":true,"href":"https:\/\/baldumarket.lt\/lt\/wp-json\/wp\/v2\/comments?post=243628"}],"wp:featuredmedia":[{"embeddable":true,"href":"https:\/\/baldumarket.lt\/lt\/wp-json\/wp\/v2\/media\/243629"}],"wp:attachment":[{"href":"https:\/\/baldumarket.lt\/lt\/wp-json\/wp\/v2\/media?parent=243628"}],"wp:term":[{"taxonomy":"product_brand","embeddable":true,"href":"https:\/\/baldumarket.lt\/lt\/wp-json\/wp\/v2\/product_brand?post=243628"},{"taxonomy":"product_cat","embeddable":true,"href":"https:\/\/baldumarket.lt\/lt\/wp-json\/wp\/v2\/product_cat?post=243628"},{"taxonomy":"product_tag","embeddable":true,"href":"https:\/\/baldumarket.lt\/lt\/wp-json\/wp\/v2\/product_tag?post=243628"}],"curies":[{"name":"wp","href":"https:\/\/api.w.org\/{rel}","templated":true}]}}