{"id":243592,"date":"2026-01-02T22:58:52","date_gmt":"2026-01-02T19:58:52","guid":{"rendered":"https:\/\/baldumarket.lt\/product\/szafka-100-cm-iconic-rose-z-umywalka-lili-mw-21\/"},"modified":"2026-02-11T18:33:43","modified_gmt":"2026-02-11T15:33:43","slug":"szafka-100-cm-iconic-rose-z-umywalka-lili-mw-21","status":"publish","type":"product","link":"https:\/\/baldumarket.lt\/lt\/product\/szafka-100-cm-iconic-rose-z-umywalka-lili-mw-21\/","title":{"rendered":"ICONIC ROSE 100 cm spintel\u0117 su LILI MW 21 praustuvu"},"content":{"rendered":"","protected":false},"excerpt":{"rendered":"<p>LILI MW21 matinio teraco spalvos stalvir\u0161is, keraminis praustuvas, 60 cm (60 | 41,5 | 13,5) Vonios kambario stalvir\u0161is, 100 cm, ICONIC WHITE (100,4 | 46 | 2,5) Praustuvo spintel\u0117, 100 cm, ICONIC ROSE (100 | 45,8 | 46)<br \/>\nPlotis (cm): 100<br \/>\n\u016agis (cm): 46<\/p>","protected":false},"featured_media":243593,"comment_status":"open","ping_status":"open","template":"","meta":[],"product_brand":[],"product_cat":[9117,2015,9186],"product_tag":[],"class_list":{"0":"post-243592","1":"product","2":"type-product","3":"status-publish","4":"has-post-thumbnail","6":"product_cat-bathroom","7":"product_cat-comad","8":"product_cat-szafka-z-umywalka-comad","10":"first","11":"instock","12":"purchasable","13":"product-type-simple"},"_links":{"self":[{"href":"https:\/\/baldumarket.lt\/lt\/wp-json\/wp\/v2\/product\/243592","targetHints":{"allow":["GET"]}}],"collection":[{"href":"https:\/\/baldumarket.lt\/lt\/wp-json\/wp\/v2\/product"}],"about":[{"href":"https:\/\/baldumarket.lt\/lt\/wp-json\/wp\/v2\/types\/product"}],"replies":[{"embeddable":true,"href":"https:\/\/baldumarket.lt\/lt\/wp-json\/wp\/v2\/comments?post=243592"}],"wp:featuredmedia":[{"embeddable":true,"href":"https:\/\/baldumarket.lt\/lt\/wp-json\/wp\/v2\/media\/243593"}],"wp:attachment":[{"href":"https:\/\/baldumarket.lt\/lt\/wp-json\/wp\/v2\/media?parent=243592"}],"wp:term":[{"taxonomy":"product_brand","embeddable":true,"href":"https:\/\/baldumarket.lt\/lt\/wp-json\/wp\/v2\/product_brand?post=243592"},{"taxonomy":"product_cat","embeddable":true,"href":"https:\/\/baldumarket.lt\/lt\/wp-json\/wp\/v2\/product_cat?post=243592"},{"taxonomy":"product_tag","embeddable":true,"href":"https:\/\/baldumarket.lt\/lt\/wp-json\/wp\/v2\/product_tag?post=243592"}],"curies":[{"name":"wp","href":"https:\/\/api.w.org\/{rel}","templated":true}]}}