{"id":243587,"date":"2026-01-02T22:58:50","date_gmt":"2026-01-02T19:58:50","guid":{"rendered":"https:\/\/baldumarket.lt\/product\/szafka-100-cm-fiji-white-z-umywalka-megi-mw13\/"},"modified":"2026-02-11T18:33:43","modified_gmt":"2026-02-11T15:33:43","slug":"szafka-100-cm-fiji-white-z-umywalka-megi-mw13","status":"publish","type":"product","link":"https:\/\/baldumarket.lt\/lt\/product\/szafka-100-cm-fiji-white-z-umywalka-megi-mw13\/","title":{"rendered":"100 cm FIJI WHITE spintel\u0117 su MEGI MW13 praustuvu"},"content":{"rendered":"","protected":false},"excerpt":{"rendered":"<p>MEGI MW13 keraminis praustuvas, 100 cm \u0105\u017euolo \u201eCoast Evoke\u201c stalvir\u0161is (100,4 | 46 | 2,5), 100 cm FIJI WHITE praustuvo spintel\u0117 (100 | 45,8 | 62), 2 x \u0105\u017euolo \u201eCoast Evoke\u201c kojel\u0117s (2 vnt.), plotis (cm): 100<br \/>\n\u016agis (cm): 62<\/p>","protected":false},"featured_media":243588,"comment_status":"open","ping_status":"open","template":"","meta":[],"product_brand":[],"product_cat":[9117,2015,9186],"product_tag":[],"class_list":{"0":"post-243587","1":"product","2":"type-product","3":"status-publish","4":"has-post-thumbnail","6":"product_cat-bathroom","7":"product_cat-comad","8":"product_cat-szafka-z-umywalka-comad","10":"first","11":"instock","12":"purchasable","13":"product-type-simple"},"_links":{"self":[{"href":"https:\/\/baldumarket.lt\/lt\/wp-json\/wp\/v2\/product\/243587","targetHints":{"allow":["GET"]}}],"collection":[{"href":"https:\/\/baldumarket.lt\/lt\/wp-json\/wp\/v2\/product"}],"about":[{"href":"https:\/\/baldumarket.lt\/lt\/wp-json\/wp\/v2\/types\/product"}],"replies":[{"embeddable":true,"href":"https:\/\/baldumarket.lt\/lt\/wp-json\/wp\/v2\/comments?post=243587"}],"wp:featuredmedia":[{"embeddable":true,"href":"https:\/\/baldumarket.lt\/lt\/wp-json\/wp\/v2\/media\/243588"}],"wp:attachment":[{"href":"https:\/\/baldumarket.lt\/lt\/wp-json\/wp\/v2\/media?parent=243587"}],"wp:term":[{"taxonomy":"product_brand","embeddable":true,"href":"https:\/\/baldumarket.lt\/lt\/wp-json\/wp\/v2\/product_brand?post=243587"},{"taxonomy":"product_cat","embeddable":true,"href":"https:\/\/baldumarket.lt\/lt\/wp-json\/wp\/v2\/product_cat?post=243587"},{"taxonomy":"product_tag","embeddable":true,"href":"https:\/\/baldumarket.lt\/lt\/wp-json\/wp\/v2\/product_tag?post=243587"}],"curies":[{"name":"wp","href":"https:\/\/api.w.org\/{rel}","templated":true}]}}