{"id":243569,"date":"2026-01-02T22:58:43","date_gmt":"2026-01-02T19:58:43","guid":{"rendered":"https:\/\/baldumarket.lt\/product\/slupki-wysokie-35-cm-ocean-black\/"},"modified":"2026-02-11T18:33:43","modified_gmt":"2026-02-11T15:33:43","slug":"slupki-wysokie-35-cm-ocean-black","status":"publish","type":"product","link":"https:\/\/baldumarket.lt\/lt\/product\/slupki-wysokie-35-cm-ocean-black\/","title":{"rendered":"Auk\u0161ti stulpai 35 cm, vandenyno juodumo"},"content":{"rendered":"<p>JUODO VANDENYNO SPALVOS 35 cm auk\u0161\u010dio kolonos. Eleganti\u0161ka \u201eComad\u201c vandenyno juodumo kolona pagaminta i\u0161 laminuotos plok\u0161t\u0117s ir MDF, matin\u0117s juodos ir alyvuoto \u0105\u017euolo spalvos. Ji turi keturias fiksuotas lentynas, kuri\u0173 kiekvienos keliamoji galia yra 3 kg, ir \u0161velniai u\u017esidaran\u010dias dureles su frezuotu ra\u0161tu. Puikiai tinka pakabinti ant sienos. Matmenys: Plotis (cm): 35 Gylis (cm): 33 Auk\u0161tis (cm): 170 Svoris (kg): 27,5 Techniniai duomenys: Spalva: Matin\u0117 juoda, Alyvuotas \u0105\u017euolas Med\u017eiaga: Laminuota plok\u0161t\u0117 \/ MDF plok\u0161t\u0117 Korpuso med\u017eiaga: Laminuota plok\u0161t\u0117 Korpuso spalva: Alyvuotas \u0105\u017euolas Priekio med\u017eiaga: MDF plok\u0161t\u0117 Priekio spalva: Matin\u0117 juoda Priekio konstrukcija: Frezuotas ra\u0161tas Reikalingas surinkimas: Taip Tvirtinimo kai\u0161\u010diai pridedami: Taip, yra komplekte Tvirtinimo pakuot\u0117 komplekte: Taip Montavimo viduje b\u016bdas: Pakabinimui ant sienos Dur\u0173 kiekis: 1 Dur\u0173 skai\u010dius: Universal\u016bs Vyriai: \u0160velniai u\u017esidarantys Rankenos: Integruoti Rankenos med\u017eiaga: MDF plok\u0161t\u0117 Rankenos spalva: Matin\u0117 juoda Fiksuotos lentynos Kiekis: 4 lentynos Fiksuotos fiksuotos lentynos Med\u017eiaga: Laminuota plok\u0161t\u0117 Fiksuotos lentynos Spalva: Alyvuotas \u0105\u017euolas Fiksuotos lentynos Svorio talpa (kg): 3 Reguliuojamos lentynos Med\u017eiaga: Netaikoma Reguliuojamos lentynos spalva: Netaikoma \u201eComad\u201c OCEAN BLACK auk\u0161ti stulpai \u2013 tai puikus modernaus dizaino ir funkcionalumo derinys. J\u0173 eleganti\u0161ka matin\u0117 juoda apdaila kartu su nat\u016bralia alyvuoto \u0105\u017euolo spalva sukuria ne\u012ftik\u0117tinai stiling\u0105 kontrast\u0105, kuris tikrai pritrauks d\u0117mes\u012f. Jie puikiai tinka moderniam interjerui, suteikia elegancijos ir rafinuotumo. Jie sukurti taip, kad maksimaliai i\u0161naudot\u0173 erdv\u0119. Su keturiomis fiksuotomis lentynomis jie suteikia daug vietos \u012fvairiems daiktams \u2013 nuo dekoracij\u0173 iki prakti\u0161k\u0173 kasdieni\u0173 daikt\u0173. Juos galite pakabinti ant sienos, taip sutaupydami grind\u0173 ploto ir suteikdami interjerui lengvumo. Tvirta MDF ir laminuota konstrukcija u\u017etikrina ilgaam\u017ei\u0161kum\u0105 ir atsparum\u0105 pa\u017eeidimams. Nepaisant plonos formos, stulpai yra ne\u012ftik\u0117tinai stabil\u016bs ir patvar\u016bs. \u0160velniai u\u017esidaran\u010dios durel\u0117s ir integruota juoda rankena u\u017etikrina patog\u0173 naudojim\u0105 ir dar labiau pabr\u0117\u017eia modern\u0173 baldo charakter\u012f. \u201eOCEAN BLACK\u201c yra ne tik eleganti\u0161ki, bet ir prakti\u0161ki. Jie puikiai tinka bet kokiam kambariui \u2013 nuo svetain\u0117s iki miegamojo ir vonios kambario. D\u0117l universali\u0173 dur\u0173 vyri\u0173 galite juos pritaikyti prie savo poreiki\u0173 ir m\u0117gautis moduliu, kuris puikiai der\u0117s prie j\u016bs\u0173 nam\u0173 erdv\u0117s. Pilnas surinkimo paketas leid\u017eia greitai ir efektyviai surinkti, u\u017etikrindamas maloni\u0105 patirt\u012f.<\/p>","protected":false},"excerpt":{"rendered":"<p>Plotis (cm): 35<br \/>\nGylis (cm): 33<br \/>\n\u016agis (cm): 170<\/p>","protected":false},"featured_media":243570,"comment_status":"open","ping_status":"open","template":"","meta":[],"product_brand":[],"product_cat":[9117,2015],"product_tag":[],"class_list":{"0":"post-243569","1":"product","2":"type-product","3":"status-publish","4":"has-post-thumbnail","6":"product_cat-bathroom","7":"product_cat-comad","9":"first","10":"instock","11":"purchasable","12":"product-type-simple"},"_links":{"self":[{"href":"https:\/\/baldumarket.lt\/lt\/wp-json\/wp\/v2\/product\/243569","targetHints":{"allow":["GET"]}}],"collection":[{"href":"https:\/\/baldumarket.lt\/lt\/wp-json\/wp\/v2\/product"}],"about":[{"href":"https:\/\/baldumarket.lt\/lt\/wp-json\/wp\/v2\/types\/product"}],"replies":[{"embeddable":true,"href":"https:\/\/baldumarket.lt\/lt\/wp-json\/wp\/v2\/comments?post=243569"}],"wp:featuredmedia":[{"embeddable":true,"href":"https:\/\/baldumarket.lt\/lt\/wp-json\/wp\/v2\/media\/243570"}],"wp:attachment":[{"href":"https:\/\/baldumarket.lt\/lt\/wp-json\/wp\/v2\/media?parent=243569"}],"wp:term":[{"taxonomy":"product_brand","embeddable":true,"href":"https:\/\/baldumarket.lt\/lt\/wp-json\/wp\/v2\/product_brand?post=243569"},{"taxonomy":"product_cat","embeddable":true,"href":"https:\/\/baldumarket.lt\/lt\/wp-json\/wp\/v2\/product_cat?post=243569"},{"taxonomy":"product_tag","embeddable":true,"href":"https:\/\/baldumarket.lt\/lt\/wp-json\/wp\/v2\/product_tag?post=243569"}],"curies":[{"name":"wp","href":"https:\/\/api.w.org\/{rel}","templated":true}]}}