{"id":243558,"date":"2026-01-02T22:58:37","date_gmt":"2026-01-02T19:58:37","guid":{"rendered":"https:\/\/baldumarket.lt\/product\/slupek-wysoki-santa-fe-black\/"},"modified":"2026-02-11T18:33:43","modified_gmt":"2026-02-11T15:33:43","slug":"slupek-wysoki-santa-fe-black","status":"publish","type":"product","link":"https:\/\/baldumarket.lt\/lt\/product\/slupek-wysoki-santa-fe-black\/","title":{"rendered":"SANTA FE BLACK auk\u0161tas stulpas"},"content":{"rendered":"<p>SANTA FE BLACK auk\u0161ta kolona\u201eComad\u201c prek\u0117s \u017eenklo \u201eSanta Fe Black\u201c auk\u0161ta kolona \u2013 tai eleganti\u0161kas pakabinamas baldas, pagamintas i\u0161 juodos laminuotos plok\u0161t\u0117s. Su 4 lentynomis ir 2 stal\u010diais su \u0161velnaus u\u017edarymo mechanizmu, jis idealiai tinka moderniam interjerui. Matmenys: Plotis (cm): 35 Gylis (cm): 33 Auk\u0161tis (cm): 160 Techniniai duomenys: Korpuso spalva: Juoda Priekin\u0117s dalies spalva: Juoda Korpuso med\u017eiaga: Laminuota plok\u0161t\u0117 Priekin\u0117s dalies med\u017eiaga: Laminuota plok\u0161t\u0117 Rankenos: Chromuotos Vyriai: \u0160velniai u\u017esidaro Bald\u0173 tipas: Pakabinami ant sienos Dur\u0173 tvirtinimo kryptis: De\u0161in\u0117 \/ Kair\u0117 Lentyn\u0173 skai\u010dius: 4 Lentyn\u0173 med\u017eiaga: Laminuota plok\u0161t\u0117, stiklas B\u0117geliai: \u0160velniai u\u017esidaro Stal\u010di\u0173 skai\u010dius: 2 Elegancija ir modernumas \u2013 tai savyb\u0117s, kurios puikiai perteikia \u201eComad\u201c SANTA FE BLACK auk\u0161t\u0105 kolon\u0105. \u0160is stilingas sodrios juodos spalvos baldas i\u0161 karto pritrauks kiekvieno j\u012f pamat\u0119s d\u0117mes\u012f. Jis puikiai der\u0117s prie modernaus interjero, suteikdamas unikalaus charakterio ir rafinuotumo.<\/p>\n<p>Ne tik esteti\u0161kai patrauklus, bet ir i\u0161ties funkcionalus baldas. D\u0117l gerai apgalvoto dizaino keturios erdvios lentynos suteikia daugyb\u0119 daikt\u0173 laikymo galimybi\u0173, puikiai integruojasi \u012f kasdien\u0119 erdv\u0117s organizavim\u0105. Be to, d\u0117l \u0161velnaus u\u017edarymo sistemos kasdienis naudojimas yra ne tik patogus, bet ir tylus bei be streso.<\/p>\n<p>Sieninis montavimas ir galimyb\u0117 pasirinkti dur\u0173 atidarymo krypt\u012f (kair\u0117n arba de\u0161in\u0117n) suteikia papildomo lankstumo, tod\u0117l auk\u0161ta \u201eSANTA FE BLACK\u201c spintel\u0117 puikiai tinka bet kokiam interjerui, nepriklausomai nuo i\u0161planavimo ar dizaino. Pasirinkus \u0161\u012f bald\u0105, garantuojamas prakti\u0161kumas neaukojant stiliaus.<\/p>\n<p>Siekiant u\u017etikrinti patvarum\u0105 ir ilgaam\u017ei\u0161kum\u0105, korpusas ir fasadai pagaminti i\u0161 auk\u0161tos kokyb\u0117s laminuotos plok\u0161t\u0117s. Juoda apdaila ne tik atrodo prabangiai, bet ir yra lengvai valoma. Auk\u0161ta spintel\u0117 SANTA FE BLACK \u2013 tai investicija \u012f gro\u017e\u012f ir funkcionalum\u0105, kuri neabejotinai taps j\u016bs\u0173 nam\u0173 traukos centru.<\/p>\n<p>Pa\u017ei\u016br\u0117kite, kaip \u0161is eleganti\u0161kas baldas gali pakeisti j\u016bs\u0173 interjer\u0105, suteikdamas jam prabangos ir modernaus prakti\u0161kumo. SANTA FE BLACK kolona \u2013 tai stiliaus ir funkcionalumo derinys, kur\u012f \u012fvertins kiekvienas modernaus dizaino m\u0117g\u0117jas.<\/p>","protected":false},"excerpt":{"rendered":"<p>Plotis (cm): 35<br \/>\nGylis (cm): 33<br \/>\n\u016agis (cm): 160<\/p>","protected":false},"featured_media":243559,"comment_status":"open","ping_status":"open","template":"","meta":[],"product_brand":[],"product_cat":[9117,2015,9187],"product_tag":[],"class_list":{"0":"post-243558","1":"product","2":"type-product","3":"status-publish","4":"has-post-thumbnail","6":"product_cat-bathroom","7":"product_cat-comad","8":"product_cat-washbasin-cabinet-comad","10":"first","11":"instock","12":"purchasable","13":"product-type-simple"},"_links":{"self":[{"href":"https:\/\/baldumarket.lt\/lt\/wp-json\/wp\/v2\/product\/243558","targetHints":{"allow":["GET"]}}],"collection":[{"href":"https:\/\/baldumarket.lt\/lt\/wp-json\/wp\/v2\/product"}],"about":[{"href":"https:\/\/baldumarket.lt\/lt\/wp-json\/wp\/v2\/types\/product"}],"replies":[{"embeddable":true,"href":"https:\/\/baldumarket.lt\/lt\/wp-json\/wp\/v2\/comments?post=243558"}],"wp:featuredmedia":[{"embeddable":true,"href":"https:\/\/baldumarket.lt\/lt\/wp-json\/wp\/v2\/media\/243559"}],"wp:attachment":[{"href":"https:\/\/baldumarket.lt\/lt\/wp-json\/wp\/v2\/media?parent=243558"}],"wp:term":[{"taxonomy":"product_brand","embeddable":true,"href":"https:\/\/baldumarket.lt\/lt\/wp-json\/wp\/v2\/product_brand?post=243558"},{"taxonomy":"product_cat","embeddable":true,"href":"https:\/\/baldumarket.lt\/lt\/wp-json\/wp\/v2\/product_cat?post=243558"},{"taxonomy":"product_tag","embeddable":true,"href":"https:\/\/baldumarket.lt\/lt\/wp-json\/wp\/v2\/product_tag?post=243558"}],"curies":[{"name":"wp","href":"https:\/\/api.w.org\/{rel}","templated":true}]}}