{"id":243541,"date":"2026-01-02T22:58:31","date_gmt":"2026-01-02T19:58:31","guid":{"rendered":"https:\/\/baldumarket.lt\/product\/slupek-wysoki-fiji-white\/"},"modified":"2026-04-25T23:26:12","modified_gmt":"2026-04-25T20:26:12","slug":"slupek-wysoki-fiji-white","status":"publish","type":"product","link":"https:\/\/baldumarket.lt\/lt\/product\/slupek-wysoki-fiji-white\/","title":{"rendered":"FID\u017dIO BALTASIS auk\u0161tas pa\u0161tas"},"content":{"rendered":"<p>FIJI WHITE auk\u0161ta kolona\u201eComad\u201c FIJI WHITE auk\u0161ta kolona \u2013 tai eleganti\u0161kas baldas, pagamintas i\u0161 baltos alpin\u0117s laminato plok\u0161t\u0117s ir MDF. Jame yra trys \u0161velniai u\u017esidaran\u010dios lentynos ir integruotos rankenos. Duris galima montuoti kair\u0117je arba de\u0161in\u0117je. Puikiai tinka moderniems vonios kambariams Matmenys: Plotis (cm): 40 Gylis (cm): 36 Auk\u0161tis (cm): 165,5 Techniniai duomenys: Korpuso spalva: Alpi\u0173 balta Priekio spalva: Alpi\u0173 balta Korpuso med\u017eiaga: laminuota plok\u0161t\u0117 Priekio med\u017eiaga: MDF Baldo tipas: Pakabinamas \/ Pastatomas, stovimam variantui reik\u0117s \u201eCoast Evoke Oak\u201c kojeli\u0173 Rankenos: Integruota traukimo ranken\u0117l\u0117 Vyriai: \u0160velniai u\u017esidaro Dur\u0173 tvirtinimo kryptis: De\u0161in\u0117 \/ Kair\u0117 Lentyn\u0173 skai\u010dius: 4\/2 Lentyn\u0173 med\u017eiaga: Laminuota plok\u0161t\u0117 Atnaujinkite savo interjer\u0105 eleganti\u0161ka \u201eComad\u201c FIJI WHITE auk\u0161ta kolona. \u0160i stilinga pakabinama arba pastatoma spintel\u0117 puikiai tinka modernioms erdv\u0117ms. Alpi\u0173 balta spalva puikiai dera prie \u012fvairi\u0173 i\u0161d\u0117stym\u0173, suteikdama j\u016bs\u0173 namams lengvumo ir gaivumo. FIJI WHITE \u2013 tai estetikos ir funkcionalumo sintez\u0117. Laminuotas korpusas ir MDF fasadai suteikia ne tik gra\u017ei\u0105 i\u0161vaizd\u0105, bet ir ilgaam\u017ei\u0161kum\u0105. Specialiai suprojektuotos integruotos rankenos puikiai papildo minimalistin\u012f dizain\u0105, suteikdamos visai konstrukcijai subtilaus \u017eavesio. D\u0117l trij\u0173 erdvi\u0173 lentyn\u0173 FIJI WHITE kolona yra ne tik gra\u017ei, bet ir prakti\u0161ka. Bus lengviau laikyti visus b\u016btiniausius kasdienius daiktus, o \u0161velniai u\u017esidarantys vyriai u\u017etikrina, kad dureli\u0173 atidarymas ir u\u017edarymas b\u016bt\u0173 tylus. Galimyb\u0117 montuoti dureles de\u0161in\u0117je arba kair\u0117je suteikia papildomo dizaino lankstumo. Kojel\u0117s, pagamintos i\u0161 \u201eCoast Evoke Oak\u201c \u0105\u017euolo, suteikia visam baldui papildomo \u017eavesio, suteikdamos visam baldui nat\u016bralios elegancijos. Pasirink\u0119 laisvai stovint\u012f variant\u0105, \u012fgysite ne tik funkcional\u0173 bald\u0105, bet ir unikal\u0173 dekoratyvin\u012f element\u0105. FIJI WHITE kolona yra puikus sprendimas \u017emon\u0117ms, ie\u0161kantiems stiling\u0173 ir prakti\u0161k\u0173 sprendim\u0173 savo namams.<\/p>","protected":false},"excerpt":{"rendered":"<p>Plotis (cm): 40<br \/>\n\u016agis (cm): 165,5<br \/>\nGylis (cm): 36<\/p>","protected":false},"featured_media":243542,"comment_status":"open","ping_status":"open","template":"","meta":[],"product_brand":[],"product_cat":[9117,2015,9187],"product_tag":[],"class_list":{"0":"post-243541","1":"product","2":"type-product","3":"status-publish","4":"has-post-thumbnail","6":"product_cat-bathroom","7":"product_cat-comad","8":"product_cat-washbasin-cabinet-comad","10":"first","11":"instock","12":"purchasable","13":"product-type-simple"},"_links":{"self":[{"href":"https:\/\/baldumarket.lt\/lt\/wp-json\/wp\/v2\/product\/243541","targetHints":{"allow":["GET"]}}],"collection":[{"href":"https:\/\/baldumarket.lt\/lt\/wp-json\/wp\/v2\/product"}],"about":[{"href":"https:\/\/baldumarket.lt\/lt\/wp-json\/wp\/v2\/types\/product"}],"replies":[{"embeddable":true,"href":"https:\/\/baldumarket.lt\/lt\/wp-json\/wp\/v2\/comments?post=243541"}],"wp:featuredmedia":[{"embeddable":true,"href":"https:\/\/baldumarket.lt\/lt\/wp-json\/wp\/v2\/media\/243542"}],"wp:attachment":[{"href":"https:\/\/baldumarket.lt\/lt\/wp-json\/wp\/v2\/media?parent=243541"}],"wp:term":[{"taxonomy":"product_brand","embeddable":true,"href":"https:\/\/baldumarket.lt\/lt\/wp-json\/wp\/v2\/product_brand?post=243541"},{"taxonomy":"product_cat","embeddable":true,"href":"https:\/\/baldumarket.lt\/lt\/wp-json\/wp\/v2\/product_cat?post=243541"},{"taxonomy":"product_tag","embeddable":true,"href":"https:\/\/baldumarket.lt\/lt\/wp-json\/wp\/v2\/product_tag?post=243541"}],"curies":[{"name":"wp","href":"https:\/\/api.w.org\/{rel}","templated":true}]}}