{"id":243484,"date":"2026-01-02T22:58:12","date_gmt":"2026-01-02T19:58:12","guid":{"rendered":"https:\/\/baldumarket.lt\/product\/slupek-wysoki-40-cm-ocean-beige\/"},"modified":"2026-02-11T18:33:44","modified_gmt":"2026-02-11T15:33:44","slug":"slupek-wysoki-40-cm-ocean-beige","status":"publish","type":"product","link":"https:\/\/baldumarket.lt\/lt\/product\/slupek-wysoki-40-cm-ocean-beige\/","title":{"rendered":"Auk\u0161tas stulpas 40 cm, vandenyno sm\u0117lio spalvos"},"content":{"rendered":"<p>Auk\u0161ta kolona 40 cm OCEAN BEIGE. \u201eComad\u201c auk\u0161tos kolonos OCEAN BEIGE spalva yra 170 cm auk\u0161\u010dio, 40 cm plo\u010dio ir 33 cm gylio, eleganti\u0161kos sm\u0117lio spalvos su \u0105\u017euoliniu korpusu, 4 lentynomis ir 2 durel\u0117mis su \u0161velnaus u\u017edarymo mechanizmu. Puikiai tinka pakabinti ant sienos, surinkim\u0105 u\u017etikrina pridedami tvirtinimo elementai. Matmenys: Plotis (cm): 40 Gylis (cm): 33 Auk\u0161tis (cm): 170 Svoris (kg): 27,5 Techniniai duomenys: Spalva: Sm\u0117lio spalvos, Alyvuotas \u0105\u017euolas Med\u017eiaga: Laminuota plok\u0161t\u0117 \/ MDF plok\u0161t\u0117 Korpuso med\u017eiaga: Laminuota plok\u0161t\u0117 Korpuso spalva: Alyvuota \u0105\u017euolas Priekio med\u017eiaga: MDF plok\u0161t\u0117 Priekio spalva: Sm\u0117lio spalvos Priekio strukt\u016bra: Frezuotas ra\u0161tas Reikalingas surinkimas: Taip Tvirtinimo kai\u0161\u010diai pridedami: Taip, yra Tvirtinimo pakuot\u0117 \u012ftraukta: Taip Montavimo viduje b\u016bdas: Pakabinimui ant sienos Dur\u0173 kiekis: 2 Dur\u0173 skai\u010dius: Universal\u016bs Vyriai: \u0160velniai u\u017esidarantys Rankenos: Integruotos Rankenos med\u017eiaga: MDF plok\u0161t\u0117 Rankenos spalva: Sm\u0117lio spalvos Fiksuotos lentynos Kiekis: 4 Fiksuotos lentynos Lentynos Fiksuotos Med\u017eiaga: Laminuota plok\u0161t\u0117, Fiksuota lentyna Spalva: Alyvuotas \u0105\u017euolas, Fiksuota lentyna, Keliamoji galia (kg): 3, Reguliuojama lentyna Med\u017eiaga: Netaikoma, Reguliuojama lentyna Spalva: Netaikoma, Reguliuojama lentyna, Keliamoji galia (kg): 0. Atraskite \u201eComad\u201c auk\u0161tos kolonos \u201eOCEAN BEIGE\u201c elegancij\u0105 ir funkcionalum\u0105, kuri puikiai dera prie modernaus interjero. \u0160is gra\u017eus baldas, kurio plotis \u2013 40 cm, gylis \u2013 33 cm, o auk\u0161tis \u2013 170 cm, sveria vos 27,5 kg, tod\u0117l yra i\u0161skirtinai stabilus ir tvirtas. Pagaminta i\u0161 auk\u0161\u010diausios kokyb\u0117s laminuotos plok\u0161t\u0117s ir MDF, \u201eOCEAN BEIGE\u201c kolona d\u017eiugina dviej\u0173 eleganti\u0161k\u0173 spalv\u0173 \u2013 sm\u0117lio ir alyvuoto \u0105\u017euolo \u2013 deriniu. Subtiliai frezuoti fasadai suteikia unikal\u0173 charakter\u012f, o integruotos sm\u0117lio spalvos rankenos pabr\u0117\u017eia modern\u0173 dizain\u0105. Nepaisant grak\u0161\u010dios i\u0161vaizdos, kolona si\u016blo daug vietos daiktams susid\u0117ti d\u0117l keturi\u0173 fiksuot\u0173 lentyn\u0173, pagamint\u0173 i\u0161 alyvuoto \u0105\u017euolo spalvos laminuotos plok\u0161t\u0117s. Kiekvienos lentynos keliamoji galia yra iki 3 kg, tod\u0117l tai puiki vieta laikyti knygas, dekoracijas ar kitus smulkius daiktus. \u201eOCEAN BEIGE\u201c kolona turi universalias dureles su \u0161velniai u\u017esidaran\u010diais vyriais, u\u017etikrinan\u010dius patogum\u0105 ir komfort\u0105. Tvirtinama prie sienos, ji taupo grind\u0173 plot\u0105 ir suteikia interjerui lengvumo bei modernumo. Kolonos montavimas yra ne\u012ftik\u0117tinai paprastas d\u0117ka pridedam\u0173 tvirtinimo kai\u0161\u010di\u0173 ir i\u0161sami\u0173 instrukcij\u0173. \u201eOCEAN BEIGE\u201c kolona yra puikus pasirinkimas visiems, kurie vertina elegancij\u0105, funkcionalum\u0105 ir auk\u0161tos kokyb\u0117s meistri\u0161kum\u0105.<\/p>","protected":false},"excerpt":{"rendered":"<p>Plotis (cm): 40<br \/>\nGylis (cm): 33<br \/>\n\u016agis (cm): 170<\/p>","protected":false},"featured_media":243485,"comment_status":"open","ping_status":"open","template":"","meta":[],"product_brand":[],"product_cat":[9117,2015,9187],"product_tag":[],"class_list":{"0":"post-243484","1":"product","2":"type-product","3":"status-publish","4":"has-post-thumbnail","6":"product_cat-bathroom","7":"product_cat-comad","8":"product_cat-washbasin-cabinet-comad","10":"first","11":"instock","12":"purchasable","13":"product-type-simple"},"_links":{"self":[{"href":"https:\/\/baldumarket.lt\/lt\/wp-json\/wp\/v2\/product\/243484","targetHints":{"allow":["GET"]}}],"collection":[{"href":"https:\/\/baldumarket.lt\/lt\/wp-json\/wp\/v2\/product"}],"about":[{"href":"https:\/\/baldumarket.lt\/lt\/wp-json\/wp\/v2\/types\/product"}],"replies":[{"embeddable":true,"href":"https:\/\/baldumarket.lt\/lt\/wp-json\/wp\/v2\/comments?post=243484"}],"wp:featuredmedia":[{"embeddable":true,"href":"https:\/\/baldumarket.lt\/lt\/wp-json\/wp\/v2\/media\/243485"}],"wp:attachment":[{"href":"https:\/\/baldumarket.lt\/lt\/wp-json\/wp\/v2\/media?parent=243484"}],"wp:term":[{"taxonomy":"product_brand","embeddable":true,"href":"https:\/\/baldumarket.lt\/lt\/wp-json\/wp\/v2\/product_brand?post=243484"},{"taxonomy":"product_cat","embeddable":true,"href":"https:\/\/baldumarket.lt\/lt\/wp-json\/wp\/v2\/product_cat?post=243484"},{"taxonomy":"product_tag","embeddable":true,"href":"https:\/\/baldumarket.lt\/lt\/wp-json\/wp\/v2\/product_tag?post=243484"}],"curies":[{"name":"wp","href":"https:\/\/api.w.org\/{rel}","templated":true}]}}