{"id":243479,"date":"2026-01-02T22:58:11","date_gmt":"2026-01-02T19:58:11","guid":{"rendered":"https:\/\/baldumarket.lt\/product\/slupek-wysoki-35-cm-ocean-black\/"},"modified":"2026-02-11T18:33:45","modified_gmt":"2026-02-11T15:33:45","slug":"slupek-wysoki-35-cm-ocean-black","status":"publish","type":"product","link":"https:\/\/baldumarket.lt\/lt\/product\/slupek-wysoki-35-cm-ocean-black\/","title":{"rendered":"Auk\u0161tas stulpas 35 cm, vandenyno juodumo"},"content":{"rendered":"<p>Auk\u0161ta spintel\u0117 \u201eOCEAN BLACK\u201c, 35 cm. Eleganti\u0161ka \u201eComad\u201c auk\u0161ta spintel\u0117 \u201eOCEAN BLACK\u201c derina matin\u0119 juod\u0105 spalv\u0105 su alyvuotu \u0105\u017euolu. Pagaminta i\u0161 laminuotos plok\u0161t\u0117s ir MDF, pasi\u017eymi madingais frezuotais fasadais, \u0161velnaus u\u017edarymo sistema ir 4 lentynomis. Puikiai tinka kabinti ant sienos, prakti\u0161ka ir stilinga. Matmenys: Plotis (cm): 35 Gylis (cm): 33 Auk\u0161tis (cm): 170 Svoris (kg): 27,5 Techniniai duomenys: Spalva: Matin\u0117 juoda, Alyvuotas \u0105\u017euolas Med\u017eiaga: Laminuota plok\u0161t\u0117 \/ MDF plok\u0161t\u0117 Korpuso med\u017eiaga: Laminuota plok\u0161t\u0117 Korpuso spalva: Alyvuota \u0105\u017euolas Priekio med\u017eiaga: MDF plok\u0161t\u0117 Priekio spalva: Matin\u0117 juoda Priekio konstrukcija: Frezuotas ra\u0161tas Reikalingas surinkimas: Taip Tvirtinimo kai\u0161\u010diai pridedami: Taip Tvirtinimo pakuot\u0117 \u012ftraukta: Taip Montavimo viduje b\u016bdas: Pakabinimui ant sienos Dur\u0173 kiekis: 2 Dur\u0173 skai\u010dius: Universal\u016bs Vyriai: \u0160velniai u\u017esidaro Rankenos: Integruotos Rankenos med\u017eiaga: MDF plok\u0161t\u0117 Rankenos spalva: Matin\u0117 juoda Fiksuotos lentynos Kiekis: 4 Fiksuotos lentynos Med\u017eiaga: Laminuota plok\u0161t\u0117 Fiksuotos lentynos spalva: Alyvuotas \u0105\u017euolas Fiksuotos lentynos apkrova (kg): 3Reguliuojamos lentynos med\u017eiaga: Netaikoma Reguliuojamos lentynos spalva: Netaikoma Reguliuojamos lentynos apkrova (kg): 0 Eleganti\u0161ki, auk\u0161ti \u201eComad\u201c OCEAN BLACK statrams\u010diai yra puikus pasirinkimas moderniam ir stilingam interjerui. J\u0173 matin\u0117s juodos MDF priekio suteikia jiems i\u0161skirtin\u0117s elegancijos ir modernumo. Frezuotas ra\u0161tas priekin\u0117se dalyse dar labiau pabr\u0117\u017eia j\u0173 unikalum\u0105, sukurdamas nuostab\u0173 vizualin\u012f efekt\u0105. Korpusas, pagamintas i\u0161 alyvuoto \u0105\u017euolo spalvos laminuotos plok\u0161t\u0117s, suteikia \u0161ilumos ir nat\u016bralaus \u017eavesio, puikiai dera su kitais dizaino elementais. Juodos ir med\u017eio derinys yra klasika, kuri puikiai dera tiek minimalistiniame, tiek tradici\u0161kesniame interjere. OCEAN BLACK vertikali\u0173 lentyn\u0173 funkcionalumas pakelia jas \u012f kit\u0105 lyg\u012f. Dvejos universalios, \u0161velniai u\u017esidaran\u010dios durel\u0117s u\u017etikrina patog\u0173 naudojim\u0105, o integruotos matin\u0117s juodos MDF ranken\u0117l\u0117s suteikia elegancijos. Fiksuotos lentynos, kuri\u0173 kiekvienos keliamoji galia yra 3 kg, si\u016blo prakti\u0161k\u0105 \u012fvairi\u0173 daikt\u0173 laikymo viet\u0105 ir padeda palaikyti tvark\u0105 kambaryje. \u0160is modelis skirtas montuoti prie sienos, taupant viet\u0105 ir suteikiant interjerui lengvumo. Surinkimas yra paprastas d\u0117ka pridedam\u0173 tvirtinimo kai\u0161\u010di\u0173 ir tvirtinimo rinkinio. Su\u017eav\u0117kite savo sve\u010dius ir suteikite savo interjerui unikalumo pasirinkdami OCEAN BLACK stulpelius \u2013 tobul\u0105 estetikos ir funkcionalumo derin\u012f.<\/p>","protected":false},"excerpt":{"rendered":"<p>Plotis (cm): 35<br \/>\nGylis (cm): 33<br \/>\n\u016agis (cm): 170<\/p>","protected":false},"featured_media":243480,"comment_status":"open","ping_status":"open","template":"","meta":[],"product_brand":[],"product_cat":[9117,2015,9187],"product_tag":[],"class_list":{"0":"post-243479","1":"product","2":"type-product","3":"status-publish","4":"has-post-thumbnail","6":"product_cat-bathroom","7":"product_cat-comad","8":"product_cat-washbasin-cabinet-comad","10":"first","11":"instock","12":"purchasable","13":"product-type-simple"},"_links":{"self":[{"href":"https:\/\/baldumarket.lt\/lt\/wp-json\/wp\/v2\/product\/243479","targetHints":{"allow":["GET"]}}],"collection":[{"href":"https:\/\/baldumarket.lt\/lt\/wp-json\/wp\/v2\/product"}],"about":[{"href":"https:\/\/baldumarket.lt\/lt\/wp-json\/wp\/v2\/types\/product"}],"replies":[{"embeddable":true,"href":"https:\/\/baldumarket.lt\/lt\/wp-json\/wp\/v2\/comments?post=243479"}],"wp:featuredmedia":[{"embeddable":true,"href":"https:\/\/baldumarket.lt\/lt\/wp-json\/wp\/v2\/media\/243480"}],"wp:attachment":[{"href":"https:\/\/baldumarket.lt\/lt\/wp-json\/wp\/v2\/media?parent=243479"}],"wp:term":[{"taxonomy":"product_brand","embeddable":true,"href":"https:\/\/baldumarket.lt\/lt\/wp-json\/wp\/v2\/product_brand?post=243479"},{"taxonomy":"product_cat","embeddable":true,"href":"https:\/\/baldumarket.lt\/lt\/wp-json\/wp\/v2\/product_cat?post=243479"},{"taxonomy":"product_tag","embeddable":true,"href":"https:\/\/baldumarket.lt\/lt\/wp-json\/wp\/v2\/product_tag?post=243479"}],"curies":[{"name":"wp","href":"https:\/\/api.w.org\/{rel}","templated":true}]}}