{"id":243473,"date":"2026-01-02T22:58:08","date_gmt":"2026-01-02T19:58:08","guid":{"rendered":"https:\/\/baldumarket.lt\/product\/slupek-wysoki-35-cm-ocean-beige\/"},"modified":"2026-02-11T18:33:45","modified_gmt":"2026-02-11T15:33:45","slug":"slupek-wysoki-35-cm-ocean-beige","status":"publish","type":"product","link":"https:\/\/baldumarket.lt\/lt\/product\/slupek-wysoki-35-cm-ocean-beige\/","title":{"rendered":"Auk\u0161tas stulpas 35 cm, vandenyno sm\u0117lio spalvos"},"content":{"rendered":"<p>Auk\u0161ta kolona OCEAN BEIGE, 35 cm. Eleganti\u0161kas \u201eComad\u201c OCEAN BEIGE baldas, kurio matmenys 35x33x170 cm, pagamintas i\u0161 laminuotos plok\u0161t\u0117s ir MDF, yra sm\u0117lio ir \u0105\u017euolo spalvos. Jame yra keturios fiksuotos lentynos, frezuotas priekis, integruota rankena ir \u0161velniai u\u017esidaran\u010dios durel\u0117mis. Puikiai tinka kabintiMatmenys:Plotis (cm): 35Gylis (cm): 33Auk\u0161tis (cm): 170Svoris (kg): 27,5Techniniai duomenys:Spalva: Sm\u0117lio spalvos, Alyvuoto \u0105\u017euoloMed\u017eiaga: Laminuota plok\u0161t\u0117 \/ MDF plok\u0161t\u0117Korpuso med\u017eiaga: Laminuota plok\u0161t\u0117Korpuso spalva: Alyvuotas \u0105\u017euolasFasado med\u017eiaga: MDF plok\u0161t\u0117Fasado spalva: Sm\u0117lio spalvosFasado strukt\u016bra: Frezuotas ra\u0161tasReikalingas surinkimas: TaipPridedami tvirtinimo kai\u0161\u010diai: Taip\u012e komplekt\u0105 \u012feina montavimo pakuot\u0117: TaipMontavimo b\u016bdas patalpoje:Pakabinimui ant sienosDureli\u0173 kiekis: 1Dureli\u0173 skai\u010dius: Universal\u016bsVyrai: \u0160velnus u\u017edarymasRankenos: IntegruotosRankenos med\u017eiaga: MDF plok\u0161t\u0117Rankenos spalva: Sm\u0117lio spalvosFiksuot\u0173 lentyn\u0173 kiekis: 4Fiksuot\u0173 lentyn\u0173Fiksuot\u0173 lentyn\u0173 med\u017eiaga: Laminuota plok\u0161t\u0117Fiksuotos lentynos spalva: Alyvuotas \u0105\u017euolasFiksuotos lentynos svorio talpa (kg): 3Reguliuojamos lentynos med\u017eiaga: NetaikomaReguliuojamos lentynos spalva: NetaikomaReguliuojamos lentynos svorio talpa (kg): 0Pristatome 35 cm OCEAN BEIGE auk\u0161tus \u201eComad\u201c stulpus \u2013 puikus pasirinkimas stilingam ir funkcionaliam interjerui. \u0160is eleganti\u0161kas stulpas, pagamintas i\u0161 auk\u0161tos kokyb\u0117s laminuotos plok\u0161t\u0117s ir MDF, sujungia modern\u0173 dizain\u0105 ir patvarum\u0105. Jo matmenys \u2013 35 cm plo\u010dio, 33 cm gylio ir 170 cm auk\u0161\u010dio \u2013 idealiai tinka tiek ma\u017eoms, tiek didesn\u0117ms erdv\u0117ms. Svoris \u2013 27,5 kg, u\u017etikrina stabilum\u0105 ir tvirtum\u0105. Sm\u0117lio ir alyvuoto \u0105\u017euolo atspalvi\u0173 spalv\u0173 gama leid\u017eia \u0161iam baldui der\u0117ti prie \u012fvairi\u0173 interjero dizain\u0173, suteikiant jaukumo ir stiliaus. Stulpelis turi vienas duris su universaliais, \u0161velniai u\u017esidaran\u010diais vyriais, kad b\u016bt\u0173 lengva naudoti. Integruota sm\u0117lio spalvos MDF rankena yra ne tik prakti\u0161ka, bet ir esteti\u0161kai patraukli. \u0160is baldas turi keturias fiksuotas lentynas, pagamintas i\u0161 laminuotos plok\u0161t\u0117s su alyvuotu \u0105\u017euolu, kuri\u0173 kiekvienos keliamoji galia yra iki 3 kg. Tai leid\u017eia lengvai sutalpinti visus b\u016btiniausius daiktus, i\u0161laikant tvark\u0105 ir elegancij\u0105 j\u016bs\u0173 kambaryje. Stulpelis skirtas montuoti ant sienos, tod\u0117l maksimaliai taupoma vieta. Gamin\u012f reikia surinkti, ta\u010diau komplekte yra visi reikalingi tvirtinimo kai\u0161\u010diai ir tvirtinimo rinkinys. Leiskite sau pasiduoti unikaliam \u201eComad\u201c auk\u0161t\u0173 kolon\u0173 OCEAN BEIGE dizainui ir funkcionalumui ir pakeiskite savo interjer\u0105 jau \u0161iandien!<\/p>","protected":false},"excerpt":{"rendered":"<p>Plotis (cm): 35<br \/>\nGylis (cm): 33<br \/>\n\u016agis (cm): 170<\/p>","protected":false},"featured_media":243474,"comment_status":"open","ping_status":"open","template":"","meta":[],"product_brand":[],"product_cat":[9117,2015,9187],"product_tag":[],"class_list":{"0":"post-243473","1":"product","2":"type-product","3":"status-publish","4":"has-post-thumbnail","6":"product_cat-bathroom","7":"product_cat-comad","8":"product_cat-washbasin-cabinet-comad","10":"first","11":"instock","12":"purchasable","13":"product-type-simple"},"_links":{"self":[{"href":"https:\/\/baldumarket.lt\/lt\/wp-json\/wp\/v2\/product\/243473","targetHints":{"allow":["GET"]}}],"collection":[{"href":"https:\/\/baldumarket.lt\/lt\/wp-json\/wp\/v2\/product"}],"about":[{"href":"https:\/\/baldumarket.lt\/lt\/wp-json\/wp\/v2\/types\/product"}],"replies":[{"embeddable":true,"href":"https:\/\/baldumarket.lt\/lt\/wp-json\/wp\/v2\/comments?post=243473"}],"wp:featuredmedia":[{"embeddable":true,"href":"https:\/\/baldumarket.lt\/lt\/wp-json\/wp\/v2\/media\/243474"}],"wp:attachment":[{"href":"https:\/\/baldumarket.lt\/lt\/wp-json\/wp\/v2\/media?parent=243473"}],"wp:term":[{"taxonomy":"product_brand","embeddable":true,"href":"https:\/\/baldumarket.lt\/lt\/wp-json\/wp\/v2\/product_brand?post=243473"},{"taxonomy":"product_cat","embeddable":true,"href":"https:\/\/baldumarket.lt\/lt\/wp-json\/wp\/v2\/product_cat?post=243473"},{"taxonomy":"product_tag","embeddable":true,"href":"https:\/\/baldumarket.lt\/lt\/wp-json\/wp\/v2\/product_tag?post=243473"}],"curies":[{"name":"wp","href":"https:\/\/api.w.org\/{rel}","templated":true}]}}