{"id":243451,"date":"2026-01-02T22:58:00","date_gmt":"2026-01-02T19:58:00","guid":{"rendered":"https:\/\/baldumarket.lt\/product\/slupek-wysoki-30-cm-line-reed-green\/"},"modified":"2026-02-11T18:33:46","modified_gmt":"2026-02-11T15:33:46","slug":"slupek-wysoki-30-cm-line-reed-green","status":"publish","type":"product","link":"https:\/\/baldumarket.lt\/lt\/product\/slupek-wysoki-30-cm-line-reed-green\/","title":{"rendered":"Auk\u0161tas stulpas 30 cm LINIJA RED GREEN"},"content":{"rendered":"<p>LINE REED GREEN auk\u0161ta kolona, 30 cm. Eleganti\u0161ka \u201eComad\u201c pakabinama kolona LINE REED GREEN, kurios matmenys 30x25x140 cm, pagaminta i\u0161 laminuotos plok\u0161t\u0117s ir MDF plok\u0161t\u0117s, spalvos \u201eReed Green\u201c. Ji turi 5 lentynas, \u0161velniai u\u017esidaran\u010dias dureles ir integruotas rankenas. Reikia surinkti, visos surinkimo dalys yra komplekte. Matmenys: Plotis (cm): 30 Gylis (cm): 25 Auk\u0161tis (cm): 140 Svoris (kg): 16,5 Techniniai duomenys: Spalva: Nendri\u0173 \u017ealia Med\u017eiaga: Laminuota plok\u0161t\u0117 \/ MDF plok\u0161t\u0117 Korpuso med\u017eiaga: Laminuota plok\u0161t\u0117 Korpuso spalva: Nendri\u0173 \u017ealia Priekio med\u017eiaga: MDF plok\u0161t\u0117 Priekio spalva: Nendri\u0173 \u017ealia Priekio konstrukcija: Frezuoti vertikaliai grioveliai Reikalingas surinkimas: Taip Tvirtinimo kai\u0161\u010diai pridedami: Taip, yra komplekte Tvirtinimo pakuot\u0117 komplekte: Taip Montavimo viduje b\u016bdas: Pakabinimui ant sienos Dur\u0173 kiekis: 2 Dur\u0173 skai\u010dius: Universal\u016bs Vyriai: \u0160velniai u\u017esidaro Rankenos: Integruotos Ranken\u0173 med\u017eiaga: MDF plok\u0161t\u0117 Rankenos spalva: Nendri\u0173 \u017ealia Fiksuot\u0173 lentyn\u0173 kiekis: 3 Fiksuot\u0173 lentyn\u0173 Lentyn\u0173 med\u017eiaga: Laminuota plok\u0161t\u0117, Fiksuota lentyna Spalva: Nendri\u0173 \u017ealia, Fiksuota lentyna, Keliamoji galia (kg): 5, Reguliuojam\u0173 lentyn\u0173 kiekis: 2, Reguliuojamos lentynos, Reguliuojama lentyna Med\u017eiaga: Laminuota plok\u0161t\u0117, Reguliuojama lentyna Spalva: Nendri\u0173 \u017ealia, Reguliuojama lentyna, Keliamoji galia (kg): 5, Papildomi spinteli\u0173 priedai: Dekoratyvin\u0117 lentyna i\u0161 NOVA kolekcijos. Su \u201eComad\u201c auk\u0161ta spintele \u201eLINE REED GREEN\u201c suteikite savo interjerui elegancijos ir funkcionalumo. \u0160i kompakti\u0161ka spintel\u0117, kurios plotis \u2013 30 cm, gylis \u2013 25 cm, o auk\u0161tis \u2013 140 cm, puikiai tiks \u012fvairiuose interjeruose ir suteiks papildomos vietos daiktams susid\u0117ti.<\/p>\n<p>Pagaminta i\u0161 auk\u0161tos kokyb\u0117s laminuotos plok\u0161t\u0117s ir MDF, LINE REED GREEN spintel\u0117 yra patvari ir atspari kasdieniam naudojimui. Jos \u201eReed Green\u201c spalvos korpusas ir fasadai suteiks j\u016bs\u0173 interjerui gaivumo ir modernumo. Papildomas fasad\u0173 privalumas \u2013 vertikal\u016bs frezuoti grioveliai, suteikiantys baldams unikal\u0173 charakter\u012f.<\/p>\n<p>\u0160is modelis sukurtas lengvam surinkimui ir naudojimui. Komplekte yra reikalingi tvirtinimo inkarai ir surinkimo rinkinys. Spintel\u0119 reikia surinkti pa\u010diam ir ji skirta montuoti prie sienos, tod\u0117l erdv\u0119 lengva i\u0161d\u0117styti pagal savo poreikius.<\/p>\n<p>Spintel\u0117 turi dvi universalias duris su \u0161velnaus u\u017edarymo mechanizmu, tod\u0117l lengvai pasieksite laikomus daiktus. Integruotos rankenos, pagamintos i\u0161 MDF plok\u0161t\u0117s, spalvos \u201eReed Green\u201c, suteikia bendrai i\u0161vaizdai vientisumo ir elegancijos.<\/p>\n<p>LINE REED GREEN spintel\u0117s funkcionalum\u0105 padidina trys fiksuotos ir dvi reguliuojamo auk\u0161\u010dio lentynos, kuri\u0173 kiekvienos keliamoji galia siekia iki 5 kg. \u0160ios lentynos leid\u017eia lengvai susisteminti daiktus pagal j\u016bs\u0173 poreikius. Spintel\u0117 taip pat puikiai dera su dekoratyvine NOVA kolekcijos lentyna, leisdama sukurti harmoning\u0105 i\u0161d\u0117stym\u0105 j\u016bs\u0173 namuose.<\/p>\n<p>Rinkit\u0117s auk\u0161t\u0105 spintel\u0119 LINE REED GREEN ir m\u0117gaukit\u0117s stiliaus bei funkcionalumo deriniu kiekvien\u0105 dien\u0105.<\/p>","protected":false},"excerpt":{"rendered":"<p>Plotis (cm): 30<br \/>\nGylis (cm): 25<br \/>\n\u016agis (cm): 140<\/p>","protected":false},"featured_media":243452,"comment_status":"open","ping_status":"open","template":"","meta":[],"product_brand":[],"product_cat":[9117,2015,9187],"product_tag":[],"class_list":{"0":"post-243451","1":"product","2":"type-product","3":"status-publish","4":"has-post-thumbnail","6":"product_cat-bathroom","7":"product_cat-comad","8":"product_cat-washbasin-cabinet-comad","10":"first","11":"instock","12":"purchasable","13":"product-type-simple"},"_links":{"self":[{"href":"https:\/\/baldumarket.lt\/lt\/wp-json\/wp\/v2\/product\/243451","targetHints":{"allow":["GET"]}}],"collection":[{"href":"https:\/\/baldumarket.lt\/lt\/wp-json\/wp\/v2\/product"}],"about":[{"href":"https:\/\/baldumarket.lt\/lt\/wp-json\/wp\/v2\/types\/product"}],"replies":[{"embeddable":true,"href":"https:\/\/baldumarket.lt\/lt\/wp-json\/wp\/v2\/comments?post=243451"}],"wp:featuredmedia":[{"embeddable":true,"href":"https:\/\/baldumarket.lt\/lt\/wp-json\/wp\/v2\/media\/243452"}],"wp:attachment":[{"href":"https:\/\/baldumarket.lt\/lt\/wp-json\/wp\/v2\/media?parent=243451"}],"wp:term":[{"taxonomy":"product_brand","embeddable":true,"href":"https:\/\/baldumarket.lt\/lt\/wp-json\/wp\/v2\/product_brand?post=243451"},{"taxonomy":"product_cat","embeddable":true,"href":"https:\/\/baldumarket.lt\/lt\/wp-json\/wp\/v2\/product_cat?post=243451"},{"taxonomy":"product_tag","embeddable":true,"href":"https:\/\/baldumarket.lt\/lt\/wp-json\/wp\/v2\/product_tag?post=243451"}],"curies":[{"name":"wp","href":"https:\/\/api.w.org\/{rel}","templated":true}]}}