{"id":243436,"date":"2026-01-02T22:57:56","date_gmt":"2026-01-02T19:57:56","guid":{"rendered":"https:\/\/baldumarket.lt\/product\/slupek-wysoki-2-drzwiowy-30-cm-viva-cashmere\/"},"modified":"2026-02-11T18:33:46","modified_gmt":"2026-02-11T15:33:46","slug":"slupek-wysoki-2-drzwiowy-30-cm-viva-cashmere","status":"publish","type":"product","link":"https:\/\/baldumarket.lt\/lt\/product\/slupek-wysoki-2-drzwiowy-30-cm-viva-cashmere\/","title":{"rendered":"Viva Cashmere 2 dur\u0173 auk\u0161ta kolona 30 cm"},"content":{"rendered":"<p>\u201eViva Cashmere\u201c 2 dur\u0173 auk\u0161ta spintel\u0117, 30 cm. Atraskite \u201eComad\u201c \u201eViva Cashmere\u201c 2 dur\u0173 auk\u0161tos spintel\u0117s elegancij\u0105. Subtilus ka\u0161myro apdaila ir trima\u010diai \u201eeglut\u0117s\u201c ra\u0161to fasadai derina stili\u0173 ir funkcionalum\u0105. \u0160velniai u\u017esidaranti, penkios erdvios lentynos. Matmenys: Plotis (cm): 30 Gylis (cm): 25 Auk\u0161tis (cm): 140 Svoris (kg): 17 Techniniai duomenys: Korpuso spalva: Matin\u0117 ka\u0161myro spalva Priekio spalva: Matin\u0117 ka\u0161myro spalva Korpuso med\u017eiaga: Laminuota plok\u0161t\u0117 Priekio med\u017eiaga: MDF Vyriai: \u0160velniai u\u017esidaranti Dur\u0173 tvirtinimo kryptis: De\u0161in\u0117 \/ Kair\u0117 Surinkimo rinkinys \u012ftrauktas: Taip Surinkimas: Savaranki\u0161kas surinkimas Atraskite i\u0161skirtin\u0119 elegancij\u0105 ir funkcionalum\u0105, kur\u012f si\u016blo garsaus \u201eComad\u201c prek\u0117s \u017eenklo \u201eViva Cashmere\u201c 2 dur\u0173 auk\u0161ta spintel\u0117, 30 cm. Sukurtas \u017emon\u0117ms, vertinantiems subtilum\u0105 ir modern\u0173 dizain\u0105, \u0161is baldas taps itin stilingu akcentu j\u016bs\u0173 interjere. Ka\u0161myro spalva, tiek ant korpuso, tiek ant fasado, suteikia spintelei unikal\u0173 charakter\u012f, kuris puikiai atitinka dabartines interjero dizaino tendencijas. \u012esp\u016bdinga 140 cm auk\u0161\u010dio spintel\u0117 si\u016blo penkias erdvias lentynas, kuriose tilps visi j\u016bs\u0173 vonios kambario aksesuarai, tuo pa\u010diu u\u017etikrinant tvark\u0105 ir harmonij\u0105 erdv\u0117je. D\u0117l tyli\u0173 vyri\u0173 kiekvienas atidarymas ir u\u017edarymas tampa malonumu, leisdamas m\u0117gautis atsipalaidavimo akimirka be nemalonaus triuk\u0161mo. \u0160i kolona yra ne tik esteti\u0161kai patraukli, bet ir prakti\u0161ka, tod\u0117l puikiai tinka bet kuriam vonios kambariui. Auk\u0161tos kokyb\u0117s MDF ir laminuotos plok\u0161t\u0117s konstrukcija u\u017etikrina patvarum\u0105 ir ilgaam\u017ei\u0161kum\u0105, o eleganti\u0161ki, trima\u010diai frezuoti \u201esilk\u0117s kaulo\u201c formos fasadai yra ak\u012f traukian\u010dios detal\u0117s, suteikian\u010dios interjerui gylio. Auk\u0161tos kokyb\u0117s med\u017eiagos kartu su gamintojo dizaino po\u017ei\u016briu pabr\u0117\u017eia bald\u0173 stipri\u0105sias puses ir j\u0173 suderinamum\u0105 su kitais \u201eNova\u201c kolekcijos elementais. Savaranki\u0161kas surinkimas yra paprastas ir nereikalauja joki\u0173 speciali\u0173 \u017eini\u0173, tod\u0117l \u0161is baldas yra idealus pasirinkimas visiems, norintiems greitai pakeisti savo interjer\u0105. 2 met\u0173 garantija yra papildomas privalumas, patvirtinantis gamintojo kokyb\u0119 ir \u012fsipareigojim\u0105 klient\u0173 pasitenkinimui. Rinkit\u0117s modernum\u0105 ir elegancij\u0105 su \u201eViva Cashmere\u201c auk\u0161ta kolona ir m\u0117gaukit\u0117s savo vonios kambario gro\u017eiu kiekvien\u0105 dien\u0105.<\/p>","protected":false},"excerpt":{"rendered":"<p>Plotis (cm): 30<br \/>\n\u016agis (cm): 140<br \/>\nGylis (cm): 25<\/p>","protected":false},"featured_media":243437,"comment_status":"open","ping_status":"open","template":"","meta":[],"product_brand":[],"product_cat":[9117,2015,9187],"product_tag":[],"class_list":{"0":"post-243436","1":"product","2":"type-product","3":"status-publish","4":"has-post-thumbnail","6":"product_cat-bathroom","7":"product_cat-comad","8":"product_cat-washbasin-cabinet-comad","10":"first","11":"instock","12":"purchasable","13":"product-type-simple"},"_links":{"self":[{"href":"https:\/\/baldumarket.lt\/lt\/wp-json\/wp\/v2\/product\/243436","targetHints":{"allow":["GET"]}}],"collection":[{"href":"https:\/\/baldumarket.lt\/lt\/wp-json\/wp\/v2\/product"}],"about":[{"href":"https:\/\/baldumarket.lt\/lt\/wp-json\/wp\/v2\/types\/product"}],"replies":[{"embeddable":true,"href":"https:\/\/baldumarket.lt\/lt\/wp-json\/wp\/v2\/comments?post=243436"}],"wp:featuredmedia":[{"embeddable":true,"href":"https:\/\/baldumarket.lt\/lt\/wp-json\/wp\/v2\/media\/243437"}],"wp:attachment":[{"href":"https:\/\/baldumarket.lt\/lt\/wp-json\/wp\/v2\/media?parent=243436"}],"wp:term":[{"taxonomy":"product_brand","embeddable":true,"href":"https:\/\/baldumarket.lt\/lt\/wp-json\/wp\/v2\/product_brand?post=243436"},{"taxonomy":"product_cat","embeddable":true,"href":"https:\/\/baldumarket.lt\/lt\/wp-json\/wp\/v2\/product_cat?post=243436"},{"taxonomy":"product_tag","embeddable":true,"href":"https:\/\/baldumarket.lt\/lt\/wp-json\/wp\/v2\/product_tag?post=243436"}],"curies":[{"name":"wp","href":"https:\/\/api.w.org\/{rel}","templated":true}]}}