{"id":243429,"date":"2026-01-02T22:57:54","date_gmt":"2026-01-02T19:57:54","guid":{"rendered":"https:\/\/baldumarket.lt\/product\/slupek-wysoki-1-drzwiowy-wiszacy-donna-sand\/"},"modified":"2026-02-11T18:33:46","modified_gmt":"2026-02-11T15:33:46","slug":"slupek-wysoki-1-drzwiowy-wiszacy-donna-sand","status":"publish","type":"product","link":"https:\/\/baldumarket.lt\/lt\/product\/slupek-wysoki-1-drzwiowy-wiszacy-donna-sand\/","title":{"rendered":"Donna Sand 1 dur\u0173 pakabinamas auk\u0161tas stulpas"},"content":{"rendered":"<p>\u201eDonna Sand\u201c vien\u0173 dur\u0173 auk\u0161ta prie sienos tvirtinama spintel\u0117. \u201eDonna Sand\u201c vien\u0173 dur\u0173 auk\u0161ta spintel\u0117 \u2013 eleganti\u0161kas sm\u0117lio spalvos baldas su subtiliu frezavimu, puikiai tinkantis vonios kambariui. Auksin\u0117s ranken\u0117l\u0117s suteikia elegancijos, o \u0161velnaus u\u017edarymo sistema padidina komfort\u0105. Patvarios med\u017eiagos u\u017etikrina ilgaam\u017ei\u0161kum\u0105. Matmenys: Plotis (cm): 35 Gylis (cm): 25,2 Auk\u0161tis (cm): 140 Svoris (kg): 15,8 Techniniai duomenys: Korpuso spalva: sm\u0117lio sm\u0117lio spalvos Priekin\u0117 spalva: sm\u0117lio sm\u0117lio spalvos Rankenos spalva: blizgi auksin\u0117 Korpuso med\u017eiaga: laminuota plok\u0161t\u0117 Priekin\u0117 med\u017eiaga: MDF plok\u0161t\u0117 Rankenos med\u017eiaga: metalin\u0117 Vyriai: \u0161velnus u\u017edarymas Dur\u0173 tvirtinimo kryptis: de\u0161in\u0117 \/ kair\u0117 \u012e komplekt\u0105 \u012feina: taip Surinkimas: savaranki\u0161kas surinkimas Auk\u0161ta \u201eDonna Sand\u201c vien\u0173 dur\u0173 prie sienos tvirtinama spintel\u0117 yra puikus sprendimas tiems, kurie nori savo interjerui suteikti elegancijos ir modernumo. Jos subtili, sm\u0117lio spalvos ka\u0161myro atspalvio apdaila puikiai dera prie dabartini\u0173 tendencij\u0173, suteikdama erdvei jaukumo ir harmoningumo. \u017davingos auksin\u0117s ranken\u0117l\u0117s papildo bendr\u0105 dizain\u0105, pabr\u0117\u017edamos unikal\u0173 bald\u0173 stili\u0173 ir rafinuot\u0105 i\u0161vaizd\u0105. 140 cm auk\u0161\u010dio spintel\u0117 pasi\u017eymi ne tik estetika, bet ir funkcionalumu. Su keturiomis vidin\u0117mis lentynomis \u0161is prakti\u0161kas baldas leid\u017eia lengvai susitvarkyti daiktus, ypa\u010d vonios kambaryje ar virtuv\u0117je. D\u0117l kruop\u0161\u010diai suprojektuotos \u0161velnaus u\u017edarymo sistemos spintel\u0117s naudojimas tampa malonumu ir u\u017etikrina kasdien\u012f komfort\u0105. Pagaminta i\u0161 auk\u0161tos kokyb\u0117s med\u017eiag\u0173, toki\u0173 kaip MDF ir laminuota plok\u0161t\u0117, \u201eDonna Sand\u201c spintel\u0117 yra ne tik gra\u017ei, bet ir patvari. Tvirta konstrukcija u\u017etikrina, kad ji ilgus metus puo\u0161 j\u016bs\u0173 interjer\u0105, i\u0161laikydama estetin\u012f patrauklum\u0105. \u201eDonna Sand\u201c kolekcijos gaminiai yra puikus pasirinkimas tiems, kurie vertina ir stili\u0173, ir kokyb\u0119. Kiekvienas \u0161ios kolekcijos elementas yra sukurtas atsi\u017evelgiant \u012f detales. Lenki\u0161ka gamyba ir sertifikuotos med\u017eiagos, atitinkan\u010dios FSC standart\u0105, ne tik u\u017etikrina bald\u0173 patvarum\u0105, bet ir prisideda prie j\u0173 ekologi\u0161kumo. Komplekte yra visi reikalingi priedai savaranki\u0161kam surinkimui, tod\u0117l tai puikus sprendimas visiems, norintiems greitai ir lengvai pakeisti savo interjer\u0105. Nelaukite, pamatykite, kaip auk\u0161ta \u201eDonna Sand\u201c spintel\u0117 gali pagerinti j\u016bs\u0173 erdv\u0119! Palepinkite save prabangos prisilietimu kasdieniame gyvenime ir i\u0161sirinkite bald\u0105, kuris derina gro\u017e\u012f ir prakti\u0161kum\u0105. D\u0117l universalaus stiliaus jis puikiai der\u0117s prie \u012fvairi\u0173 kompozicij\u0173, suteikdamas unikalaus \u017eavesio.<\/p>","protected":false},"excerpt":{"rendered":"<p>Plotis (cm): 35<br \/>\n\u016agis (cm): 140<br \/>\nGylis (cm): 25,2<\/p>","protected":false},"featured_media":243430,"comment_status":"open","ping_status":"open","template":"","meta":[],"product_brand":[],"product_cat":[9117,2015,9187],"product_tag":[],"class_list":{"0":"post-243429","1":"product","2":"type-product","3":"status-publish","4":"has-post-thumbnail","6":"product_cat-bathroom","7":"product_cat-comad","8":"product_cat-washbasin-cabinet-comad","10":"first","11":"instock","12":"purchasable","13":"product-type-simple"},"_links":{"self":[{"href":"https:\/\/baldumarket.lt\/lt\/wp-json\/wp\/v2\/product\/243429","targetHints":{"allow":["GET"]}}],"collection":[{"href":"https:\/\/baldumarket.lt\/lt\/wp-json\/wp\/v2\/product"}],"about":[{"href":"https:\/\/baldumarket.lt\/lt\/wp-json\/wp\/v2\/types\/product"}],"replies":[{"embeddable":true,"href":"https:\/\/baldumarket.lt\/lt\/wp-json\/wp\/v2\/comments?post=243429"}],"wp:featuredmedia":[{"embeddable":true,"href":"https:\/\/baldumarket.lt\/lt\/wp-json\/wp\/v2\/media\/243430"}],"wp:attachment":[{"href":"https:\/\/baldumarket.lt\/lt\/wp-json\/wp\/v2\/media?parent=243429"}],"wp:term":[{"taxonomy":"product_brand","embeddable":true,"href":"https:\/\/baldumarket.lt\/lt\/wp-json\/wp\/v2\/product_brand?post=243429"},{"taxonomy":"product_cat","embeddable":true,"href":"https:\/\/baldumarket.lt\/lt\/wp-json\/wp\/v2\/product_cat?post=243429"},{"taxonomy":"product_tag","embeddable":true,"href":"https:\/\/baldumarket.lt\/lt\/wp-json\/wp\/v2\/product_tag?post=243429"}],"curies":[{"name":"wp","href":"https:\/\/api.w.org\/{rel}","templated":true}]}}