{"id":243421,"date":"2026-01-02T22:57:51","date_gmt":"2026-01-02T19:57:51","guid":{"rendered":"https:\/\/baldumarket.lt\/product\/slupek-wysoki-1-drzwiowy-ovalia-cremona\/"},"modified":"2026-02-11T18:33:46","modified_gmt":"2026-02-11T15:33:46","slug":"slupek-wysoki-1-drzwiowy-ovalia-cremona","status":"publish","type":"product","link":"https:\/\/baldumarket.lt\/lt\/product\/slupek-wysoki-1-drzwiowy-ovalia-cremona\/","title":{"rendered":"\u201eOvalia Cremona\u201c vienduri\u0173 kabina su auk\u0161tu statrams\u010diu"},"content":{"rendered":"<p>\u201eOvalia Cremona\u201c auk\u0161ta vien\u0173 dur\u0173 kolonin\u0117 spintel\u0117. Auk\u0161ta vien\u0173 dur\u0173 kolonin\u0117 spintel\u0117 \u201eOvalia Cremona\u201c \u2013 tai eleganti\u0161kas baldas, kuriame dera nat\u016bralus \u0105\u017euolo gro\u017eis ir modernus dizainas. \u012erengta \u0161velnaus u\u017edarymo sistema ir juodomis metalin\u0117mis rankenomis, ji si\u016blo erdvias lentynas, puikiai tinkan\u010dias j\u016bs\u0173 vonios kambariui sutvarkyti. Lenki\u0161ka kokyb\u0117. Matmenys: Plotis (cm): 40 Gylis (cm): 25,4 Auk\u0161tis (cm): 140 Svoris (kg): 21 Techniniai duomenys: Korpuso spalva: \u201eCremona Oak\u201c Priekin\u0117s dalies spalva: \u201eCremona Oak\u201c Korpuso med\u017eiaga: laminuota plok\u0161t\u0117 Priekin\u0117 dalis: MDF plok\u0161t\u0117 Rankenos med\u017eiaga: Metalin\u0117 Rankenos spalva: Matin\u0117 juoda Vyriai: \u0160velnus u\u017edarymas Dur\u0173 tvirtinimo kryptis: De\u0161in\u0117 \/ Kair\u0117 Surinkimo pakuot\u0117 \u012ftraukta: Taip Surinkimas: Savaranki\u0161kas surinkimas \u201eOvalia Cremona\u201c auk\u0161ta spintel\u0117 yra puikus pasirinkimas tiems, kurie nori derinti elegancij\u0105 su funkcionalumu. Unikalus dizainas traukia ak\u012f, o subtil\u016bs vertikal\u016bs grioveliai fasaduose suteikia baldams charakterio, sukurdami unikal\u0173 akcent\u0105 bet kuriame interjere. \u201eCremona Oak\u201c apdaila atspindi nat\u016bralios medienos gro\u017e\u012f, sukurdama jauki\u0105 atmosfer\u0105, kuri skatina atsipalaidavim\u0105 ir poils\u012f. 140 cm auk\u0161tis ir ergonomi\u0161ki matmenys leid\u017eia spintelei puikiai tinka bet kokiai erdvei, o keturios lentynos suteikia daug vietos \u012fvairiems smulkiems daiktams laikyti. Tai funkcionalus baldas, kuris supaprastins erdv\u0117s organizavim\u0105 tiek vonios kambaryje, tiek virtuv\u0117je. Be estetinio patrauklumo, \u201eOvalia Cremona\u201c u\u017etikrina kasdien\u012f komfort\u0105 d\u0117l \u0161velnaus u\u017edarymo sistemos, kuri suma\u017eina triuk\u0161m\u0105 ir paver\u010dia bald\u0173 naudojim\u0105 malonumu. Kiekviena \u201eOvalia Cremona\u201c kolekcijos detal\u0117 yra kruop\u0161\u010diai sukurta, u\u017etikrinant ne tik moderni\u0105 i\u0161vaizd\u0105, bet ir ilgaam\u017ei\u0161kum\u0105. Baldai pagaminti i\u0161 laminuotos plok\u0161t\u0117s ir MDF, tod\u0117l yra atspar\u016bs pa\u017eeidimams ir lengvai valomi. Lenki\u0161ka gamyba, pagr\u012fsta FSC sertifikuotomis med\u017eiagomis, garantuoja auk\u0161\u010diausi\u0105 kokyb\u0119, kuria galite pasitik\u0117ti. \u201eOvalia Cremona\u201c d\u0117\u017e\u0117s formos gro\u017eis \u2013 puikus b\u016bdas suderinti j\u016bs\u0173 interjer\u0105. Juodos metalin\u0117s rankenos suteikia elegancijos ir kontrasto su \u0161iltu \u0105\u017euolo dekoru, sukurdamos tikrai stiling\u0105 bendr\u0105 vaizd\u0105. Spintel\u0117 tiekiama su surinkimo rinkiniu, leid\u017eian\u010diu j\u0105 surinkti vos keliais \u017eingsniais. \u0160is stilingas j\u016bs\u0173 nam\u0173 papildymas tikrai d\u017eiugins ak\u012f ir suteiks j\u016bs\u0173 interjerui visi\u0161kai nauj\u0105 dimensij\u0105.<\/p>","protected":false},"excerpt":{"rendered":"<p>Plotis (cm): 40<br \/>\n\u016agis (cm): 140<br \/>\nGylis (cm): 25,4<\/p>","protected":false},"featured_media":243422,"comment_status":"open","ping_status":"open","template":"","meta":[],"product_brand":[],"product_cat":[9117,2015,9187],"product_tag":[],"class_list":{"0":"post-243421","1":"product","2":"type-product","3":"status-publish","4":"has-post-thumbnail","6":"product_cat-bathroom","7":"product_cat-comad","8":"product_cat-washbasin-cabinet-comad","10":"first","11":"instock","12":"purchasable","13":"product-type-simple"},"_links":{"self":[{"href":"https:\/\/baldumarket.lt\/lt\/wp-json\/wp\/v2\/product\/243421","targetHints":{"allow":["GET"]}}],"collection":[{"href":"https:\/\/baldumarket.lt\/lt\/wp-json\/wp\/v2\/product"}],"about":[{"href":"https:\/\/baldumarket.lt\/lt\/wp-json\/wp\/v2\/types\/product"}],"replies":[{"embeddable":true,"href":"https:\/\/baldumarket.lt\/lt\/wp-json\/wp\/v2\/comments?post=243421"}],"wp:featuredmedia":[{"embeddable":true,"href":"https:\/\/baldumarket.lt\/lt\/wp-json\/wp\/v2\/media\/243422"}],"wp:attachment":[{"href":"https:\/\/baldumarket.lt\/lt\/wp-json\/wp\/v2\/media?parent=243421"}],"wp:term":[{"taxonomy":"product_brand","embeddable":true,"href":"https:\/\/baldumarket.lt\/lt\/wp-json\/wp\/v2\/product_brand?post=243421"},{"taxonomy":"product_cat","embeddable":true,"href":"https:\/\/baldumarket.lt\/lt\/wp-json\/wp\/v2\/product_cat?post=243421"},{"taxonomy":"product_tag","embeddable":true,"href":"https:\/\/baldumarket.lt\/lt\/wp-json\/wp\/v2\/product_tag?post=243421"}],"curies":[{"name":"wp","href":"https:\/\/api.w.org\/{rel}","templated":true}]}}