{"id":243414,"date":"2026-01-02T22:57:49","date_gmt":"2026-01-02T19:57:49","guid":{"rendered":"https:\/\/baldumarket.lt\/product\/slupek-wysoki-1-drzwiowy-30-cm-talia-casella\/"},"modified":"2026-02-11T18:33:46","modified_gmt":"2026-02-11T15:33:46","slug":"slupek-wysoki-1-drzwiowy-30-cm-talia-casella","status":"publish","type":"product","link":"https:\/\/baldumarket.lt\/lt\/product\/slupek-wysoki-1-drzwiowy-30-cm-talia-casella\/","title":{"rendered":"Auk\u0161ta vienv\u0117r\u0117 kolona 30 cm Talia Casella"},"content":{"rendered":"<p>\u201cTalia Casella\u201d 30 cm vien\u0173 dur\u0173 auk\u0161ta kolona\u201eTalia Casella\u201c 30 cm vien\u0173 dur\u0173 auk\u0161ta kolona \u2013 tai tobulas klasikinio ir modernaus stiliaus derinys. Fasadai su frezuotu r\u0117mu ir \u201eCasella Oak\u201c apdaila derinami su matin\u0117s juodos spalvos korpusu, kad b\u016bt\u0173 sukurtas eleganti\u0161kas derinys. Atidarymo stumiant ir \u0161velnaus u\u017edarymo funkcijos suteikia jaukumo. Matmenys: Plotis (cm): 30 Gylis (cm): 25,5 Auk\u0161tis (cm): 140 Svoris (kg): 15,8 Techniniai duomenys: Korpuso spalva: Matin\u0117 juoda Priekin\u0117s dalies spalva: \u201eCasella Oak\u201c Korpuso med\u017eiaga: Laminuota plok\u0161t\u0117 Priekin\u0117s dalies med\u017eiaga: MDF plok\u0161t\u0117 Vyriai: \u0160velnus u\u017edarymas Dur\u0173 tvirtinimo kryptis: De\u0161in\u0117 \/ Kair\u0117 Atidarymo sistema: Atidarymas stumiant Surinkimo pakuot\u0117 \u012ftraukta: Taip Surinkimas: Savaranki\u0161kas surinkimas\u201eTalia Casella\u201c vien\u0173 dur\u0173 auk\u0161ta 30 cm kolona \u2013 tai puikus klasikinio elegancijos ir modernaus stiliaus derinys, sukuriantis unikali\u0105 atmosfer\u0105 j\u016bs\u0173 interjere. Ji pasi\u017eymi subtiliais, frezuotais fasadais, kurie patraukia ak\u012f savo nesenstan\u010dia forma. \u201eCasella Oak\u201c spalva puikiai perteikia nat\u016bral\u0173 medienos gro\u017e\u012f, suteikdama erdvei \u0161ilumos ir harmonijos. Gilus, matin\u0117s juodos spalvos \u0161io \u201eTalia Casella\u201c kolekcijos baldo korpusas suteikia modernumo, kuris skland\u017eiai \u012fsilies \u012f \u012fvairius interjerus. 140 cm auk\u0161\u010dio ir keturi\u0173 lentyn\u0173 spintel\u0117 pasi\u017eymi eleganti\u0161ku ir funkcionaliu dizainu. D\u0117l kompakti\u0161k\u0173 matmen\u0173 ji puikiai tinka ma\u017eoms erdv\u0117ms, tokioms kaip vonios kambarys, ir kartu suteikia daug vietos daiktams susid\u0117ti. Novatori\u0161ka \u201espustel\u0117jimo atidarymo\u201c sistema leid\u017eia duris atidaryti lengvai paspaudus, tod\u0117l nereikia dur\u0173 rankenos. \u0160velnaus u\u017edarymo sistema leid\u017eia naudotis spintele ne tik patogiai, bet ir komforti\u0161kai. Kiekvienas \u201eTalia Casella\u201c kolekcijos baldas sukurtas atsi\u017evelgiant \u012f patvarum\u0105 ir estetik\u0105. Baldai pagaminti i\u0161 auk\u0161tos kokyb\u0117s MDF ir laminuotos plok\u0161t\u0117s, tod\u0117l jie tvirti ir ilgaam\u017eiai. Be to, spintel\u0117 pristatoma savaranki\u0161kai surenkamose pakuot\u0117se, o intuityvus dizainas supaprastina surinkimo proces\u0105, tod\u0117l j\u0105 lengva naudoti net nepatyrusiems vartotojams. Pasirink\u0119 \u201eTalia Casella\u201c kolonin\u0119 spintel\u0119, gaunate ne tik stiling\u0105 bald\u0105, bet ir gamin\u012f, kuriam suteikiama 2 met\u0173 garantija, u\u017etikrinanti visi\u0161k\u0105 pasitenkinim\u0105. \u0160i auk\u0161ta spintel\u0117, puikiai atitinkanti naujausias tendencijas, yra puikus pasirinkimas ie\u0161kantiems klasikinio paprastumo ir modernumo derinio. Su \u201eTalia Casella\u201c spintele suteikite savo erdvei elegancijos ir funkcionalumo!<\/p>","protected":false},"excerpt":{"rendered":"<p>Plotis (cm): 30<br \/>\n\u016agis (cm): 140<br \/>\nGylis (cm): 25,5<\/p>","protected":false},"featured_media":243415,"comment_status":"open","ping_status":"open","template":"","meta":[],"product_brand":[],"product_cat":[9117,2015,9187],"product_tag":[],"class_list":{"0":"post-243414","1":"product","2":"type-product","3":"status-publish","4":"has-post-thumbnail","6":"product_cat-bathroom","7":"product_cat-comad","8":"product_cat-washbasin-cabinet-comad","10":"first","11":"instock","12":"purchasable","13":"product-type-simple"},"_links":{"self":[{"href":"https:\/\/baldumarket.lt\/lt\/wp-json\/wp\/v2\/product\/243414","targetHints":{"allow":["GET"]}}],"collection":[{"href":"https:\/\/baldumarket.lt\/lt\/wp-json\/wp\/v2\/product"}],"about":[{"href":"https:\/\/baldumarket.lt\/lt\/wp-json\/wp\/v2\/types\/product"}],"replies":[{"embeddable":true,"href":"https:\/\/baldumarket.lt\/lt\/wp-json\/wp\/v2\/comments?post=243414"}],"wp:featuredmedia":[{"embeddable":true,"href":"https:\/\/baldumarket.lt\/lt\/wp-json\/wp\/v2\/media\/243415"}],"wp:attachment":[{"href":"https:\/\/baldumarket.lt\/lt\/wp-json\/wp\/v2\/media?parent=243414"}],"wp:term":[{"taxonomy":"product_brand","embeddable":true,"href":"https:\/\/baldumarket.lt\/lt\/wp-json\/wp\/v2\/product_brand?post=243414"},{"taxonomy":"product_cat","embeddable":true,"href":"https:\/\/baldumarket.lt\/lt\/wp-json\/wp\/v2\/product_cat?post=243414"},{"taxonomy":"product_tag","embeddable":true,"href":"https:\/\/baldumarket.lt\/lt\/wp-json\/wp\/v2\/product_tag?post=243414"}],"curies":[{"name":"wp","href":"https:\/\/api.w.org\/{rel}","templated":true}]}}