{"id":243408,"date":"2026-01-02T22:57:47","date_gmt":"2026-01-02T19:57:47","guid":{"rendered":"https:\/\/baldumarket.lt\/product\/slupek-wiszacy-piano-dab-sonoma\/"},"modified":"2026-02-11T18:33:46","modified_gmt":"2026-02-11T15:33:46","slug":"slupek-wiszacy-piano-dab-sonoma","status":"publish","type":"product","link":"https:\/\/baldumarket.lt\/lt\/product\/slupek-wiszacy-piano-dab-sonoma\/","title":{"rendered":"Pianino pakabinimo stulpas, Sonoma \u0105\u017euolas"},"content":{"rendered":"<p>Pristatome madingos ir \u0161iltos Sonoma \u0105\u017euolo spalvos vonios kambario bald\u0173 komplekt\u0105. PIANO komplektas yra prieinamesnis pasirinkimas ma\u017eesniems vonios kambariams, kurie nori b\u016bti suprojektuoti itin prakti\u0161kai. Visi vonios kambariai su Piano baldais i\u0161liks madingi daugel\u012f met\u0173. Kolekcij\u0105 sudaro kelios spintel\u0117s, kurios visos turi pakabinam\u0105 konstrukcij\u0105, kad b\u016bt\u0173 lengva valyti. Vonios spintel\u0117s yra universalaus dizaino, tai rei\u0161kia, kad j\u0173 durel\u0117s gali atsidaryti \u012f abi puses, o surinkimo metu j\u016bs nusprend\u017eiate, \u012f kuri\u0105 pus\u0119 jas atidaryti.<\/p>","protected":false},"excerpt":{"rendered":"<p>Plotis (cm): 30<br \/>\n\u016agis (cm): 160<br \/>\nGylis (cm): 19<\/p>","protected":false},"featured_media":243409,"comment_status":"open","ping_status":"open","template":"","meta":[],"product_brand":[],"product_cat":[9117,2015,9187],"product_tag":[],"class_list":{"0":"post-243408","1":"product","2":"type-product","3":"status-publish","4":"has-post-thumbnail","6":"product_cat-bathroom","7":"product_cat-comad","8":"product_cat-washbasin-cabinet-comad","10":"first","11":"instock","12":"purchasable","13":"product-type-simple"},"_links":{"self":[{"href":"https:\/\/baldumarket.lt\/lt\/wp-json\/wp\/v2\/product\/243408","targetHints":{"allow":["GET"]}}],"collection":[{"href":"https:\/\/baldumarket.lt\/lt\/wp-json\/wp\/v2\/product"}],"about":[{"href":"https:\/\/baldumarket.lt\/lt\/wp-json\/wp\/v2\/types\/product"}],"replies":[{"embeddable":true,"href":"https:\/\/baldumarket.lt\/lt\/wp-json\/wp\/v2\/comments?post=243408"}],"wp:featuredmedia":[{"embeddable":true,"href":"https:\/\/baldumarket.lt\/lt\/wp-json\/wp\/v2\/media\/243409"}],"wp:attachment":[{"href":"https:\/\/baldumarket.lt\/lt\/wp-json\/wp\/v2\/media?parent=243408"}],"wp:term":[{"taxonomy":"product_brand","embeddable":true,"href":"https:\/\/baldumarket.lt\/lt\/wp-json\/wp\/v2\/product_brand?post=243408"},{"taxonomy":"product_cat","embeddable":true,"href":"https:\/\/baldumarket.lt\/lt\/wp-json\/wp\/v2\/product_cat?post=243408"},{"taxonomy":"product_tag","embeddable":true,"href":"https:\/\/baldumarket.lt\/lt\/wp-json\/wp\/v2\/product_tag?post=243408"}],"curies":[{"name":"wp","href":"https:\/\/api.w.org\/{rel}","templated":true}]}}