{"id":243401,"date":"2026-01-02T22:57:45","date_gmt":"2026-01-02T19:57:45","guid":{"rendered":"https:\/\/baldumarket.lt\/product\/slupek-lazienkowy-z-drewna-naturalnego-elisabeth\/"},"modified":"2026-02-11T18:33:46","modified_gmt":"2026-02-11T15:33:46","slug":"slupek-lazienkowy-z-drewna-naturalnego-elisabeth","status":"publish","type":"product","link":"https:\/\/baldumarket.lt\/lt\/product\/slupek-lazienkowy-z-drewna-naturalnego-elisabeth\/","title":{"rendered":"Elisabeth nat\u016bralaus med\u017eio vonios kolon\u0117l\u0117"},"content":{"rendered":"<p>\u201eElizabeth\u201c bald\u0173 kolekcija papildys bet kurio vonios kambario sodr\u0173 interjer\u0105. B\u016bdingi \u0161ios kolekcijos bruo\u017eai \u2013 stilingos i\u0161lenktos kojel\u0117s, balti fasadai su subtiliai permatomu med\u017eio ra\u0161tu ir kontrastingos metalin\u0117s ranken\u0117l\u0117s. Kolekcij\u0105 sudaro \u012fvairios paskirties spintel\u0117s, kurios, derinamos, sukuria harmoning\u0105 ir prabang\u0173 interjer\u0105. Komplekt\u0105 sudaro auk\u0161ta spintel\u0117, \u017eema spintel\u0117 ir dvi praustuvo spintel\u0117s. Taip pat si\u016blomas platus praustuv\u0173 pasirinkimas, kurie puikiai papildo serij\u0105. Ypa\u010d i\u0161skirtinis kolekcijos elementas \u2013 \u012fmantr\u016bs veidrod\u017eiai. Visi \u201eElizabeth\u201c kolekcijos vonios baldai yra pagaminti i\u0161 med\u017eio, tod\u0117l jie atrodo nat\u016braliai ir suteikia interjerui \u0161ilumos.<\/p>","protected":false},"excerpt":{"rendered":"<p>Plotis (cm): 45<br \/>\n\u016agis (cm): 155<br \/>\nGylis (cm): 35<\/p>","protected":false},"featured_media":243402,"comment_status":"open","ping_status":"open","template":"","meta":[],"product_brand":[],"product_cat":[9117,2015,9187],"product_tag":[],"class_list":{"0":"post-243401","1":"product","2":"type-product","3":"status-publish","4":"has-post-thumbnail","6":"product_cat-bathroom","7":"product_cat-comad","8":"product_cat-washbasin-cabinet-comad","10":"first","11":"instock","12":"purchasable","13":"product-type-simple"},"_links":{"self":[{"href":"https:\/\/baldumarket.lt\/lt\/wp-json\/wp\/v2\/product\/243401","targetHints":{"allow":["GET"]}}],"collection":[{"href":"https:\/\/baldumarket.lt\/lt\/wp-json\/wp\/v2\/product"}],"about":[{"href":"https:\/\/baldumarket.lt\/lt\/wp-json\/wp\/v2\/types\/product"}],"replies":[{"embeddable":true,"href":"https:\/\/baldumarket.lt\/lt\/wp-json\/wp\/v2\/comments?post=243401"}],"wp:featuredmedia":[{"embeddable":true,"href":"https:\/\/baldumarket.lt\/lt\/wp-json\/wp\/v2\/media\/243402"}],"wp:attachment":[{"href":"https:\/\/baldumarket.lt\/lt\/wp-json\/wp\/v2\/media?parent=243401"}],"wp:term":[{"taxonomy":"product_brand","embeddable":true,"href":"https:\/\/baldumarket.lt\/lt\/wp-json\/wp\/v2\/product_brand?post=243401"},{"taxonomy":"product_cat","embeddable":true,"href":"https:\/\/baldumarket.lt\/lt\/wp-json\/wp\/v2\/product_cat?post=243401"},{"taxonomy":"product_tag","embeddable":true,"href":"https:\/\/baldumarket.lt\/lt\/wp-json\/wp\/v2\/product_tag?post=243401"}],"curies":[{"name":"wp","href":"https:\/\/api.w.org\/{rel}","templated":true}]}}