{"id":243397,"date":"2026-01-02T22:57:44","date_gmt":"2026-01-02T19:57:44","guid":{"rendered":"https:\/\/baldumarket.lt\/product\/slupek-lazienkowy-platinum\/"},"modified":"2026-02-11T18:33:47","modified_gmt":"2026-02-11T15:33:47","slug":"slupek-lazienkowy-platinum","status":"publish","type":"product","link":"https:\/\/baldumarket.lt\/lt\/product\/slupek-lazienkowy-platinum\/","title":{"rendered":"Platinin\u0117 vonios kolona"},"content":{"rendered":"<p>\u201ePlatinum\u201c kolekcijoje \u2013 modern\u016bs balti baldai su med\u017eio akcentais, suteikiantys jiems nat\u016bralumo ir stilingumo. Reguliuojama praustuvo spintel\u0117 leid\u017eia pritaikyti praustuv\u0105 pagal j\u016bs\u0173 vizualinius ir funkcinius poreikius. Prie praustuvo spintel\u0117s deranti prie sienos veidrodin\u0117 spintel\u0117 ir auk\u0161ta kolona suteikia komplektui vientisumo.<\/p>","protected":false},"excerpt":{"rendered":"<p>Plotis (cm): 35<br \/>\n\u016agis (cm): 176<br \/>\nGylis (cm): 30<\/p>","protected":false},"featured_media":243398,"comment_status":"open","ping_status":"open","template":"","meta":[],"product_brand":[],"product_cat":[9117,2015,9187],"product_tag":[],"class_list":{"0":"post-243397","1":"product","2":"type-product","3":"status-publish","4":"has-post-thumbnail","6":"product_cat-bathroom","7":"product_cat-comad","8":"product_cat-washbasin-cabinet-comad","10":"first","11":"instock","12":"purchasable","13":"product-type-simple"},"_links":{"self":[{"href":"https:\/\/baldumarket.lt\/lt\/wp-json\/wp\/v2\/product\/243397","targetHints":{"allow":["GET"]}}],"collection":[{"href":"https:\/\/baldumarket.lt\/lt\/wp-json\/wp\/v2\/product"}],"about":[{"href":"https:\/\/baldumarket.lt\/lt\/wp-json\/wp\/v2\/types\/product"}],"replies":[{"embeddable":true,"href":"https:\/\/baldumarket.lt\/lt\/wp-json\/wp\/v2\/comments?post=243397"}],"wp:featuredmedia":[{"embeddable":true,"href":"https:\/\/baldumarket.lt\/lt\/wp-json\/wp\/v2\/media\/243398"}],"wp:attachment":[{"href":"https:\/\/baldumarket.lt\/lt\/wp-json\/wp\/v2\/media?parent=243397"}],"wp:term":[{"taxonomy":"product_brand","embeddable":true,"href":"https:\/\/baldumarket.lt\/lt\/wp-json\/wp\/v2\/product_brand?post=243397"},{"taxonomy":"product_cat","embeddable":true,"href":"https:\/\/baldumarket.lt\/lt\/wp-json\/wp\/v2\/product_cat?post=243397"},{"taxonomy":"product_tag","embeddable":true,"href":"https:\/\/baldumarket.lt\/lt\/wp-json\/wp\/v2\/product_tag?post=243397"}],"curies":[{"name":"wp","href":"https:\/\/api.w.org\/{rel}","templated":true}]}}