{"id":243387,"date":"2026-01-02T22:57:40","date_gmt":"2026-01-02T19:57:40","guid":{"rendered":"https:\/\/baldumarket.lt\/product\/slupek-lazienkowy-brooklyn-800\/"},"modified":"2026-02-11T18:33:47","modified_gmt":"2026-02-11T15:33:47","slug":"slupek-lazienkowy-brooklyn-800","status":"publish","type":"product","link":"https:\/\/baldumarket.lt\/lt\/product\/slupek-lazienkowy-brooklyn-800\/","title":{"rendered":"\u201eBrooklyn 800\u201c vonios kambario kolona"},"content":{"rendered":"<p>Modernumas, paprastos formos ir stilius \u2013 tai tik keletas \u201eBrooklyn\u201c vonios bald\u0173 kolekcijos bruo\u017e\u0173. \u0160i kolekcija savo modern\u0173 ir industrin\u012f dizain\u0105 \u012fgauna d\u0117l nesenstan\u010dio metalo ir med\u017eio derinio. Ji puikiai dera prie modernaus, lofto ir industrinio interjero, suteikdama charakterio bet kokiam kambariui. Kolekcijoje yra dviej\u0173 dyd\u017ei\u0173 praustuv\u0173 spintel\u0117s, auk\u0161ta kolona ir veidrodis. \u0160is komplektas leid\u017eia efektyviai i\u0161naudoti erdv\u0119 ma\u017euose ir vidutinio dyd\u017eio vonios kambariuose.<\/p>","protected":false},"excerpt":{"rendered":"<p>Plotis (cm): 35<br \/>\n\u016agis (cm): 185<br \/>\nGylis (cm): 33<\/p>","protected":false},"featured_media":243388,"comment_status":"open","ping_status":"open","template":"","meta":[],"product_brand":[],"product_cat":[9117,2015,9187],"product_tag":[],"class_list":{"0":"post-243387","1":"product","2":"type-product","3":"status-publish","4":"has-post-thumbnail","6":"product_cat-bathroom","7":"product_cat-comad","8":"product_cat-washbasin-cabinet-comad","10":"first","11":"instock","12":"purchasable","13":"product-type-simple"},"_links":{"self":[{"href":"https:\/\/baldumarket.lt\/lt\/wp-json\/wp\/v2\/product\/243387","targetHints":{"allow":["GET"]}}],"collection":[{"href":"https:\/\/baldumarket.lt\/lt\/wp-json\/wp\/v2\/product"}],"about":[{"href":"https:\/\/baldumarket.lt\/lt\/wp-json\/wp\/v2\/types\/product"}],"replies":[{"embeddable":true,"href":"https:\/\/baldumarket.lt\/lt\/wp-json\/wp\/v2\/comments?post=243387"}],"wp:featuredmedia":[{"embeddable":true,"href":"https:\/\/baldumarket.lt\/lt\/wp-json\/wp\/v2\/media\/243388"}],"wp:attachment":[{"href":"https:\/\/baldumarket.lt\/lt\/wp-json\/wp\/v2\/media?parent=243387"}],"wp:term":[{"taxonomy":"product_brand","embeddable":true,"href":"https:\/\/baldumarket.lt\/lt\/wp-json\/wp\/v2\/product_brand?post=243387"},{"taxonomy":"product_cat","embeddable":true,"href":"https:\/\/baldumarket.lt\/lt\/wp-json\/wp\/v2\/product_cat?post=243387"},{"taxonomy":"product_tag","embeddable":true,"href":"https:\/\/baldumarket.lt\/lt\/wp-json\/wp\/v2\/product_tag?post=243387"}],"curies":[{"name":"wp","href":"https:\/\/api.w.org\/{rel}","templated":true}]}}