{"id":243377,"date":"2026-01-02T22:57:36","date_gmt":"2026-01-02T19:57:36","guid":{"rendered":"https:\/\/baldumarket.lt\/product\/slupek-lazienkowy-80-cm-dalia-cashmere\/"},"modified":"2026-02-11T18:33:47","modified_gmt":"2026-02-11T15:33:47","slug":"slupek-lazienkowy-80-cm-dalia-cashmere","status":"publish","type":"product","link":"https:\/\/baldumarket.lt\/lt\/product\/slupek-lazienkowy-80-cm-dalia-cashmere\/","title":{"rendered":"Dalia Cashmere 80 cm vonios kolon\u0117l\u0117"},"content":{"rendered":"<p>Dalia Cashmere vonios kolona 80 cm. Stilinga \u201eComad\u201c \u201eDalia Cashmere\u201c vonios kolona \u2013 puikus pasirinkimas minimalizmo m\u0117g\u0117jams. Matin\u0117 ka\u0161myro spalva, laminuota plok\u0161t\u0117 ir \u0161velnaus u\u017edarymo sistema u\u017etikrina elegancij\u0105 ir komfort\u0105. Lengvas surinkimas. Matmenys: Plotis (cm): 30 Gylis (cm): 26,6 Auk\u0161tis (cm): 80 Svoris (kg): 10,5 Techniniai duomenys: Korpuso spalva: Matin\u0117 ka\u0161myro spalva; Priekin\u0117s dalies spalva: Matin\u0117 ka\u0161myro spalva; Korpuso med\u017eiaga: Laminuota plok\u0161t\u0117; Priekin\u0117s dalies med\u017eiaga: Laminuota plok\u0161t\u0117; Vyriai: Atidaroma stumiant, \u0161velniai u\u017edaroma; Tvirtinimo prie sienos rinkinys: \u012ftrauktas; Surinkimas: Skirtas savaranki\u0161kam surinkimui. Pasinerkite \u012f elegancij\u0105 ir paprastum\u0105 su \u201eComad\u201c \u201eDalia Cashmere\u201c vonios kolona. D\u0117l matin\u0117s ka\u0161myro apdailos \u0161is baldas suteikia j\u016bs\u0173 vonios kambariui jauki\u0105 ir \u0161ilt\u0105 atmosfer\u0105, puikiai papildydamas tiek modern\u0173, tiek klasikin\u012f interjer\u0105. Subtilus dizainas ir minimalistin\u0117s linijos, be nereikaling\u0173 puo\u0161men\u0173, daro spintel\u0119 ne tik funkcionali\u0105, bet ir dekoratyvi\u0105. Gerai apgalvota konstrukcija su trimis erdviomis lentynomis u\u017etikrina maksimal\u0173 funkcionalum\u0105 ma\u017eoje erdv\u0117je. 80 cm auk\u0161\u010dio kolona idealiai tinka tiek ma\u017eiems, tiek dideliems vonios kambariams, si\u016blydama prakti\u0161kus daikt\u0173 laikymo sprendimus. Vertikaliai arba horizontaliai derindami baldus, galite lengvai pritaikyti juos prie savo poreiki\u0173 ir erdv\u0117s reikalavim\u0173. I\u0161skirtin\u0117 \u0161velnaus u\u017edarymo dureli\u0173 sistema yra dar viena savyb\u0117, pabr\u0117\u017eianti \u201eDalia Cashmere\u201c kolonos naudojimo patogum\u0105. Durel\u0117s u\u017esidaro skland\u017eiai ir lengvai, o tai itin svarbu kasdieniam naudojimui. Visas baldas pagamintas i\u0161 itin atsparios pa\u017eeidimams laminuotos plok\u0161t\u0117s, u\u017etikrinan\u010dios ne tik esteti\u0161k\u0105 i\u0161vaizd\u0105, bet ir ilgaam\u017ei\u0161kum\u0105. Kolon\u0105 ne\u012ftik\u0117tinai paprasta surinkti d\u0117l tiksliai supjaustyt\u0173 komponent\u0173 ir pridedamo prie sienos tvirtinamo tvirtinimo rinkinio. Tai puikus sprendimas tiems, kurie vertina ne tik gro\u017e\u012f, bet ir patogum\u0105 bei prakti\u0161kum\u0105. Rinkit\u0117s minimalistinio dizaino funkcionalum\u0105 ir \u017eaves\u012f su \u201eComad\u201c vonios kambario baldais ir atraskite, kaip \u0161is subtilus ka\u0161myro atspalvis gali papildyti j\u016bs\u0173 interjer\u0105.<\/p>","protected":false},"excerpt":{"rendered":"<p>Plotis (cm): 30<br \/>\n\u016agis (cm): 80<br \/>\nGylis (cm): 26,6<\/p>","protected":false},"featured_media":243378,"comment_status":"open","ping_status":"open","template":"","meta":[],"product_brand":[],"product_cat":[9117,2015,9187],"product_tag":[],"class_list":{"0":"post-243377","1":"product","2":"type-product","3":"status-publish","4":"has-post-thumbnail","6":"product_cat-bathroom","7":"product_cat-comad","8":"product_cat-washbasin-cabinet-comad","10":"first","11":"instock","12":"purchasable","13":"product-type-simple"},"_links":{"self":[{"href":"https:\/\/baldumarket.lt\/lt\/wp-json\/wp\/v2\/product\/243377","targetHints":{"allow":["GET"]}}],"collection":[{"href":"https:\/\/baldumarket.lt\/lt\/wp-json\/wp\/v2\/product"}],"about":[{"href":"https:\/\/baldumarket.lt\/lt\/wp-json\/wp\/v2\/types\/product"}],"replies":[{"embeddable":true,"href":"https:\/\/baldumarket.lt\/lt\/wp-json\/wp\/v2\/comments?post=243377"}],"wp:featuredmedia":[{"embeddable":true,"href":"https:\/\/baldumarket.lt\/lt\/wp-json\/wp\/v2\/media\/243378"}],"wp:attachment":[{"href":"https:\/\/baldumarket.lt\/lt\/wp-json\/wp\/v2\/media?parent=243377"}],"wp:term":[{"taxonomy":"product_brand","embeddable":true,"href":"https:\/\/baldumarket.lt\/lt\/wp-json\/wp\/v2\/product_brand?post=243377"},{"taxonomy":"product_cat","embeddable":true,"href":"https:\/\/baldumarket.lt\/lt\/wp-json\/wp\/v2\/product_cat?post=243377"},{"taxonomy":"product_tag","embeddable":true,"href":"https:\/\/baldumarket.lt\/lt\/wp-json\/wp\/v2\/product_tag?post=243377"}],"curies":[{"name":"wp","href":"https:\/\/api.w.org\/{rel}","templated":true}]}}