{"id":243274,"date":"2026-01-02T22:57:00","date_gmt":"2026-01-02T19:57:00","guid":{"rendered":"https:\/\/baldumarket.lt\/product\/santa-fe-oak-89-100-a-blat-100-cm\/"},"modified":"2026-02-11T18:33:48","modified_gmt":"2026-02-11T15:33:48","slug":"santa-fe-oak-89-100-a-blat-100-cm","status":"publish","type":"product","link":"https:\/\/baldumarket.lt\/lt\/product\/santa-fe-oak-89-100-a-blat-100-cm\/","title":{"rendered":"SANTA FE \u0104\u017dUOLAS 89-100-A Vir\u0161utin\u0117 dalis 100 cm"},"content":{"rendered":"","protected":false},"excerpt":{"rendered":"<p>Plotis (cm): 100,4<br \/>\nGylis (cm): 46<br \/>\nAuk\u0161tis (cm): 2,5<\/p>","protected":false},"featured_media":243275,"comment_status":"open","ping_status":"open","template":"","meta":[],"product_brand":[],"product_cat":[9117,2015,9184],"product_tag":[],"class_list":{"0":"post-243274","1":"product","2":"type-product","3":"status-publish","4":"has-post-thumbnail","6":"product_cat-bathroom","7":"product_cat-comad","8":"product_cat-countertops-comad","10":"first","11":"instock","12":"purchasable","13":"product-type-simple"},"_links":{"self":[{"href":"https:\/\/baldumarket.lt\/lt\/wp-json\/wp\/v2\/product\/243274","targetHints":{"allow":["GET"]}}],"collection":[{"href":"https:\/\/baldumarket.lt\/lt\/wp-json\/wp\/v2\/product"}],"about":[{"href":"https:\/\/baldumarket.lt\/lt\/wp-json\/wp\/v2\/types\/product"}],"replies":[{"embeddable":true,"href":"https:\/\/baldumarket.lt\/lt\/wp-json\/wp\/v2\/comments?post=243274"}],"wp:featuredmedia":[{"embeddable":true,"href":"https:\/\/baldumarket.lt\/lt\/wp-json\/wp\/v2\/media\/243275"}],"wp:attachment":[{"href":"https:\/\/baldumarket.lt\/lt\/wp-json\/wp\/v2\/media?parent=243274"}],"wp:term":[{"taxonomy":"product_brand","embeddable":true,"href":"https:\/\/baldumarket.lt\/lt\/wp-json\/wp\/v2\/product_brand?post=243274"},{"taxonomy":"product_cat","embeddable":true,"href":"https:\/\/baldumarket.lt\/lt\/wp-json\/wp\/v2\/product_cat?post=243274"},{"taxonomy":"product_tag","embeddable":true,"href":"https:\/\/baldumarket.lt\/lt\/wp-json\/wp\/v2\/product_tag?post=243274"}],"curies":[{"name":"wp","href":"https:\/\/api.w.org\/{rel}","templated":true}]}}