{"id":243241,"date":"2026-01-02T22:56:50","date_gmt":"2026-01-02T19:56:50","guid":{"rendered":"https:\/\/baldumarket.lt\/product\/santa-fe-oak-82-60-a-2s-szafka-pod-umywalke-60-cm\/"},"modified":"2026-02-11T18:33:49","modified_gmt":"2026-02-11T15:33:49","slug":"santa-fe-oak-82-60-a-2s-szafka-pod-umywalke-60-cm","status":"publish","type":"product","link":"https:\/\/baldumarket.lt\/lt\/product\/santa-fe-oak-82-60-a-2s-szafka-pod-umywalke-60-cm\/","title":{"rendered":"SANTA FE \u0104\u017dUOLAS 82-60-A-2S Praustuvo spintel\u0117 60 cm"},"content":{"rendered":"<p>\u201eSanta Fe OAK\u201c pasi\u017eymi moderniomis formomis, kurios lengvai integruojasi \u012f beveik bet kok\u012f interjer\u0105. Vinta\u017einio \u0105\u017euolo spalvos fasadai ir korpusas kartu su chromuotomis ranken\u0117l\u0117mis suteikia bendram dizainui lengvumo ir elegancijos. Kolekcijos veidrodin\u0117s spintel\u0117s vizualiai padidina vonios kambar\u012f ir suteikia papildomos vietos daiktams susid\u0117ti. \u201eSanta Fe OAK\u201c kolekcijos vonios kambario baldai pasi\u017eymi paprastu naudojimu ir funkcionalumu. Kolekcijoje yra praustuvin\u0117s spintel\u0117s, auk\u0161ta kolon\u0117l\u0117, veidrodin\u0117s spintel\u0117s bei apatin\u0117 ir vir\u0161utin\u0117 lentynos. Platus spinteli\u0173 asortimentas daro \u0161i\u0105 kolekcij\u0105 viena modulini\u0173 m\u016bs\u0173 si\u016blom\u0173, tod\u0117l ji tinka beveik bet kokio dyd\u017eio vonios kambariams. Organizatorius yra funkcionalus ne tik tod\u0117l, kad puikiai paslepia kriaukl\u0117s i\u0161pjov\u0105, bet ir suteikia papildomos naudingos erdv\u0117s stal\u010diuje. B\u016bdingi \u201eSanata Fe Oak\u201c kolekcijos bald\u0173 bruo\u017eai: moderni bald\u0173 i\u0161vaizda, pagaminti Lenkijoje, stal\u010di\u0173 organizatorius (standartin\u0117 \u012franga), vidinis kontaktas veidrodin\u0117se spintel\u0117se (standartin\u0117 \u012franga), \u0161velnaus u\u017edarymo funkcija, vidinis stal\u010dius, chromuotos ranken\u0117l\u0117s, stiklin\u0117s lentynos veidrodin\u0117se spintel\u0117se ir kolon\u0117l\u0117je, pakabinami baldai.<\/p>","protected":false},"excerpt":{"rendered":"<p>\u016agis (cm): 46<br \/>\nPlotis (cm): 60<br \/>\nGylis (cm): 45,6<\/p>","protected":false},"featured_media":243242,"comment_status":"open","ping_status":"open","template":"","meta":[],"product_brand":[],"product_cat":[9117,2015,9187],"product_tag":[],"class_list":{"0":"post-243241","1":"product","2":"type-product","3":"status-publish","4":"has-post-thumbnail","6":"product_cat-bathroom","7":"product_cat-comad","8":"product_cat-washbasin-cabinet-comad","10":"first","11":"instock","12":"purchasable","13":"product-type-simple"},"_links":{"self":[{"href":"https:\/\/baldumarket.lt\/lt\/wp-json\/wp\/v2\/product\/243241","targetHints":{"allow":["GET"]}}],"collection":[{"href":"https:\/\/baldumarket.lt\/lt\/wp-json\/wp\/v2\/product"}],"about":[{"href":"https:\/\/baldumarket.lt\/lt\/wp-json\/wp\/v2\/types\/product"}],"replies":[{"embeddable":true,"href":"https:\/\/baldumarket.lt\/lt\/wp-json\/wp\/v2\/comments?post=243241"}],"wp:featuredmedia":[{"embeddable":true,"href":"https:\/\/baldumarket.lt\/lt\/wp-json\/wp\/v2\/media\/243242"}],"wp:attachment":[{"href":"https:\/\/baldumarket.lt\/lt\/wp-json\/wp\/v2\/media?parent=243241"}],"wp:term":[{"taxonomy":"product_brand","embeddable":true,"href":"https:\/\/baldumarket.lt\/lt\/wp-json\/wp\/v2\/product_brand?post=243241"},{"taxonomy":"product_cat","embeddable":true,"href":"https:\/\/baldumarket.lt\/lt\/wp-json\/wp\/v2\/product_cat?post=243241"},{"taxonomy":"product_tag","embeddable":true,"href":"https:\/\/baldumarket.lt\/lt\/wp-json\/wp\/v2\/product_tag?post=243241"}],"curies":[{"name":"wp","href":"https:\/\/api.w.org\/{rel}","templated":true}]}}