{"id":243235,"date":"2026-01-02T22:56:48","date_gmt":"2026-01-02T19:56:48","guid":{"rendered":"https:\/\/baldumarket.lt\/product\/santa-fe-oak-81-01-a-regal-dolny\/"},"modified":"2026-02-11T18:33:49","modified_gmt":"2026-02-11T15:33:49","slug":"santa-fe-oak-81-01-a-regal-dolny","status":"publish","type":"product","link":"https:\/\/baldumarket.lt\/lt\/product\/santa-fe-oak-81-01-a-regal-dolny\/","title":{"rendered":"SANTA FE \u0104\u017dUOLAS 81-01-A Apatin\u0117 lentyna"},"content":{"rendered":"<p>\u201eSanta Fe OAK\u201c pasi\u017eymi moderniomis formomis, kurios lengvai dera prie beveik bet kokio interjero. Vinta\u017einio \u0105\u017euolo spalvos fasadai ir korpusas kartu su chromuotomis ranken\u0117l\u0117mis suteikia bendram dizainui lengvumo ir elegancijos. Kolekcijoje esan\u010dios veidrodin\u0117s spintel\u0117s vizualiai padidina vonios kambar\u012f ir suteikia papildomos vietos daiktams susid\u0117ti.<\/p>\n<p>\u201eSanta Fe OAK\u201c kolekcijos vonios kambario baldai pasi\u017eymi paprastu naudojimu ir funkcionalumu. Kolekcij\u0105 sudaro praustuvo spintel\u0117s, auk\u0161ta kolon\u0117l\u0117, veidrodin\u0117s spintel\u0117s, apatin\u0117 ir vir\u0161utin\u0117 lentynos. Platus spinteli\u0173 asortimentas daro \u0161i\u0105 kolekcij\u0105 viena modulini\u0173, tod\u0117l ji tinka beveik bet kokio dyd\u017eio vonios kambariui. Organizatorius yra funkcionalus ne tik tod\u0117l, kad puikiai paslepia kriaukl\u0117s i\u0161pjov\u0105, bet ir tod\u0117l, kad suteikia papildomos naudingos vietos stal\u010diuje. B\u016bdingi \u201eSanata Fe Oak\u201c kolekcijos bald\u0173 bruo\u017eai: moderni bald\u0173 i\u0161vaizda, pagaminti Lenkijoje, stal\u010di\u0173 organizatorius (standartin\u0117 \u012franga), vidinis kontaktas veidrodin\u0117se spintel\u0117se (standartin\u0117 \u012franga), \u0161velnaus u\u017edarymo funkcija, vidinis stal\u010dius, chromuotos ranken\u0117l\u0117s, stiklin\u0117s lentynos veidrodin\u0117se spintel\u0117se ir kolonoje, pakabinami baldai.<\/p>","protected":false},"excerpt":{"rendered":"<p>\u016agis (cm): 46<br \/>\nPlotis (cm): 20<br \/>\nGylis (cm): 44<\/p>","protected":false},"featured_media":243236,"comment_status":"open","ping_status":"open","template":"","meta":[],"product_brand":[],"product_cat":[9117,2015,9187],"product_tag":[],"class_list":{"0":"post-243235","1":"product","2":"type-product","3":"status-publish","4":"has-post-thumbnail","6":"product_cat-bathroom","7":"product_cat-comad","8":"product_cat-washbasin-cabinet-comad","10":"first","11":"instock","12":"purchasable","13":"product-type-simple"},"_links":{"self":[{"href":"https:\/\/baldumarket.lt\/lt\/wp-json\/wp\/v2\/product\/243235","targetHints":{"allow":["GET"]}}],"collection":[{"href":"https:\/\/baldumarket.lt\/lt\/wp-json\/wp\/v2\/product"}],"about":[{"href":"https:\/\/baldumarket.lt\/lt\/wp-json\/wp\/v2\/types\/product"}],"replies":[{"embeddable":true,"href":"https:\/\/baldumarket.lt\/lt\/wp-json\/wp\/v2\/comments?post=243235"}],"wp:featuredmedia":[{"embeddable":true,"href":"https:\/\/baldumarket.lt\/lt\/wp-json\/wp\/v2\/media\/243236"}],"wp:attachment":[{"href":"https:\/\/baldumarket.lt\/lt\/wp-json\/wp\/v2\/media?parent=243235"}],"wp:term":[{"taxonomy":"product_brand","embeddable":true,"href":"https:\/\/baldumarket.lt\/lt\/wp-json\/wp\/v2\/product_brand?post=243235"},{"taxonomy":"product_cat","embeddable":true,"href":"https:\/\/baldumarket.lt\/lt\/wp-json\/wp\/v2\/product_cat?post=243235"},{"taxonomy":"product_tag","embeddable":true,"href":"https:\/\/baldumarket.lt\/lt\/wp-json\/wp\/v2\/product_tag?post=243235"}],"curies":[{"name":"wp","href":"https:\/\/api.w.org\/{rel}","templated":true}]}}