{"id":243202,"date":"2026-01-02T22:56:36","date_gmt":"2026-01-02T19:56:36","guid":{"rendered":"https:\/\/baldumarket.lt\/product\/samoa-white-810-szafka-niska\/"},"modified":"2026-02-11T18:33:50","modified_gmt":"2026-02-11T15:33:50","slug":"samoa-white-810-szafka-niska","status":"publish","type":"product","link":"https:\/\/baldumarket.lt\/lt\/product\/samoa-white-810-szafka-niska\/","title":{"rendered":"SAMOA WHITE 810 \u017eema spintel\u0117"},"content":{"rendered":"<p>\u201eSamoa\u201c kolekcija \u2013 atnaujinta klasika m\u016bs\u0173 vonios bald\u0173 \u0161eimoje. Matin\u0117s baltos spalvos, frezuoti fasadai kartu su \u201eArtisan\u201c \u0105\u017euolu sukuria jauki\u0105, pra\u0161matni\u0105 ir eleganti\u0161k\u0105 kolekcij\u0105.<br \/>\n\u201eSamoa\u201c kolekcija skirta i\u0161rankiems klientams. Jai b\u016bdingas tikslumas, stilius ir elegancija. Sukurti atsi\u017evelgiant \u012f naujausias interjero dizaino tendencijas, \u201eSamoa\u201c baldai gali b\u016bti su stalvir\u0161io praustuvais. \u012eleid\u017eiam\u0173 praustuv\u0173 n\u0117ra. Kolekcijoje yra \u017eem\u0173 ir auk\u0161t\u0173 kolon\u0117li\u0173, pakabinam\u0173 spinteli\u0173, spinteli\u0173 su praustuvu ir veidrodini\u0173 spinteli\u0173.<\/p>","protected":false},"excerpt":{"rendered":"<p>Plotis (cm): 35<br \/>\n\u016agis (cm): 86,5<br \/>\nGylis (cm): 33<\/p>","protected":false},"featured_media":243203,"comment_status":"open","ping_status":"open","template":"","meta":[],"product_brand":[],"product_cat":[9117,2015,9187],"product_tag":[],"class_list":{"0":"post-243202","1":"product","2":"type-product","3":"status-publish","4":"has-post-thumbnail","6":"product_cat-bathroom","7":"product_cat-comad","8":"product_cat-washbasin-cabinet-comad","10":"first","11":"instock","12":"purchasable","13":"product-type-simple"},"_links":{"self":[{"href":"https:\/\/baldumarket.lt\/lt\/wp-json\/wp\/v2\/product\/243202","targetHints":{"allow":["GET"]}}],"collection":[{"href":"https:\/\/baldumarket.lt\/lt\/wp-json\/wp\/v2\/product"}],"about":[{"href":"https:\/\/baldumarket.lt\/lt\/wp-json\/wp\/v2\/types\/product"}],"replies":[{"embeddable":true,"href":"https:\/\/baldumarket.lt\/lt\/wp-json\/wp\/v2\/comments?post=243202"}],"wp:featuredmedia":[{"embeddable":true,"href":"https:\/\/baldumarket.lt\/lt\/wp-json\/wp\/v2\/media\/243203"}],"wp:attachment":[{"href":"https:\/\/baldumarket.lt\/lt\/wp-json\/wp\/v2\/media?parent=243202"}],"wp:term":[{"taxonomy":"product_brand","embeddable":true,"href":"https:\/\/baldumarket.lt\/lt\/wp-json\/wp\/v2\/product_brand?post=243202"},{"taxonomy":"product_cat","embeddable":true,"href":"https:\/\/baldumarket.lt\/lt\/wp-json\/wp\/v2\/product_cat?post=243202"},{"taxonomy":"product_tag","embeddable":true,"href":"https:\/\/baldumarket.lt\/lt\/wp-json\/wp\/v2\/product_tag?post=243202"}],"curies":[{"name":"wp","href":"https:\/\/api.w.org\/{rel}","templated":true}]}}