{"id":243200,"date":"2026-01-02T22:56:35","date_gmt":"2026-01-02T19:56:35","guid":{"rendered":"https:\/\/baldumarket.lt\/product\/rondo-zestaw-2-lamp-led-do-szuflad-566cm\/"},"modified":"2026-02-11T18:33:50","modified_gmt":"2026-02-11T15:33:50","slug":"rondo-zestaw-2-lamp-led-do-szuflad-566cm","status":"publish","type":"product","link":"https:\/\/baldumarket.lt\/lt\/product\/rondo-zestaw-2-lamp-led-do-szuflad-566cm\/","title":{"rendered":"RONDO 2 LED stal\u010di\u0173 \u0161viestuv\u0173 rinkinys, 56,6 cm"},"content":{"rendered":"","protected":false},"excerpt":{"rendered":"<p>Plotis (cm): 56<\/p>","protected":false},"featured_media":243201,"comment_status":"open","ping_status":"open","template":"","meta":[],"product_brand":[],"product_cat":[9117,2015,9183],"product_tag":[],"class_list":{"0":"post-243200","1":"product","2":"type-product","3":"status-publish","4":"has-post-thumbnail","6":"product_cat-bathroom","7":"product_cat-comad","8":"product_cat-bathroom-furniture-sets-comad","10":"first","11":"instock","12":"purchasable","13":"product-type-simple"},"_links":{"self":[{"href":"https:\/\/baldumarket.lt\/lt\/wp-json\/wp\/v2\/product\/243200","targetHints":{"allow":["GET"]}}],"collection":[{"href":"https:\/\/baldumarket.lt\/lt\/wp-json\/wp\/v2\/product"}],"about":[{"href":"https:\/\/baldumarket.lt\/lt\/wp-json\/wp\/v2\/types\/product"}],"replies":[{"embeddable":true,"href":"https:\/\/baldumarket.lt\/lt\/wp-json\/wp\/v2\/comments?post=243200"}],"wp:featuredmedia":[{"embeddable":true,"href":"https:\/\/baldumarket.lt\/lt\/wp-json\/wp\/v2\/media\/243201"}],"wp:attachment":[{"href":"https:\/\/baldumarket.lt\/lt\/wp-json\/wp\/v2\/media?parent=243200"}],"wp:term":[{"taxonomy":"product_brand","embeddable":true,"href":"https:\/\/baldumarket.lt\/lt\/wp-json\/wp\/v2\/product_brand?post=243200"},{"taxonomy":"product_cat","embeddable":true,"href":"https:\/\/baldumarket.lt\/lt\/wp-json\/wp\/v2\/product_cat?post=243200"},{"taxonomy":"product_tag","embeddable":true,"href":"https:\/\/baldumarket.lt\/lt\/wp-json\/wp\/v2\/product_tag?post=243200"}],"curies":[{"name":"wp","href":"https:\/\/api.w.org\/{rel}","templated":true}]}}