{"id":243197,"date":"2026-01-02T22:56:34","date_gmt":"2026-01-02T19:56:34","guid":{"rendered":"https:\/\/baldumarket.lt\/product\/remik-oak-841-lustro-w-ramie-80-dab-riviera\/"},"modified":"2026-02-11T18:33:50","modified_gmt":"2026-02-11T15:33:50","slug":"remik-oak-841-lustro-w-ramie-80-dab-riviera","status":"publish","type":"product","link":"https:\/\/baldumarket.lt\/lt\/product\/remik-oak-841-lustro-w-ramie-80-dab-riviera\/","title":{"rendered":"REMIK \u0104\u017dUOLAS 841 \u2013 Veidrodis r\u0117me 80 \u2013 Riviera Oak"},"content":{"rendered":"<p>REMIK kolekcija skirta klientams, kurie tikisi novatori\u0161k\u0173 sprendim\u0173 ir galimyb\u0117s pritaikyti baldus pagal individual\u0173 skon\u012f. Prid\u0117j\u0119 papildomus spinteli\u0173 elementus, suteik\u0117me galimyb\u0119 rinktis i\u0161 keturi\u0173 deran\u010di\u0173 kriaukli\u0173, tod\u0117l tikrai rasite tobul\u0105 variant\u0105. \u012esigij\u0119 REMIK kolekcijos baldus, gausite papildom\u0105 230 V lizd\u0105, nes vonios kambaryje vis da\u017eniau naudojame daug energijos eikvojan\u010dius prietaisus, tokius kaip skustuvai ir plauk\u0173 d\u017eiovintuvai. Kad \u0161i veikla b\u016bt\u0173 dar patogesn\u0117, toje pa\u010dioje spintel\u0117je yra modernus LED ap\u0161vietimas. Projektuodami baldus, daugiausia d\u0117mesio skyr\u0117me pritaikymo galimyb\u0117ms, kad sprendimas b\u016bt\u0173 tobulai pritaikytas j\u016bs\u0173 vonios kambariui. Ta\u010diau nepamir\u0161ome ir ergonomikos, tod\u0117l \u012fmontavome vyrius ir kreipiam\u0105sias su \u0161velnaus u\u017edarymo sistema, kad jaustum\u0117t\u0117s patogiai net nakt\u012f ir nepa\u017eadintum\u0117te kit\u0173 nam\u0173 \u016bkio nari\u0173.<\/p>","protected":false},"excerpt":{"rendered":"<p>Plotis (cm): 80<br \/>\n\u016agis (cm): 62<br \/>\nGylis (cm): 2<\/p>","protected":false},"featured_media":243198,"comment_status":"open","ping_status":"open","template":"","meta":[],"product_brand":[],"product_cat":[9117,2015,9188],"product_tag":[],"class_list":{"0":"post-243197","1":"product","2":"type-product","3":"status-publish","4":"has-post-thumbnail","6":"product_cat-bathroom","7":"product_cat-comad","8":"product_cat-akcesoria-comad","10":"first","11":"instock","12":"purchasable","13":"product-type-simple"},"_links":{"self":[{"href":"https:\/\/baldumarket.lt\/lt\/wp-json\/wp\/v2\/product\/243197","targetHints":{"allow":["GET"]}}],"collection":[{"href":"https:\/\/baldumarket.lt\/lt\/wp-json\/wp\/v2\/product"}],"about":[{"href":"https:\/\/baldumarket.lt\/lt\/wp-json\/wp\/v2\/types\/product"}],"replies":[{"embeddable":true,"href":"https:\/\/baldumarket.lt\/lt\/wp-json\/wp\/v2\/comments?post=243197"}],"wp:featuredmedia":[{"embeddable":true,"href":"https:\/\/baldumarket.lt\/lt\/wp-json\/wp\/v2\/media\/243198"}],"wp:attachment":[{"href":"https:\/\/baldumarket.lt\/lt\/wp-json\/wp\/v2\/media?parent=243197"}],"wp:term":[{"taxonomy":"product_brand","embeddable":true,"href":"https:\/\/baldumarket.lt\/lt\/wp-json\/wp\/v2\/product_brand?post=243197"},{"taxonomy":"product_cat","embeddable":true,"href":"https:\/\/baldumarket.lt\/lt\/wp-json\/wp\/v2\/product_cat?post=243197"},{"taxonomy":"product_tag","embeddable":true,"href":"https:\/\/baldumarket.lt\/lt\/wp-json\/wp\/v2\/product_tag?post=243197"}],"curies":[{"name":"wp","href":"https:\/\/api.w.org\/{rel}","templated":true}]}}