{"id":243189,"date":"2026-01-02T22:56:30","date_gmt":"2026-01-02T19:56:30","guid":{"rendered":"https:\/\/baldumarket.lt\/product\/regal-wiszacy-otwarty-pod-blat-20-cm-nova-oak\/"},"modified":"2026-02-11T18:33:50","modified_gmt":"2026-02-11T15:33:50","slug":"regal-wiszacy-otwarty-pod-blat-20-cm-nova-oak","status":"publish","type":"product","link":"https:\/\/baldumarket.lt\/lt\/product\/regal-wiszacy-otwarty-pod-blat-20-cm-nova-oak\/","title":{"rendered":"Atvira pakabinama lentyna po stalvir\u0161iu, 20 cm, Nova Oak spalvos"},"content":{"rendered":"<p>Atvira sienin\u0117 lentyna 20 cm stalvir\u0161iui \u201eNova Oak\u201c Matmenys: Plotis (cm): 20 Gylis (cm): 39 Auk\u0161tis (cm): 57 Svoris (kg): 6 Techniniai duomenys: Spalva: \u201eCost Evoke Oak\u201c Korpuso med\u017eiaga: Laminuota plok\u0161t\u0117 Korpuso spalva: \u201eCost Evoke Oak\u201c Reikalingas surinkimas: Taip Tvirtinimo kai\u0161\u010diai pridedami: Taip Tvirtinimo rinkinys pridedamas: Taip Montavimo viduje b\u016bdas: Pakabinimui ant sienos<\/p>","protected":false},"excerpt":{"rendered":"<p>Plotis (cm): 20<br \/>\nGylis (cm): 39<br \/>\n\u016agis (cm): 57<\/p>","protected":false},"featured_media":243190,"comment_status":"open","ping_status":"open","template":"","meta":[],"product_brand":[],"product_cat":[9117,2015,9187],"product_tag":[],"class_list":{"0":"post-243189","1":"product","2":"type-product","3":"status-publish","4":"has-post-thumbnail","6":"product_cat-bathroom","7":"product_cat-comad","8":"product_cat-washbasin-cabinet-comad","10":"first","11":"instock","12":"purchasable","13":"product-type-simple"},"_links":{"self":[{"href":"https:\/\/baldumarket.lt\/lt\/wp-json\/wp\/v2\/product\/243189","targetHints":{"allow":["GET"]}}],"collection":[{"href":"https:\/\/baldumarket.lt\/lt\/wp-json\/wp\/v2\/product"}],"about":[{"href":"https:\/\/baldumarket.lt\/lt\/wp-json\/wp\/v2\/types\/product"}],"replies":[{"embeddable":true,"href":"https:\/\/baldumarket.lt\/lt\/wp-json\/wp\/v2\/comments?post=243189"}],"wp:featuredmedia":[{"embeddable":true,"href":"https:\/\/baldumarket.lt\/lt\/wp-json\/wp\/v2\/media\/243190"}],"wp:attachment":[{"href":"https:\/\/baldumarket.lt\/lt\/wp-json\/wp\/v2\/media?parent=243189"}],"wp:term":[{"taxonomy":"product_brand","embeddable":true,"href":"https:\/\/baldumarket.lt\/lt\/wp-json\/wp\/v2\/product_brand?post=243189"},{"taxonomy":"product_cat","embeddable":true,"href":"https:\/\/baldumarket.lt\/lt\/wp-json\/wp\/v2\/product_cat?post=243189"},{"taxonomy":"product_tag","embeddable":true,"href":"https:\/\/baldumarket.lt\/lt\/wp-json\/wp\/v2\/product_tag?post=243189"}],"curies":[{"name":"wp","href":"https:\/\/api.w.org\/{rel}","templated":true}]}}