{"id":243180,"date":"2026-01-02T22:56:26","date_gmt":"2026-01-02T19:56:26","guid":{"rendered":"https:\/\/baldumarket.lt\/product\/regal-gorny-santa-fe-black\/"},"modified":"2026-02-11T18:33:50","modified_gmt":"2026-02-11T15:33:50","slug":"regal-gorny-santa-fe-black","status":"publish","type":"product","link":"https:\/\/baldumarket.lt\/lt\/product\/regal-gorny-santa-fe-black\/","title":{"rendered":"SANTA FE BLACK vir\u0161utin\u0117 lentyna"},"content":{"rendered":"<p>SANTA FE BLACK vir\u0161utin\u0117 lentyna\u201eComad\u201c SANTA FE BLACK vir\u0161utini\u0173 lentyn\u0173 blokas \u2013 stilingas, juodas j\u016bs\u0173 erdv\u0117s papildymas. Pagamintas i\u0161 laminuotos plok\u0161t\u0117s, jis turi tris lentynas, puikiai tinkan\u010dias daiktams laikyti ir eksponuoti. Eleganti\u0161kas dizainas ir prakti\u0161kumas viename. Matmenys: Plotis (cm): 20 Gylis (cm): 15 Auk\u0161tis (cm): 65 Techniniai duomenys: Korpuso spalva: Juoda Priekin\u0117s dalies spalva: Juoda Korpuso med\u017eiaga: Laminuota plok\u0161t\u0117 Bald\u0173 tipas: Tvirtinami prie sienos Lentyn\u0173 skai\u010dius: 4\/2 Lentyn\u0173 med\u017eiaga: Laminuota plok\u0161t\u0117 \u201eComad\u201c SANTA FE BLACK vir\u0161utini\u0173 lentyn\u0173 blokas yra tikras perlas visiems, kurie vertina elegancij\u0105 ir modern\u0173 dizain\u0105 interjere. Jo plonas siluetas, apdailintas sodriai juoda spalva, suteiks bet kokiai erdvei prabangos. Jis puikiai dera tiek su minimalistiniu, tiek su klasikiniu interjeru, sukurdamas harmoning\u0105 visum\u0105 su kitais dizaino elementais.<\/p>\n<p>D\u0117l trij\u0173 erdvi\u0173 lentyn\u0173, pagamint\u0173 i\u0161 patvarios laminuotos plok\u0161t\u0117s, SANTA FE BLACK lentyn\u0173 blokas si\u016blo funkcionalius \u012fvairi\u0173 daikt\u0173 laikymo sprendimus. Nesvarbu, ar jums reikia vietos knygoms, papuo\u0161alams ar virtuv\u0117s reikmenims, \u0161i pakabinama lentyn\u0173 sistema pateisins j\u016bs\u0173 l\u016bkes\u010dius. D\u0117l kompakti\u0161k\u0173 matmen\u0173 ji tinka net ir ma\u017eoms erdv\u0117ms, u\u017etikrinant maksimal\u0173 erdv\u0117s panaudojim\u0105.<\/p>\n<p>SANTA FE BLACK lentyn\u0173 blokas \u017eavi ne tik savo estetika, bet ir prakti\u0161kumu. Pakabinamas dizainas taupo grind\u0173 plot\u0105, o tai ypa\u010d svarbu ma\u017euose butuose. Be to, juodas laminuotas pavir\u0161ius lengvai valomas \u2013 tai savyb\u0117, kuri\u0105 vertina tie, kurie vertina tvark\u0105.<\/p>\n<p>Jei ie\u0161kote baldo, kuris i\u0161siskirt\u0173 j\u016bs\u0173 interjere ir kartu u\u017etikrint\u0173 patog\u0173 bei funkcional\u0173 daikt\u0173 laikym\u0105, \u201eComad\u201c SANTA FE BLACK vir\u0161utini\u0173 lentyn\u0173 sistema yra puikus pasirinkimas. Unikalus dizainas ir auk\u0161tos kokyb\u0117s med\u017eiagos u\u017etikrina, kad ji d\u017eiugins daugel\u012f met\u0173, atitinkant naujausias interjero dizaino tendencijas.<\/p>","protected":false},"excerpt":{"rendered":"<p>Plotis (cm): 20<br \/>\nGylis (cm): 15<br \/>\n\u016agis (cm): 65<\/p>","protected":false},"featured_media":243181,"comment_status":"open","ping_status":"open","template":"","meta":[],"product_brand":[],"product_cat":[9117,2015,9187],"product_tag":[],"class_list":{"0":"post-243180","1":"product","2":"type-product","3":"status-publish","4":"has-post-thumbnail","6":"product_cat-bathroom","7":"product_cat-comad","8":"product_cat-washbasin-cabinet-comad","10":"first","11":"instock","12":"purchasable","13":"product-type-simple"},"_links":{"self":[{"href":"https:\/\/baldumarket.lt\/lt\/wp-json\/wp\/v2\/product\/243180","targetHints":{"allow":["GET"]}}],"collection":[{"href":"https:\/\/baldumarket.lt\/lt\/wp-json\/wp\/v2\/product"}],"about":[{"href":"https:\/\/baldumarket.lt\/lt\/wp-json\/wp\/v2\/types\/product"}],"replies":[{"embeddable":true,"href":"https:\/\/baldumarket.lt\/lt\/wp-json\/wp\/v2\/comments?post=243180"}],"wp:featuredmedia":[{"embeddable":true,"href":"https:\/\/baldumarket.lt\/lt\/wp-json\/wp\/v2\/media\/243181"}],"wp:attachment":[{"href":"https:\/\/baldumarket.lt\/lt\/wp-json\/wp\/v2\/media?parent=243180"}],"wp:term":[{"taxonomy":"product_brand","embeddable":true,"href":"https:\/\/baldumarket.lt\/lt\/wp-json\/wp\/v2\/product_brand?post=243180"},{"taxonomy":"product_cat","embeddable":true,"href":"https:\/\/baldumarket.lt\/lt\/wp-json\/wp\/v2\/product_cat?post=243180"},{"taxonomy":"product_tag","embeddable":true,"href":"https:\/\/baldumarket.lt\/lt\/wp-json\/wp\/v2\/product_tag?post=243180"}],"curies":[{"name":"wp","href":"https:\/\/api.w.org\/{rel}","templated":true}]}}