{"id":243170,"date":"2026-01-02T22:56:22","date_gmt":"2026-01-02T19:56:22","guid":{"rendered":"https:\/\/baldumarket.lt\/product\/regal-dolny-santa-fe-black\/"},"modified":"2026-02-11T18:33:51","modified_gmt":"2026-02-11T15:33:51","slug":"regal-dolny-santa-fe-black","status":"publish","type":"product","link":"https:\/\/baldumarket.lt\/lt\/product\/regal-dolny-santa-fe-black\/","title":{"rendered":"SANTA FE BLACK apatin\u0117 lentyna"},"content":{"rendered":"<p>SANTA FE BLACK pagrindo lentyna\u201eComad\u201c SANTA FE BLACK pagrindo lentyna pasi\u017eymi eleganti\u0161ka juoda apdaila. Pagaminta i\u0161 patvarios laminuotos plok\u0161t\u0117s, turi 2 lentynas, idealiai tinkan\u010dias \u012fvairiems daiktams laikyti. Puikus pasirinkimas moderniam interjerui. Matmenys: Plotis (cm): 20 Gylis (cm): 44 Auk\u0161tis (cm): 46 Techniniai duomenys: Korpuso spalva: Juoda Priekin\u0117s dalies spalva: Juoda Korpuso med\u017eiaga: Laminuota plok\u0161t\u0117 Priekin\u0117s dalies med\u017eiaga: Laminuota plok\u0161t\u0117 Bald\u0173 tipas: Tvirtinami prie sienos Lentyn\u0173 skai\u010dius: 2 Lentyn\u0173 med\u017eiaga: Laminuota plok\u0161t\u0117 \u201eComad\u201c SANTA FE BLACK pagrindo lentyna yra eleganti\u0161kas ir modernus akcentas, kuris praturtins bet kok\u012f interjer\u0105. Juoda spalva suteikia kambariui rafinuoto ir stilingo charakterio, puikiai dera tiek su \u0161viesiais, tiek su tamsiais i\u0161d\u0117stymais. Ji puikiai tiks vonios kambaryje, kur taps funkcionaliu baldu.<\/p>\n<p>\u0160i pakabinama lentyna yra funkcionalumo sinonimas. D\u0117l dviej\u0173 lentyn\u0173, pagamint\u0173 i\u0161 laminuotos plok\u0161t\u0117s, ji suteikia daug vietos \u012fvairiems kasdieniams daiktams laikyti. D\u0117l kompakti\u0161kos formos j\u0105 lengva pritaikyti ma\u017eesn\u0117se erdv\u0117se, ji yra prakti\u0161ka neprarandant stiliaus. D\u0117l apgalvoto dizaino ji leid\u017eia maksimaliai i\u0161naudoti erdv\u0119, ypa\u010d ma\u017euose butuose.<\/p>\n<p>Pagamintas i\u0161 laminuotos plok\u0161t\u0117s, \u0161is baldas garantuoja patvarum\u0105 ir tvirtum\u0105. Med\u017eiagos pavir\u0161ius atsparus \u012fbr\u0117\u017eimams ir lengvai valomas, tod\u0117l jis ne tik esteti\u0161kai patrauklus, bet ir ne\u012ftik\u0117tinai prakti\u0161kas. Auk\u0161tos kokyb\u0117s gamyba ir d\u0117mesys detal\u0117ms yra \u201eComad\u201c gamini\u0173 skiriamieji bruo\u017eai.<\/p>\n<p>SANTA FE BLACK pagrindo lentyna yra universalus baldas; jos panaudojimo galimyb\u0117s prakti\u0161kai neribotos. Ji gali b\u016bti stilingas persirengimo kambario papildymas, prakti\u0161kas virtuv\u0117s papildymas arba eleganti\u0161kas akcentas vonios kambaryje. Minimalistin\u0117 forma ir universali juoda spalva puikiai dera prie \u012fvairi\u0173 interjero stili\u0173 \u2013 nuo modernaus iki skandinavi\u0161ko ir industrinio.<\/p>","protected":false},"excerpt":{"rendered":"<p>Plotis (cm): 20<br \/>\nGylis (cm): 44<br \/>\n\u016agis (cm): 46<\/p>","protected":false},"featured_media":243171,"comment_status":"open","ping_status":"open","template":"","meta":[],"product_brand":[],"product_cat":[9117,2015,9187],"product_tag":[],"class_list":{"0":"post-243170","1":"product","2":"type-product","3":"status-publish","4":"has-post-thumbnail","6":"product_cat-bathroom","7":"product_cat-comad","8":"product_cat-washbasin-cabinet-comad","10":"first","11":"instock","12":"purchasable","13":"product-type-simple"},"_links":{"self":[{"href":"https:\/\/baldumarket.lt\/lt\/wp-json\/wp\/v2\/product\/243170","targetHints":{"allow":["GET"]}}],"collection":[{"href":"https:\/\/baldumarket.lt\/lt\/wp-json\/wp\/v2\/product"}],"about":[{"href":"https:\/\/baldumarket.lt\/lt\/wp-json\/wp\/v2\/types\/product"}],"replies":[{"embeddable":true,"href":"https:\/\/baldumarket.lt\/lt\/wp-json\/wp\/v2\/comments?post=243170"}],"wp:featuredmedia":[{"embeddable":true,"href":"https:\/\/baldumarket.lt\/lt\/wp-json\/wp\/v2\/media\/243171"}],"wp:attachment":[{"href":"https:\/\/baldumarket.lt\/lt\/wp-json\/wp\/v2\/media?parent=243170"}],"wp:term":[{"taxonomy":"product_brand","embeddable":true,"href":"https:\/\/baldumarket.lt\/lt\/wp-json\/wp\/v2\/product_brand?post=243170"},{"taxonomy":"product_cat","embeddable":true,"href":"https:\/\/baldumarket.lt\/lt\/wp-json\/wp\/v2\/product_cat?post=243170"},{"taxonomy":"product_tag","embeddable":true,"href":"https:\/\/baldumarket.lt\/lt\/wp-json\/wp\/v2\/product_tag?post=243170"}],"curies":[{"name":"wp","href":"https:\/\/api.w.org\/{rel}","templated":true}]}}