{"id":243163,"date":"2026-01-02T22:56:19","date_gmt":"2026-01-02T19:56:19","guid":{"rendered":"https:\/\/baldumarket.lt\/product\/regal-cashmere-pod-blat-20-cm\/"},"modified":"2026-02-11T18:33:51","modified_gmt":"2026-02-11T15:33:51","slug":"regal-cashmere-pod-blat-20-cm","status":"publish","type":"product","link":"https:\/\/baldumarket.lt\/lt\/product\/regal-cashmere-pod-blat-20-cm\/","title":{"rendered":"Ka\u0161myro lentyna po stalvir\u0161iu 20 cm"},"content":{"rendered":"<p>Ka\u0161myro lentyna po stalvir\u0161iu 20 cm. Eleganti\u0161ka \u201eComad\u201c ka\u0161myro lentyna, pagaminta i\u0161 laminuotos plok\u0161t\u0117s, pasi\u017eymin\u010dios madinga matine ka\u0161myro spalva. Puikiai tinka montuoti prie sienos, ji suteiks modernaus stiliaus ir funkcionalumo bet kokiam interjerui. Kompakti\u0161ki matmenys leid\u017eia k\u016brybi\u0161kai i\u0161d\u0117styti interjerus. Matmenys: Plotis (cm): 20 Gylis (cm): 44 Auk\u0161tis (cm): 57 Techniniai duomenys: Med\u017eiaga: Laminuota plok\u0161t\u0117 Spalva: Matin\u0117 ka\u0161myro spalva Korpuso med\u017eiaga: Laminuota plok\u0161t\u0117 Korpuso spalva: Matin\u0117 ka\u0161myro spalva Montavimas patalpose: Tvirtinamas prie sienos Pakuo\u010di\u0173 skai\u010dius: 1 Bendras bruto svoris: 10,5 kg. \u201eComad\u201c ka\u0161myro lentyna yra tikras perlas interjero dizaino pasaulyje. Subtilus, matinis ka\u0161myro atspalvis suteikia subtilaus elegancijos prisilietimo bet kokiam interjerui, puikiai papildydamas tiek modern\u0173, tiek klasikin\u012f i\u0161d\u0117stym\u0105. Sukurkite jauki\u0105 atmosfer\u0105 savo namuose, naudodami \u0161\u012f bald\u0105 m\u0117gstamiausioms dekoracijoms eksponuoti.<\/p>\n<p>\u0160i eleganti\u0161ka lentyn\u0173 sistema buvo sukurta atsi\u017evelgiant \u012f funkcionalum\u0105 ir estetik\u0105. D\u0117l kompakti\u0161ko dyd\u017eio ji tilps net ir ma\u017eiausiuose kambariuose, suteikdama papildomos vietos daiktams susid\u0117ti neu\u017egriozdinant erdv\u0117s. Tai puikus sprendimas tiems, kurie vertina tvark\u0105 ir eleganti\u0161kus akcentus savo aplinkoje.<\/p>\n<p>Ka\u0161myro lentyn\u0173 blokas, pagamintas i\u0161 auk\u0161tos kokyb\u0117s laminuotos plok\u0161t\u0117s, yra ne tik patvarus, bet ir lengvai pri\u017ei\u016brimas. D\u0117l savo konstrukcijos j\u012f galima pakabinti ant sienos, suteikiant interjerui lengvumo. Tai puiki vieta knygoms, \u017evak\u0117ms ar dekoratyviniams daiktams, kurie suteiks j\u016bs\u0173 interjerui asmeni\u0161kumo.<\/p>\n<p>Rinkit\u0117s unikal\u0173 stili\u0173 ir prakti\u0161kum\u0105 su \u201eCashmere\u201c lentyn\u0173 bloku. Eleganti\u0161kas dizainas kartu su funkcionalumu pavers j\u012f nepakei\u010diamu j\u016bs\u0173 nam\u0173 elementu. Atraskite jo teikiamas galimybes ir suteikite savo erdvei nauj\u0105 gyvyb\u0119.<\/p>","protected":false},"excerpt":{"rendered":"<p>Plotis (cm): 20<br \/>\n\u016agis (cm): 57<br \/>\nGylis (cm): 44<\/p>","protected":false},"featured_media":243164,"comment_status":"open","ping_status":"open","template":"","meta":[],"product_brand":[],"product_cat":[9117,2015,9187],"product_tag":[],"class_list":{"0":"post-243163","1":"product","2":"type-product","3":"status-publish","4":"has-post-thumbnail","6":"product_cat-bathroom","7":"product_cat-comad","8":"product_cat-washbasin-cabinet-comad","10":"first","11":"instock","12":"purchasable","13":"product-type-simple"},"_links":{"self":[{"href":"https:\/\/baldumarket.lt\/lt\/wp-json\/wp\/v2\/product\/243163","targetHints":{"allow":["GET"]}}],"collection":[{"href":"https:\/\/baldumarket.lt\/lt\/wp-json\/wp\/v2\/product"}],"about":[{"href":"https:\/\/baldumarket.lt\/lt\/wp-json\/wp\/v2\/types\/product"}],"replies":[{"embeddable":true,"href":"https:\/\/baldumarket.lt\/lt\/wp-json\/wp\/v2\/comments?post=243163"}],"wp:featuredmedia":[{"embeddable":true,"href":"https:\/\/baldumarket.lt\/lt\/wp-json\/wp\/v2\/media\/243164"}],"wp:attachment":[{"href":"https:\/\/baldumarket.lt\/lt\/wp-json\/wp\/v2\/media?parent=243163"}],"wp:term":[{"taxonomy":"product_brand","embeddable":true,"href":"https:\/\/baldumarket.lt\/lt\/wp-json\/wp\/v2\/product_brand?post=243163"},{"taxonomy":"product_cat","embeddable":true,"href":"https:\/\/baldumarket.lt\/lt\/wp-json\/wp\/v2\/product_cat?post=243163"},{"taxonomy":"product_tag","embeddable":true,"href":"https:\/\/baldumarket.lt\/lt\/wp-json\/wp\/v2\/product_tag?post=243163"}],"curies":[{"name":"wp","href":"https:\/\/api.w.org\/{rel}","templated":true}]}}