{"id":243147,"date":"2026-01-02T22:56:13","date_gmt":"2026-01-02T19:56:13","guid":{"rendered":"https:\/\/baldumarket.lt\/product\/polslupek-lazienkowy-1-drzwiowy-talia-casella\/"},"modified":"2026-02-11T18:33:52","modified_gmt":"2026-02-11T15:33:52","slug":"polslupek-lazienkowy-1-drzwiowy-talia-casella","status":"publish","type":"product","link":"https:\/\/baldumarket.lt\/lt\/product\/polslupek-lazienkowy-1-drzwiowy-talia-casella\/","title":{"rendered":"Talia Casella vonios spintel\u0117 su 1 durel\u0117mis"},"content":{"rendered":"<p>\u201cTalia Casella\u201d vieneri\u0173 dur\u0173 vonios spintel\u0117. \u201cTalia Casella\u201d vonios spintel\u0117 derina elegancij\u0105 ir modernum\u0105. Ji pasi\u017eymi frezuotais fasadais su \u201eCasella Oak\u201c apdaila ir matin\u0117s juodos spalvos korpusu. D\u0117l \u201eatidarymo stumiant\u201c sistemos ir \u0161velnaus u\u017edarymo ja patogu naudotis. Matmenys: Plotis (cm): 30 Gylis (cm): 18,5 Auk\u0161tis (cm): 80 Svoris (kg): 8,5 Techniniai duomenys: Korpuso spalva: Matin\u0117 juoda Priekin\u0117s dalies spalva: \u201eCasella Oak\u201c Korpuso med\u017eiaga: Laminuota plok\u0161t\u0117 Priekin\u0117s dalies med\u017eiaga: MDF Vyriai: \u0160velnus u\u017edarymas Dur\u0173 tvirtinimo kryptis: De\u0161in\u0117 \/ Kair\u0117 Atidarymo sistema: Atidarymas stumiant Pridedamas montavimo rinkinys: Taip Surinkimas: Savaranki\u0161kas surinkimas \u201eComad\u201c \u201eTalia Casella\u201c vieneri\u0173 dur\u0173 vonios spintel\u0117 \u2013 tai puikus klasikin\u0117s elegancijos ir modernaus dizaino derinys. Unikalus stilius suteikia vonios kambariui harmonijos ir \u0161ilumos, puikiai papildydamas bet kok\u012f interjer\u0105. I\u0161skirtiniai fasadai su subtiliai frezuotu r\u0117mu traukia ak\u012f ir tampa i\u0161d\u0117stymo centru, o \u201eCasella Oak\u201c apdaila puikiai atspindi nat\u016bral\u0173 medienos gro\u017e\u012f, suteikdama erdvei jaukumo. 80 cm auk\u0161tis ir i\u0161manus trij\u0173 lentyn\u0173 dizainas paver\u010dia \u0161i\u0105 minimalistin\u0119 spintel\u0119 ne tik puikiu atskiru baldu, bet ir nuostabiu kit\u0173 bald\u0173 papildymu. Galite lengvai pastatyti du baldus greta arba sud\u0117ti juos vien\u0105 ant kito, taip sukurdami unikalius ir funkcionalius sprendimus, pritaikytus j\u016bs\u0173 poreikiams. Atidarymo sistema \u201espustelint atidaroma\u201c garantuoja paprast\u0105 naudojim\u0105, tod\u0117l nereikia tradicini\u0173 ranken\u0173. \u0160velniai u\u017esidaran\u010dios durel\u0117s yra dar vienas privalumas, padidinantis naudojimo komfort\u0105 ir suteikiantis eleganti\u0161k\u0105 bei moderni\u0105 i\u0161vaizd\u0105. MDF ir laminuotos plok\u0161t\u0117s konstrukcija garantuoja ne tik estetik\u0105, bet ir ilgaam\u017ei\u0161kum\u0105. \u201eTalia Casella\u201c kolekcija buvo sukurta atkreipiant d\u0117mes\u012f \u012f detales, o tai \u017eymiai padidina jos vert\u0119. Baldai pristatomi savaranki\u0161kai surenkamose pakuot\u0117se, o intuityvus dizainas rei\u0161kia, kad surinkimui nereikia speciali\u0173 \u017eini\u0173. Suteikiama 2 met\u0173 garantija, jie garantuoja pasitenkinim\u0105 ir lenki\u0161kos produkcijos kokyb\u0119. Taigi, jei ie\u0161kote eleganti\u0161k\u0173 vonios bald\u0173, kuriuose der\u0117t\u0173 klasikinis stilius su modernumu, \u201eTalia Casella\u201c puskolon\u0117 bus puikus pasirinkimas j\u016bs\u0173 erdvei.<\/p>","protected":false},"excerpt":{"rendered":"<p>Plotis (cm): 30<br \/>\n\u016agis (cm): 80<br \/>\nGylis (cm): 18,5<\/p>","protected":false},"featured_media":243148,"comment_status":"open","ping_status":"open","template":"","meta":[],"product_brand":[],"product_cat":[9117,2015,9187],"product_tag":[],"class_list":{"0":"post-243147","1":"product","2":"type-product","3":"status-publish","4":"has-post-thumbnail","6":"product_cat-bathroom","7":"product_cat-comad","8":"product_cat-washbasin-cabinet-comad","10":"first","11":"instock","12":"purchasable","13":"product-type-simple"},"_links":{"self":[{"href":"https:\/\/baldumarket.lt\/lt\/wp-json\/wp\/v2\/product\/243147","targetHints":{"allow":["GET"]}}],"collection":[{"href":"https:\/\/baldumarket.lt\/lt\/wp-json\/wp\/v2\/product"}],"about":[{"href":"https:\/\/baldumarket.lt\/lt\/wp-json\/wp\/v2\/types\/product"}],"replies":[{"embeddable":true,"href":"https:\/\/baldumarket.lt\/lt\/wp-json\/wp\/v2\/comments?post=243147"}],"wp:featuredmedia":[{"embeddable":true,"href":"https:\/\/baldumarket.lt\/lt\/wp-json\/wp\/v2\/media\/243148"}],"wp:attachment":[{"href":"https:\/\/baldumarket.lt\/lt\/wp-json\/wp\/v2\/media?parent=243147"}],"wp:term":[{"taxonomy":"product_brand","embeddable":true,"href":"https:\/\/baldumarket.lt\/lt\/wp-json\/wp\/v2\/product_brand?post=243147"},{"taxonomy":"product_cat","embeddable":true,"href":"https:\/\/baldumarket.lt\/lt\/wp-json\/wp\/v2\/product_cat?post=243147"},{"taxonomy":"product_tag","embeddable":true,"href":"https:\/\/baldumarket.lt\/lt\/wp-json\/wp\/v2\/product_tag?post=243147"}],"curies":[{"name":"wp","href":"https:\/\/api.w.org\/{rel}","templated":true}]}}