{"id":243137,"date":"2026-01-02T22:56:09","date_gmt":"2026-01-02T19:56:09","guid":{"rendered":"https:\/\/baldumarket.lt\/product\/podwojna-umywalka-ceramiczna-lava-120-8003-120-cm\/"},"modified":"2026-02-11T18:33:52","modified_gmt":"2026-02-11T15:33:52","slug":"podwojna-umywalka-ceramiczna-lava-120-8003-120-cm","status":"publish","type":"product","link":"https:\/\/baldumarket.lt\/lt\/product\/podwojna-umywalka-ceramiczna-lava-120-8003-120-cm\/","title":{"rendered":"Dvigubas keraminis praustuvas LAVA 120\/8003 120 cm"},"content":{"rendered":"<p>Kriaukl\u0117 pagaminta i\u0161 auk\u0161\u010diausios kokyb\u0117s keramikos, pasi\u017eymi lengvu dizainu ir patvarumu. Ji turi standartin\u0119 mai\u0161ytuvo ang\u0105 ir sifon\u0105.<\/p>","protected":false},"excerpt":{"rendered":"<p>Plotis (cm): 121<br \/>\n\u016agis (cm): 17<br \/>\nGylis (cm): 46<\/p>","protected":false},"featured_media":243138,"comment_status":"open","ping_status":"open","template":"","meta":[],"product_brand":[],"product_cat":[9117,2015,9185],"product_tag":[],"class_list":{"0":"post-243137","1":"product","2":"type-product","3":"status-publish","4":"has-post-thumbnail","6":"product_cat-bathroom","7":"product_cat-comad","8":"product_cat-washbasin-comad","10":"first","11":"instock","12":"purchasable","13":"product-type-simple"},"_links":{"self":[{"href":"https:\/\/baldumarket.lt\/lt\/wp-json\/wp\/v2\/product\/243137","targetHints":{"allow":["GET"]}}],"collection":[{"href":"https:\/\/baldumarket.lt\/lt\/wp-json\/wp\/v2\/product"}],"about":[{"href":"https:\/\/baldumarket.lt\/lt\/wp-json\/wp\/v2\/types\/product"}],"replies":[{"embeddable":true,"href":"https:\/\/baldumarket.lt\/lt\/wp-json\/wp\/v2\/comments?post=243137"}],"wp:featuredmedia":[{"embeddable":true,"href":"https:\/\/baldumarket.lt\/lt\/wp-json\/wp\/v2\/media\/243138"}],"wp:attachment":[{"href":"https:\/\/baldumarket.lt\/lt\/wp-json\/wp\/v2\/media?parent=243137"}],"wp:term":[{"taxonomy":"product_brand","embeddable":true,"href":"https:\/\/baldumarket.lt\/lt\/wp-json\/wp\/v2\/product_brand?post=243137"},{"taxonomy":"product_cat","embeddable":true,"href":"https:\/\/baldumarket.lt\/lt\/wp-json\/wp\/v2\/product_cat?post=243137"},{"taxonomy":"product_tag","embeddable":true,"href":"https:\/\/baldumarket.lt\/lt\/wp-json\/wp\/v2\/product_tag?post=243137"}],"curies":[{"name":"wp","href":"https:\/\/api.w.org\/{rel}","templated":true}]}}