{"id":243126,"date":"2026-01-02T22:56:05","date_gmt":"2026-01-02T19:56:05","guid":{"rendered":"https:\/\/baldumarket.lt\/product\/podwojna-szafka-60-cm-adel-oak-z-umywalkami-smile-i-blatem-120-cm\/"},"modified":"2026-02-11T18:33:52","modified_gmt":"2026-02-11T15:33:52","slug":"podwojna-szafka-60-cm-adel-oak-z-umywalkami-smile-i-blatem-120-cm","status":"publish","type":"product","link":"https:\/\/baldumarket.lt\/lt\/product\/podwojna-szafka-60-cm-adel-oak-z-umywalkami-smile-i-blatem-120-cm\/","title":{"rendered":"Dviguba spintel\u0117 60 cm ADEL OAK su SMILE praustuvais ir 120 cm stalvir\u0161iu"},"content":{"rendered":"<p>ADEL OAK dviguba spintel\u0117 60 cm su SMILE praustuvais ir 120 cm stalvir\u0161iu. ADEL OAK dviguba spintel\u0117 su SMILE praustuvais ir 120 cm stalvir\u0161iu \u2013 prakti\u0161kas komplektas bet kokiam vonios kambariui. Pagaminta i\u0161 auk\u0161tos kokyb\u0117s laminuotos plok\u0161t\u0117s ir MDF, su \u0161velnaus u\u017edarymo sistema ir trij\u0173 kei\u010diam\u0173 spalv\u0173 ranken\u0117l\u0117mis. Matmenys: Plotis (cm): 120 Gylis (cm): 46 Auk\u0161tis (cm): 57 Techniniai duomenys: Komplekt\u0105 sudaro: Stalvir\u0161is 120 cm ADEL OAK 89-120-B (100.4 | 46 | 2), 2x Modernus keraminis praustuvas Smile 1 (42 | 42 | 14), 2x Praustuvo spintel\u0117 60 cm ADEL OAK 82-60-B-2S (60 | 46 | 57) Korpuso spalva: Wotan \u0105\u017euolas Priekin\u0117s dalies spalva: Wotan \u0105\u017euolas Korpuso med\u017eiaga: 16 mm laminuota plok\u0161t\u0117 Priekin\u0117s dalies med\u017eiaga: 16 mm MDF \u2013 PVC Rankenos: Plastikas, 3 spalvos: matin\u0117 juoda, blizgus chromas, blizgus auksas. Vyriai: \u0160velnaus u\u017edarymo sistema. Baldo tipas: Pakabinamas ant sienos. Dur\u0173 tvirtinimo kryptis: De\u0161in\u0117\/Kair\u0117. Lentyn\u0173 skai\u010dius: 1. Lentynos \u2013 med\u017eiaga: 16 mm laminuota plok\u0161t\u0117. 60 cm plo\u010dio dvigub\u0173 spinteli\u0173 komplektas \u201eADEL OAK\u201c su praustuvais \u201eSMILE\u201c ir 120 cm ilgio stalvir\u0161iu i\u0161 \u201eComad\u201c \u2013 puikus sprendimas moderniems vonios kambariams. \u0160\u012f komplekt\u0105 sudaro 120 cm ilgio stalvir\u0161is, du modern\u016bs keraminiai praustuvai \u201eSmile\u201c ir dvi spintel\u0117s po praustuvu. \u0160is komplektas pasi\u017eymi ne tik funkcionalumu, bet ir stilingu dizainu.<\/p>\n<p>ADEL OAK stalvir\u0161io plotis \u2013 120 cm, gylis \u2013 46 cm, o auk\u0161tis \u2013 2 cm, tod\u0117l jis puikiai tinka j\u016bs\u0173 vonios kambariui. Kiekvieno \u201eSmile\u201c praustuvo plotis \u2013 42 cm, gylis \u2013 42 cm, o auk\u0161tis \u2013 14 cm, tod\u0117l juo naudotis patogu.<\/p>\n<p>ADEL OAK praustuv\u0173 spinteli\u0173, kuri\u0173 plotis \u2013 60 cm, gylis \u2013 46 cm, o auk\u0161tis \u2013 57 cm, korpusas ir priekin\u0117 dalis pagaminti i\u0161 16 mm storio laminuotos Wotan \u0105\u017euolo plok\u0161t\u0117s, kuri papildomai padengta PVC. \u0160velniai u\u017esidarantys vyriai u\u017etikrina skland\u0173 ir tyl\u0173 dureli\u0173 u\u017edarym\u0105.<\/p>\n<p>Komplekt\u0105 sudaro trys skirtingos ranken\u0117li\u0173 spalvos: matin\u0117 juoda, blizgus chromas ir blizgus auksas, tod\u0117l galite pritaikyti spinteli\u0173 i\u0161vaizd\u0105 pagal savo individualius pageidavimus. Spinteli\u0173 dureles galima montuoti de\u0161in\u0117je arba kair\u0117je pus\u0117je, o viena vidin\u0117 lentyna, pagaminta i\u0161 16 mm laminuotos plok\u0161t\u0117s, suteikia papildomos vietos daiktams laikyti.<\/p>\n<p>\u201eComad\u201c gaminiams b\u016bdinga auk\u0161ta meistri\u0161kumo kokyb\u0117 ir modernus dizainas. ADEL OAK komplektas su SMILE praustuvu suteikia bet kuriam vonios kambariui elegancijos ir funkcionalumo, u\u017etikrindamas auk\u0161\u010diausi\u0105 komforto lyg\u012f.<\/p>","protected":false},"excerpt":{"rendered":"<p>120 cm stalvir\u0161is ADEL OAK 89-120-B (100.4 | 46 | 2) 2x modernus keraminis stalvir\u0161inis praustuvas Smile 1 (42 | 42 | 14) 2x praustuvo spintel\u0117 60 cm ADEL OAK 82-60-B-2S (60 | 46 | 57)<br \/>\nPlotis (cm): 120<br \/>\nGylis (cm): 46<\/p>","protected":false},"featured_media":243127,"comment_status":"open","ping_status":"open","template":"","meta":[],"product_brand":[],"product_cat":[9117,2015,9186],"product_tag":[],"class_list":{"0":"post-243126","1":"product","2":"type-product","3":"status-publish","4":"has-post-thumbnail","6":"product_cat-bathroom","7":"product_cat-comad","8":"product_cat-szafka-z-umywalka-comad","10":"first","11":"instock","12":"purchasable","13":"product-type-simple"},"_links":{"self":[{"href":"https:\/\/baldumarket.lt\/lt\/wp-json\/wp\/v2\/product\/243126","targetHints":{"allow":["GET"]}}],"collection":[{"href":"https:\/\/baldumarket.lt\/lt\/wp-json\/wp\/v2\/product"}],"about":[{"href":"https:\/\/baldumarket.lt\/lt\/wp-json\/wp\/v2\/types\/product"}],"replies":[{"embeddable":true,"href":"https:\/\/baldumarket.lt\/lt\/wp-json\/wp\/v2\/comments?post=243126"}],"wp:featuredmedia":[{"embeddable":true,"href":"https:\/\/baldumarket.lt\/lt\/wp-json\/wp\/v2\/media\/243127"}],"wp:attachment":[{"href":"https:\/\/baldumarket.lt\/lt\/wp-json\/wp\/v2\/media?parent=243126"}],"wp:term":[{"taxonomy":"product_brand","embeddable":true,"href":"https:\/\/baldumarket.lt\/lt\/wp-json\/wp\/v2\/product_brand?post=243126"},{"taxonomy":"product_cat","embeddable":true,"href":"https:\/\/baldumarket.lt\/lt\/wp-json\/wp\/v2\/product_cat?post=243126"},{"taxonomy":"product_tag","embeddable":true,"href":"https:\/\/baldumarket.lt\/lt\/wp-json\/wp\/v2\/product_tag?post=243126"}],"curies":[{"name":"wp","href":"https:\/\/api.w.org\/{rel}","templated":true}]}}