{"id":243094,"date":"2026-01-02T22:55:53","date_gmt":"2026-01-02T19:55:53","guid":{"rendered":"https:\/\/baldumarket.lt\/product\/nowoczesna-umywalka-slim-e-6275-white\/"},"modified":"2026-02-11T18:33:53","modified_gmt":"2026-02-11T15:33:53","slug":"nowoczesna-umywalka-slim-e-6275-white","status":"publish","type":"product","link":"https:\/\/baldumarket.lt\/lt\/product\/nowoczesna-umywalka-slim-e-6275-white\/","title":{"rendered":"Modernus plonas praustuvas E-6275 BALTAS"},"content":{"rendered":"<p>Kriaukl\u0117 pagaminta i\u0161 auk\u0161\u010diausios kokyb\u0117s keramikos, pasi\u017eymi lengvu dizainu ir patvarumu. Ji turi standartin\u0119 i\u0161leidimo ang\u0105.<\/p>","protected":false},"excerpt":{"rendered":"<p>Plotis (cm): 61<br \/>\n\u016agis (cm): 11<br \/>\nGylis (cm): 34<\/p>","protected":false},"featured_media":243095,"comment_status":"open","ping_status":"open","template":"","meta":[],"product_brand":[],"product_cat":[9117,2015,9185],"product_tag":[],"class_list":{"0":"post-243094","1":"product","2":"type-product","3":"status-publish","4":"has-post-thumbnail","6":"product_cat-bathroom","7":"product_cat-comad","8":"product_cat-washbasin-comad","10":"first","11":"instock","12":"purchasable","13":"product-type-simple"},"_links":{"self":[{"href":"https:\/\/baldumarket.lt\/lt\/wp-json\/wp\/v2\/product\/243094","targetHints":{"allow":["GET"]}}],"collection":[{"href":"https:\/\/baldumarket.lt\/lt\/wp-json\/wp\/v2\/product"}],"about":[{"href":"https:\/\/baldumarket.lt\/lt\/wp-json\/wp\/v2\/types\/product"}],"replies":[{"embeddable":true,"href":"https:\/\/baldumarket.lt\/lt\/wp-json\/wp\/v2\/comments?post=243094"}],"wp:featuredmedia":[{"embeddable":true,"href":"https:\/\/baldumarket.lt\/lt\/wp-json\/wp\/v2\/media\/243095"}],"wp:attachment":[{"href":"https:\/\/baldumarket.lt\/lt\/wp-json\/wp\/v2\/media?parent=243094"}],"wp:term":[{"taxonomy":"product_brand","embeddable":true,"href":"https:\/\/baldumarket.lt\/lt\/wp-json\/wp\/v2\/product_brand?post=243094"},{"taxonomy":"product_cat","embeddable":true,"href":"https:\/\/baldumarket.lt\/lt\/wp-json\/wp\/v2\/product_cat?post=243094"},{"taxonomy":"product_tag","embeddable":true,"href":"https:\/\/baldumarket.lt\/lt\/wp-json\/wp\/v2\/product_tag?post=243094"}],"curies":[{"name":"wp","href":"https:\/\/api.w.org\/{rel}","templated":true}]}}