{"id":243060,"date":"2026-01-02T22:55:41","date_gmt":"2026-01-02T19:55:41","guid":{"rendered":"https:\/\/baldumarket.lt\/product\/nova-white-szafka-pod-blat-40-cm-1-drzwi-z-koszem-na-pranie\/"},"modified":"2026-02-11T18:33:53","modified_gmt":"2026-02-11T15:33:53","slug":"nova-white-szafka-pod-blat-40-cm-1-drzwi-z-koszem-na-pranie","status":"publish","type":"product","link":"https:\/\/baldumarket.lt\/lt\/product\/nova-white-szafka-pod-blat-40-cm-1-drzwi-z-koszem-na-pranie\/","title":{"rendered":"Nova balta stalvir\u0161io spintel\u0117, 40 cm, 1 durys ir skalbini\u0173 krep\u0161ys"},"content":{"rendered":"<p>Nova balta stalvir\u0161io spintel\u0117 40 cm 1 durel\u0117mis su skalbini\u0173 krep\u0161iuBalta praustuvo spintel\u0117Matmenys:Plotis (cm): 40Gylis (cm): 57Auk\u0161tis (cm): 39Techniniai duomenys:Korpuso med\u017eiaga: laminuota plok\u0161t\u0117Korpuso spalva: Matin\u0117 baltaPriekin\u0117 med\u017eiaga: MDF plok\u0161t\u0117Priekin\u0117s spalvos: Matin\u0117 baltaMontavimo b\u016bdas patalpoje:Pakabinimui ant sienosKomplekte yra:skalbini\u0173 krep\u0161ysDureli\u0173 skai\u010dius: 1Dureli\u0173 atidarymo kryptis: UniversalusVyri\u0173 tipas:\u0160velniai u\u017esidarantisReikalingas surinkimas:TaipSurinkimo pakuot\u0117je yra:TaipBalta praustuvo spintel\u0117<\/p>","protected":false},"excerpt":{"rendered":"<p>Plotis (cm): 40<br \/>\n\u016agis (cm): 39<br \/>\nGylis (cm): 57<\/p>","protected":false},"featured_media":243061,"comment_status":"open","ping_status":"open","template":"","meta":[],"product_brand":[],"product_cat":[9117,2015,9187],"product_tag":[],"class_list":{"0":"post-243060","1":"product","2":"type-product","3":"status-publish","4":"has-post-thumbnail","6":"product_cat-bathroom","7":"product_cat-comad","8":"product_cat-washbasin-cabinet-comad","10":"first","11":"instock","12":"purchasable","13":"product-type-simple"},"_links":{"self":[{"href":"https:\/\/baldumarket.lt\/lt\/wp-json\/wp\/v2\/product\/243060","targetHints":{"allow":["GET"]}}],"collection":[{"href":"https:\/\/baldumarket.lt\/lt\/wp-json\/wp\/v2\/product"}],"about":[{"href":"https:\/\/baldumarket.lt\/lt\/wp-json\/wp\/v2\/types\/product"}],"replies":[{"embeddable":true,"href":"https:\/\/baldumarket.lt\/lt\/wp-json\/wp\/v2\/comments?post=243060"}],"wp:featuredmedia":[{"embeddable":true,"href":"https:\/\/baldumarket.lt\/lt\/wp-json\/wp\/v2\/media\/243061"}],"wp:attachment":[{"href":"https:\/\/baldumarket.lt\/lt\/wp-json\/wp\/v2\/media?parent=243060"}],"wp:term":[{"taxonomy":"product_brand","embeddable":true,"href":"https:\/\/baldumarket.lt\/lt\/wp-json\/wp\/v2\/product_brand?post=243060"},{"taxonomy":"product_cat","embeddable":true,"href":"https:\/\/baldumarket.lt\/lt\/wp-json\/wp\/v2\/product_cat?post=243060"},{"taxonomy":"product_tag","embeddable":true,"href":"https:\/\/baldumarket.lt\/lt\/wp-json\/wp\/v2\/product_tag?post=243060"}],"curies":[{"name":"wp","href":"https:\/\/api.w.org\/{rel}","templated":true}]}}