{"id":243051,"date":"2026-01-02T22:55:32","date_gmt":"2026-01-02T19:55:32","guid":{"rendered":"https:\/\/baldumarket.lt\/product\/monako-oak-893-blat-120-cm\/"},"modified":"2026-02-11T18:33:53","modified_gmt":"2026-02-11T15:33:53","slug":"monako-oak-893-blat-120-cm","status":"publish","type":"product","link":"https:\/\/baldumarket.lt\/lt\/product\/monako-oak-893-blat-120-cm\/","title":{"rendered":"MONACO \u0104\u017dUOLAS 893 Stalvir\u0161is 120 cm"},"content":{"rendered":"<p>Modernaus stiliaus vonios baldai i\u0161 \u201eMonako Grey\u201c kolekcijos patiks visiems, kurie vertina originalum\u0105 ir unikalius sprendimus. Kolekcijos novatori\u0161k\u0105 dizain\u0105 pabr\u0117\u017eia mediniai fasadai, derinami su deimanto pilka spalva. Veidrodin\u0117s spintel\u0117s ir spintel\u0117s su praustuvu yra \u012fvairi\u0173 dyd\u017ei\u0173, su \u012fmontuota kriaukle arba stalvir\u0161iu su \u012fmontuota kriaukle. \u201eMonako\u201c linijos baldus pasirinktinai galima montuoti kaip pakabinamus arba laisvai pastatomus baldus ant metalini\u0173 kojeli\u0173. Papildoma lentyna, pritvirtinta prie kojeli\u0173, suteikia jiems unikal\u0173 charakter\u012f. Kolekcijai b\u016bdingas unikalus dizainas ir puikiai deran\u010dios spalvos. \u201eMonako\u201c kolekcijos baldai sukurti atsi\u017evelgiant \u012f naujausias interjero dizaino tendencijas.<\/p>","protected":false},"excerpt":{"rendered":"<p>Plotis (cm): 120<br \/>\nAuk\u0161tis (cm): 2,5<br \/>\nGylis (cm): 46<\/p>","protected":false},"featured_media":243052,"comment_status":"open","ping_status":"open","template":"","meta":[],"product_brand":[],"product_cat":[9117,2015,9184],"product_tag":[],"class_list":{"0":"post-243051","1":"product","2":"type-product","3":"status-publish","4":"has-post-thumbnail","6":"product_cat-bathroom","7":"product_cat-comad","8":"product_cat-countertops-comad","10":"first","11":"instock","12":"purchasable","13":"product-type-simple"},"_links":{"self":[{"href":"https:\/\/baldumarket.lt\/lt\/wp-json\/wp\/v2\/product\/243051","targetHints":{"allow":["GET"]}}],"collection":[{"href":"https:\/\/baldumarket.lt\/lt\/wp-json\/wp\/v2\/product"}],"about":[{"href":"https:\/\/baldumarket.lt\/lt\/wp-json\/wp\/v2\/types\/product"}],"replies":[{"embeddable":true,"href":"https:\/\/baldumarket.lt\/lt\/wp-json\/wp\/v2\/comments?post=243051"}],"wp:featuredmedia":[{"embeddable":true,"href":"https:\/\/baldumarket.lt\/lt\/wp-json\/wp\/v2\/media\/243052"}],"wp:attachment":[{"href":"https:\/\/baldumarket.lt\/lt\/wp-json\/wp\/v2\/media?parent=243051"}],"wp:term":[{"taxonomy":"product_brand","embeddable":true,"href":"https:\/\/baldumarket.lt\/lt\/wp-json\/wp\/v2\/product_brand?post=243051"},{"taxonomy":"product_cat","embeddable":true,"href":"https:\/\/baldumarket.lt\/lt\/wp-json\/wp\/v2\/product_cat?post=243051"},{"taxonomy":"product_tag","embeddable":true,"href":"https:\/\/baldumarket.lt\/lt\/wp-json\/wp\/v2\/product_tag?post=243051"}],"curies":[{"name":"wp","href":"https:\/\/api.w.org\/{rel}","templated":true}]}}