{"id":242967,"date":"2026-01-02T22:54:59","date_gmt":"2026-01-02T19:54:59","guid":{"rendered":"https:\/\/baldumarket.lt\/product\/madera-artisan-891-blat-80-cm\/"},"modified":"2026-02-11T18:33:54","modified_gmt":"2026-02-11T15:33:54","slug":"madera-artisan-891-blat-80-cm","status":"publish","type":"product","link":"https:\/\/baldumarket.lt\/lt\/product\/madera-artisan-891-blat-80-cm\/","title":{"rendered":"Madera Artisan 891 \u2013 Vir\u0161utin\u0117 dalis 80 cm"},"content":{"rendered":"","protected":false},"excerpt":{"rendered":"<p>Auk\u0161tis (cm): 2,5<br \/>\nPlotis (cm): 80,4<br \/>\nGylis (cm): 48<\/p>","protected":false},"featured_media":242968,"comment_status":"open","ping_status":"open","template":"","meta":[],"product_brand":[],"product_cat":[9117,2015,9184],"product_tag":[],"class_list":{"0":"post-242967","1":"product","2":"type-product","3":"status-publish","4":"has-post-thumbnail","6":"product_cat-bathroom","7":"product_cat-comad","8":"product_cat-countertops-comad","10":"first","11":"instock","12":"purchasable","13":"product-type-simple"},"_links":{"self":[{"href":"https:\/\/baldumarket.lt\/lt\/wp-json\/wp\/v2\/product\/242967","targetHints":{"allow":["GET"]}}],"collection":[{"href":"https:\/\/baldumarket.lt\/lt\/wp-json\/wp\/v2\/product"}],"about":[{"href":"https:\/\/baldumarket.lt\/lt\/wp-json\/wp\/v2\/types\/product"}],"replies":[{"embeddable":true,"href":"https:\/\/baldumarket.lt\/lt\/wp-json\/wp\/v2\/comments?post=242967"}],"wp:featuredmedia":[{"embeddable":true,"href":"https:\/\/baldumarket.lt\/lt\/wp-json\/wp\/v2\/media\/242968"}],"wp:attachment":[{"href":"https:\/\/baldumarket.lt\/lt\/wp-json\/wp\/v2\/media?parent=242967"}],"wp:term":[{"taxonomy":"product_brand","embeddable":true,"href":"https:\/\/baldumarket.lt\/lt\/wp-json\/wp\/v2\/product_brand?post=242967"},{"taxonomy":"product_cat","embeddable":true,"href":"https:\/\/baldumarket.lt\/lt\/wp-json\/wp\/v2\/product_cat?post=242967"},{"taxonomy":"product_tag","embeddable":true,"href":"https:\/\/baldumarket.lt\/lt\/wp-json\/wp\/v2\/product_tag?post=242967"}],"curies":[{"name":"wp","href":"https:\/\/api.w.org\/{rel}","templated":true}]}}