{"id":242963,"date":"2026-01-02T22:54:57","date_gmt":"2026-01-02T19:54:57","guid":{"rendered":"https:\/\/baldumarket.lt\/product\/madera-880-nogi-20-x-28-cm\/"},"modified":"2026-02-11T18:33:54","modified_gmt":"2026-02-11T15:33:54","slug":"madera-880-nogi-20-x-28-cm","status":"publish","type":"product","link":"https:\/\/baldumarket.lt\/lt\/product\/madera-880-nogi-20-x-28-cm\/","title":{"rendered":"Madera 880 \u2013 Kojel\u0117s 20 x 28 cm"},"content":{"rendered":"<p>\u201eMadera Grey\u201c kolekcija si\u016blo funkcionalius vonios kambario baldus, kuriuose derinamas grafitas ir med\u017eio imitacijos apdaila, suteikiantys bet kokiam interjerui modernumo. Baldams b\u016bdingi lyg\u016bs fasadai su grioveliais, sukurian\u010diais paprast\u0105 r\u0117m\u0105, ir metalin\u0117s ranken\u0117l\u0117s. Kolekcijoje yra \u012fvairi\u0173 dyd\u017ei\u0173 praustuv\u0173 spinteli\u0173 su \u012fmontuota kriaukle arba stalvir\u0161iu su \u012fmontuota kriaukle. Serijoje taip pat yra auk\u0161t\u0173 spinteli\u0173: dviduri\u0173 ir su veidrod\u017eiu, taip pat veidrodini\u0173 spinteli\u0173, kuri\u0173 dyd\u017eiai atitinka praustuv\u0173 spinteles. Durys ir stal\u010diai apr\u016bpinti \u0161velnaus u\u017edarymo sistema. \u201eMadera Grey\u201c vonios kambario bald\u0173 kolekcija pasi\u017eymi unikaliu dizainu ir puikiai deran\u010diomis spalvomis.<\/p>","protected":false},"excerpt":{"rendered":"<p>\u016agis (cm): 20,2<br \/>\nPlotis (cm): 1,5<br \/>\nGylis (cm): 28<\/p>","protected":false},"featured_media":242964,"comment_status":"open","ping_status":"open","template":"","meta":[],"product_brand":[],"product_cat":[9117,2015,9188],"product_tag":[],"class_list":{"0":"post-242963","1":"product","2":"type-product","3":"status-publish","4":"has-post-thumbnail","6":"product_cat-bathroom","7":"product_cat-comad","8":"product_cat-akcesoria-comad","10":"first","11":"instock","12":"purchasable","13":"product-type-simple"},"_links":{"self":[{"href":"https:\/\/baldumarket.lt\/lt\/wp-json\/wp\/v2\/product\/242963","targetHints":{"allow":["GET"]}}],"collection":[{"href":"https:\/\/baldumarket.lt\/lt\/wp-json\/wp\/v2\/product"}],"about":[{"href":"https:\/\/baldumarket.lt\/lt\/wp-json\/wp\/v2\/types\/product"}],"replies":[{"embeddable":true,"href":"https:\/\/baldumarket.lt\/lt\/wp-json\/wp\/v2\/comments?post=242963"}],"wp:featuredmedia":[{"embeddable":true,"href":"https:\/\/baldumarket.lt\/lt\/wp-json\/wp\/v2\/media\/242964"}],"wp:attachment":[{"href":"https:\/\/baldumarket.lt\/lt\/wp-json\/wp\/v2\/media?parent=242963"}],"wp:term":[{"taxonomy":"product_brand","embeddable":true,"href":"https:\/\/baldumarket.lt\/lt\/wp-json\/wp\/v2\/product_brand?post=242963"},{"taxonomy":"product_cat","embeddable":true,"href":"https:\/\/baldumarket.lt\/lt\/wp-json\/wp\/v2\/product_cat?post=242963"},{"taxonomy":"product_tag","embeddable":true,"href":"https:\/\/baldumarket.lt\/lt\/wp-json\/wp\/v2\/product_tag?post=242963"}],"curies":[{"name":"wp","href":"https:\/\/api.w.org\/{rel}","templated":true}]}}