{"id":242937,"date":"2026-01-02T22:54:45","date_gmt":"2026-01-02T19:54:45","guid":{"rendered":"https:\/\/baldumarket.lt\/product\/lustro-w-ozdobnej-ramie-60-cm-palace-andersen\/"},"modified":"2026-02-11T18:33:54","modified_gmt":"2026-02-11T15:33:54","slug":"lustro-w-ozdobnej-ramie-60-cm-palace-andersen","status":"publish","type":"product","link":"https:\/\/baldumarket.lt\/lt\/product\/lustro-w-ozdobnej-ramie-60-cm-palace-andersen\/","title":{"rendered":"Veidrodis dekoratyviniame r\u0117melyje 60 cm Palace Andersen"},"content":{"rendered":"<p>\u201ePalace White\u201c kolekcijoje \u2013 tai gra\u017eaus dizaino ir auk\u0161\u010diausios kokyb\u0117s meistri\u0161kumo vonios kambario baldai. Stilingi balti r\u0117mai ir fasadai suteiks bet kokiam interjerui unikalumo, o subtilios metalin\u0117s ranken\u0117l\u0117s \u2013 eleganti\u0161k\u0105 dekoratyvin\u012f element\u0105 ir u\u017etikrins komfort\u0105. Komplekt\u0105 sudaro auk\u0161ta apatin\u0117 spintel\u0117 su lentynomis ir vienu stal\u010diumi bei dvi ma\u017eesn\u0117s spintel\u0117s \u2013 viena apatin\u0117 spintel\u0117 ir viena prie sienos montuojama spintel\u0117. Kolekcijoje taip pat yra spinteli\u0173, prie kuri\u0173 galima priderinti 60 ir 80 cm plo\u010dio praustuvus. Be spinteli\u0173, pasi\u016blyme taip pat yra du eleganti\u0161ki veidrod\u017eiai. \u201ePalace White\u201c kolekcijos baldai puikiai papildys interjer\u0105, dekoruot\u0105 tikru meistri\u0161kumu ir skoniu.<\/p>","protected":false},"excerpt":{"rendered":"<p>Plotis (cm): 65<br \/>\n\u016agis (cm): 76<br \/>\nGylis (cm): 11<\/p>","protected":false},"featured_media":242938,"comment_status":"open","ping_status":"open","template":"","meta":[],"product_brand":[],"product_cat":[9117,2015,9188],"product_tag":[],"class_list":{"0":"post-242937","1":"product","2":"type-product","3":"status-publish","4":"has-post-thumbnail","6":"product_cat-bathroom","7":"product_cat-comad","8":"product_cat-akcesoria-comad","10":"first","11":"instock","12":"purchasable","13":"product-type-simple"},"_links":{"self":[{"href":"https:\/\/baldumarket.lt\/lt\/wp-json\/wp\/v2\/product\/242937","targetHints":{"allow":["GET"]}}],"collection":[{"href":"https:\/\/baldumarket.lt\/lt\/wp-json\/wp\/v2\/product"}],"about":[{"href":"https:\/\/baldumarket.lt\/lt\/wp-json\/wp\/v2\/types\/product"}],"replies":[{"embeddable":true,"href":"https:\/\/baldumarket.lt\/lt\/wp-json\/wp\/v2\/comments?post=242937"}],"wp:featuredmedia":[{"embeddable":true,"href":"https:\/\/baldumarket.lt\/lt\/wp-json\/wp\/v2\/media\/242938"}],"wp:attachment":[{"href":"https:\/\/baldumarket.lt\/lt\/wp-json\/wp\/v2\/media?parent=242937"}],"wp:term":[{"taxonomy":"product_brand","embeddable":true,"href":"https:\/\/baldumarket.lt\/lt\/wp-json\/wp\/v2\/product_brand?post=242937"},{"taxonomy":"product_cat","embeddable":true,"href":"https:\/\/baldumarket.lt\/lt\/wp-json\/wp\/v2\/product_cat?post=242937"},{"taxonomy":"product_tag","embeddable":true,"href":"https:\/\/baldumarket.lt\/lt\/wp-json\/wp\/v2\/product_tag?post=242937"}],"curies":[{"name":"wp","href":"https:\/\/api.w.org\/{rel}","templated":true}]}}