{"id":242934,"date":"2026-01-02T22:54:44","date_gmt":"2026-01-02T19:54:44","guid":{"rendered":"https:\/\/baldumarket.lt\/product\/lustro-w-drewnianej-ramie-royal\/"},"modified":"2026-02-11T18:33:54","modified_gmt":"2026-02-11T15:33:54","slug":"lustro-w-drewnianej-ramie-royal","status":"publish","type":"product","link":"https:\/\/baldumarket.lt\/lt\/product\/lustro-w-drewnianej-ramie-royal\/","title":{"rendered":"Veidrodis mediniame r\u0117me \u201eRoyal\u201c"},"content":{"rendered":"<p>Stilingi vonios kambario baldai i\u0161 \u201eRoyal\u201c kolekcijos pabr\u0117\u0161 klasikin\u012f bet kokio interjero charakter\u012f. Subtilus spinteli\u0173 atspalvis, subtil\u016bs papuo\u0161imai ma\u017e\u0173 metalini\u0173 ranken\u0117li\u0173 pavidalu ir skoningi grioveliai suteiks elegancijos ir rafinuotumo bet kokiam interjerui. Komplekt\u0105 sudaro spintel\u0117 su dviem kriaukl\u0117mis (pasirinktinai). Kolekcijoje taip pat yra dvi auk\u0161tos spintel\u0117s. Viena turi stiklines duris ir du stal\u010dius, o kita \u2013 ilgas duris su veidrodiniu pavir\u0161iumi. Veidrodis su paprastu r\u0117mu, tokiu pa\u010diu stiliumi, dar labiau suderins interjer\u0105. \u201eRoyal\u201c kolekcijos baldai pagaminti i\u0161 med\u017eio, tod\u0117l yra patvar\u016bs ir nesenstantys.<\/p>","protected":false},"excerpt":{"rendered":"<p>\u016agis (cm): 70<br \/>\nGylis (cm): 2<\/p>","protected":false},"featured_media":242935,"comment_status":"open","ping_status":"open","template":"","meta":[],"product_brand":[],"product_cat":[9117,2015,9188],"product_tag":[],"class_list":{"0":"post-242934","1":"product","2":"type-product","3":"status-publish","4":"has-post-thumbnail","6":"product_cat-bathroom","7":"product_cat-comad","8":"product_cat-akcesoria-comad","10":"first","11":"instock","12":"purchasable","13":"product-type-simple"},"_links":{"self":[{"href":"https:\/\/baldumarket.lt\/lt\/wp-json\/wp\/v2\/product\/242934","targetHints":{"allow":["GET"]}}],"collection":[{"href":"https:\/\/baldumarket.lt\/lt\/wp-json\/wp\/v2\/product"}],"about":[{"href":"https:\/\/baldumarket.lt\/lt\/wp-json\/wp\/v2\/types\/product"}],"replies":[{"embeddable":true,"href":"https:\/\/baldumarket.lt\/lt\/wp-json\/wp\/v2\/comments?post=242934"}],"wp:featuredmedia":[{"embeddable":true,"href":"https:\/\/baldumarket.lt\/lt\/wp-json\/wp\/v2\/media\/242935"}],"wp:attachment":[{"href":"https:\/\/baldumarket.lt\/lt\/wp-json\/wp\/v2\/media?parent=242934"}],"wp:term":[{"taxonomy":"product_brand","embeddable":true,"href":"https:\/\/baldumarket.lt\/lt\/wp-json\/wp\/v2\/product_brand?post=242934"},{"taxonomy":"product_cat","embeddable":true,"href":"https:\/\/baldumarket.lt\/lt\/wp-json\/wp\/v2\/product_cat?post=242934"},{"taxonomy":"product_tag","embeddable":true,"href":"https:\/\/baldumarket.lt\/lt\/wp-json\/wp\/v2\/product_tag?post=242934"}],"curies":[{"name":"wp","href":"https:\/\/api.w.org\/{rel}","templated":true}]}}