{"id":242885,"date":"2026-01-02T22:54:23","date_gmt":"2026-01-02T19:54:23","guid":{"rendered":"https:\/\/baldumarket.lt\/product\/lustro-lazienkowe-80-cm-classic-oak\/"},"modified":"2026-02-11T18:33:56","modified_gmt":"2026-02-11T15:33:56","slug":"lustro-lazienkowe-80-cm-classic-oak","status":"publish","type":"product","link":"https:\/\/baldumarket.lt\/lt\/product\/lustro-lazienkowe-80-cm-classic-oak\/","title":{"rendered":"Vonios veidrodis 80 cm, klasikinis \u0105\u017euolas"},"content":{"rendered":"<p>Nepriekai\u0161tingai suprojektuoti ir stulbinantys savo paprastumu, \u201eClassic Oak\u201c kolekcijos baldai yra puikus sprendimas interjerui, kuris ne tik \u017eavi gro\u017eiu, bet ir sukuria rami\u0105 atmosfer\u0105. J\u0173 nesud\u0117tingas dizainas pavers bet kur\u012f kambar\u012f puikia vieta atsipalaiduoti ir atsigauti. Kolekcij\u0105 sudaro auk\u0161ta spintel\u0117, \u017eema spintel\u0117 ir viena vir\u0161utin\u0117 spintel\u0117 su lentynomis. Be to, serijoje yra dvi praustuvo spintel\u0117s, kurias galite pasirinkti, priklausomai nuo j\u016bs\u0173 vonios kambario dyd\u017eio. Be pa\u010di\u0173 bald\u0173, pasi\u016blyme taip pat yra du veidrod\u017eiai, kurie papildys bet kok\u012f interjer\u0105. Nuo \u201eClassic Oak\u201c kolekcijos \u0161ie baldai i\u0161siskiria lygiomis fasadais ir nat\u016bralia i\u0161vaizda.<\/p>","protected":false},"excerpt":{"rendered":"<p>Plotis (cm): 80<br \/>\n\u016agis (cm): 80<br \/>\nGylis (cm): 2<\/p>","protected":false},"featured_media":242886,"comment_status":"open","ping_status":"open","template":"","meta":[],"product_brand":[],"product_cat":[9117,2015,9188],"product_tag":[],"class_list":{"0":"post-242885","1":"product","2":"type-product","3":"status-publish","4":"has-post-thumbnail","6":"product_cat-bathroom","7":"product_cat-comad","8":"product_cat-akcesoria-comad","10":"first","11":"instock","12":"purchasable","13":"product-type-simple"},"_links":{"self":[{"href":"https:\/\/baldumarket.lt\/lt\/wp-json\/wp\/v2\/product\/242885","targetHints":{"allow":["GET"]}}],"collection":[{"href":"https:\/\/baldumarket.lt\/lt\/wp-json\/wp\/v2\/product"}],"about":[{"href":"https:\/\/baldumarket.lt\/lt\/wp-json\/wp\/v2\/types\/product"}],"replies":[{"embeddable":true,"href":"https:\/\/baldumarket.lt\/lt\/wp-json\/wp\/v2\/comments?post=242885"}],"wp:featuredmedia":[{"embeddable":true,"href":"https:\/\/baldumarket.lt\/lt\/wp-json\/wp\/v2\/media\/242886"}],"wp:attachment":[{"href":"https:\/\/baldumarket.lt\/lt\/wp-json\/wp\/v2\/media?parent=242885"}],"wp:term":[{"taxonomy":"product_brand","embeddable":true,"href":"https:\/\/baldumarket.lt\/lt\/wp-json\/wp\/v2\/product_brand?post=242885"},{"taxonomy":"product_cat","embeddable":true,"href":"https:\/\/baldumarket.lt\/lt\/wp-json\/wp\/v2\/product_cat?post=242885"},{"taxonomy":"product_tag","embeddable":true,"href":"https:\/\/baldumarket.lt\/lt\/wp-json\/wp\/v2\/product_tag?post=242885"}],"curies":[{"name":"wp","href":"https:\/\/api.w.org\/{rel}","templated":true}]}}