{"id":242830,"date":"2026-01-02T22:54:00","date_gmt":"2026-01-02T19:54:00","guid":{"rendered":"https:\/\/baldumarket.lt\/product\/lustro-alice-80-cm-z-led\/"},"modified":"2026-02-11T18:33:57","modified_gmt":"2026-02-11T15:33:57","slug":"lustro-alice-80-cm-z-led","status":"publish","type":"product","link":"https:\/\/baldumarket.lt\/lt\/product\/lustro-alice-80-cm-z-led\/","title":{"rendered":"Alice veidrodis 80 cm su LED lempa"},"content":{"rendered":"<p>\u201eBorneo\u201c kolekcija \u2013 tai modern\u016bs ir funkcional\u016bs vonios kambario baldai, kuriuose puikiai dera tamsiai pilki r\u0117mai su med\u017eio imitacijos akcentais. Kolekcijoje yra keturi\u0173 dyd\u017ei\u0173 praustuv\u0173 spintel\u0117s. Serijoje taip pat yra auk\u0161ta spintel\u0117, \u017eema spintel\u0117 su skalbini\u0173 krep\u0161iu ir veidrodin\u0117s spintel\u0117s, kuri\u0173 dyd\u017eiai atitinka praustuv\u0173 spinteles. Durys ir stal\u010diai turi \u0161velnaus u\u017edarymo sistem\u0105 ir medines rankenas.<\/p>","protected":false},"excerpt":{"rendered":"<p>\u016agis (cm): 83<br \/>\nPlotis (cm): 68<br \/>\nGylis (cm): 3<\/p>","protected":false},"featured_media":242831,"comment_status":"open","ping_status":"open","template":"","meta":[],"product_brand":[],"product_cat":[9117,2015,9188],"product_tag":[],"class_list":{"0":"post-242830","1":"product","2":"type-product","3":"status-publish","4":"has-post-thumbnail","6":"product_cat-bathroom","7":"product_cat-comad","8":"product_cat-akcesoria-comad","10":"first","11":"instock","12":"purchasable","13":"product-type-simple"},"_links":{"self":[{"href":"https:\/\/baldumarket.lt\/lt\/wp-json\/wp\/v2\/product\/242830","targetHints":{"allow":["GET"]}}],"collection":[{"href":"https:\/\/baldumarket.lt\/lt\/wp-json\/wp\/v2\/product"}],"about":[{"href":"https:\/\/baldumarket.lt\/lt\/wp-json\/wp\/v2\/types\/product"}],"replies":[{"embeddable":true,"href":"https:\/\/baldumarket.lt\/lt\/wp-json\/wp\/v2\/comments?post=242830"}],"wp:featuredmedia":[{"embeddable":true,"href":"https:\/\/baldumarket.lt\/lt\/wp-json\/wp\/v2\/media\/242831"}],"wp:attachment":[{"href":"https:\/\/baldumarket.lt\/lt\/wp-json\/wp\/v2\/media?parent=242830"}],"wp:term":[{"taxonomy":"product_brand","embeddable":true,"href":"https:\/\/baldumarket.lt\/lt\/wp-json\/wp\/v2\/product_brand?post=242830"},{"taxonomy":"product_cat","embeddable":true,"href":"https:\/\/baldumarket.lt\/lt\/wp-json\/wp\/v2\/product_cat?post=242830"},{"taxonomy":"product_tag","embeddable":true,"href":"https:\/\/baldumarket.lt\/lt\/wp-json\/wp\/v2\/product_tag?post=242830"}],"curies":[{"name":"wp","href":"https:\/\/api.w.org\/{rel}","templated":true}]}}